{"id":23608,"date":"2025-02-06T18:42:29","date_gmt":"2025-02-06T15:42:29","guid":{"rendered":"https:\/\/kutluyayinevi.com\/magaza\/?post_type=product&#038;p=23608"},"modified":"2026-02-20T16:35:34","modified_gmt":"2026-02-20T13:35:34","slug":"network-marketing-saadet-zinciri-degildir-a-caner-erkan","status":"publish","type":"product","link":"https:\/\/kutluyayinevi.com\/magaza\/urun\/network-marketing-saadet-zinciri-degildir-a-caner-erkan\/","title":{"rendered":"Network Marketing Saadet Zinciri De\u011fildir &#8211; A. Caner Erkan"},"content":{"rendered":"<p>Bu kitap, network marketing d\u00fcnyas\u0131nda sa\u011flam temeller atmak, do\u011fru stratejilerle ilerlemek ve ba\u015far\u0131ya ula\u015fmak isteyen herkes i\u00e7in rehber niteli\u011finde. Sekt\u00f6rdeki y\u0131llar\u0131n deneyiminden dam\u0131t\u0131lm\u0131\u015f bilgilerle dolu bu kitap sayesinde:<\/p>\n<p>&#8211; Kendi i\u015finizi kurman\u0131n p\u00fcf noktalar\u0131n\u0131 \u00f6\u011freneceksiniz.- Etkili ileti\u015fim teknikleri ile m\u00fc\u015fteri ve ekip a\u011f\u0131n\u0131z\u0131 geni\u015fleteceksiniz.<\/p>\n<p>&#8211; Motivasyonunuzu y\u00fcksek tutmay\u0131 ve zorluklarla ba\u015fa \u00e7\u0131kmay\u0131 ke\u015ffedeceksiniz.<\/p>\n<p>&#8211; Ba\u015far\u0131l\u0131 bir lider olman\u0131n yollar\u0131n\u0131 \u00f6\u011frenecek, ekibinizi nas\u0131l g\u00fc\u00e7lendirece\u011finizi anlayacaks\u0131n\u0131z.<\/p>\n<p>\u201cNetwork Marketing &#8216;de milyonerlerin  ba\u015far\u0131 s\u0131rr\u0131 nedir? diye d\u00fc\u015f\u00fcnd\u00fc\u011f\u00fcmde, Network Marketing kamplar\u0131nda  milyonerlerin hep kilit bilgilerin duydum ve ajandama not ald\u0131m. Bu kitap sizin lideriniz ve ekibinizi yeti\u015ftirmenize yard\u0131mc\u0131 olacak tecr\u00fcbelerimiz  ile doldu. \u00dclkemizi yanl\u0131\u015f d\u00fc\u015f\u00fcncelerden kurtarmam\u0131z gerekiyor.<\/p>\n<p>\u0130ster yeni ba\u015fl\u0131yor olun, ister sekt\u00f6rde deneyimli bir profesyonel, bu kitap sizin i\u00e7in de\u011ferli bir kaynak olacak. Hedeflerinizi ger\u00e7ekle\u015ftirmek, kariyerinizi bir \u00fcst seviyeye ta\u015f\u0131mak ve hayat\u0131n\u0131z\u0131 d\u00f6n\u00fc\u015ft\u00fcrmek i\u00e7in bu yolculu\u011fa \u00e7\u0131kmaya haz\u0131r m\u0131s\u0131n\u0131z?<\/p>\n<p>Hayallerinizi ger\u00e7e\u011fe d\u00f6n\u00fc\u015ft\u00fcrmek sizin elinizde. \u015eimdi harekete ge\u00e7me zaman\u0131!<\/p>\n","protected":false},"excerpt":{"rendered":"<p>Bu kitap, network marketing d\u00fcnyas\u0131nda sa\u011flam temeller atmak, do\u011fru stratejilerle ilerlemek ve ba\u015far\u0131ya ula\u015fmak isteyen herkes i\u00e7in rehber niteli\u011finde. Sekt\u00f6rdeki y\u0131llar\u0131n deneyiminden dam\u0131t\u0131lm\u0131\u015f bilgilerle dolu bu kitap sayesinde: &#8211; Kendi i\u015finizi kurman\u0131n p\u00fcf noktalar\u0131n\u0131 \u00f6\u011freneceksiniz.- Etkili ileti\u015fim teknikleri ile m\u00fc\u015fteri ve ekip a\u011f\u0131n\u0131z\u0131 geni\u015fleteceksiniz. &#8211; Motivasyonunuzu y\u00fcksek tutmay\u0131 ve zorluklarla ba\u015fa \u00e7\u0131kmay\u0131 ke\u015ffedeceksiniz. &#8211; Ba\u015far\u0131l\u0131 [&hellip;]<\/p>\n","protected":false},"featured_media":23609,"comment_status":"closed","ping_status":"closed","template":"","meta":[],"product_brand":[],"product_cat":[111],"product_tag":[],"class_list":{"0":"post-23608","1":"product","2":"type-product","3":"status-publish","4":"has-post-thumbnail","6":"product_cat-ekonomi","8":"first","9":"instock","10":"sale","11":"shipping-taxable","12":"purchasable","13":"product-type-simple"},"_links":{"self":[{"href":"https:\/\/kutluyayinevi.com\/magaza\/wp-json\/wp\/v2\/product\/23608","targetHints":{"allow":["GET"]}}],"collection":[{"href":"https:\/\/kutluyayinevi.com\/magaza\/wp-json\/wp\/v2\/product"}],"about":[{"href":"https:\/\/kutluyayinevi.com\/magaza\/wp-json\/wp\/v2\/types\/product"}],"replies":[{"embeddable":true,"href":"https:\/\/kutluyayinevi.com\/magaza\/wp-json\/wp\/v2\/comments?post=23608"}],"wp:featuredmedia":[{"embeddable":true,"href":"https:\/\/kutluyayinevi.com\/magaza\/wp-json\/wp\/v2\/media\/23609"}],"wp:attachment":[{"href":"https:\/\/kutluyayinevi.com\/magaza\/wp-json\/wp\/v2\/media?parent=23608"}],"wp:term":[{"taxonomy":"product_brand","embeddable":true,"href":"https:\/\/kutluyayinevi.com\/magaza\/wp-json\/wp\/v2\/product_brand?post=23608"},{"taxonomy":"product_cat","embeddable":true,"href":"https:\/\/kutluyayinevi.com\/magaza\/wp-json\/wp\/v2\/product_cat?post=23608"},{"taxonomy":"product_tag","embeddable":true,"href":"https:\/\/kutluyayinevi.com\/magaza\/wp-json\/wp\/v2\/product_tag?post=23608"}],"curies":[{"name":"wp","href":"https:\/\/api.w.org\/{rel}","templated":true}]}}