{"id":23610,"date":"2025-02-06T18:48:50","date_gmt":"2025-02-06T15:48:50","guid":{"rendered":"https:\/\/kutluyayinevi.com\/magaza\/?post_type=product&#038;p=23610"},"modified":"2026-02-20T12:54:17","modified_gmt":"2026-02-20T09:54:17","slug":"kulturel-antropoloji-geleneksel-cocuk-oyunlari-malatya-ibrahim-halil-acikdas","status":"publish","type":"product","link":"https:\/\/kutluyayinevi.com\/magaza\/urun\/kulturel-antropoloji-geleneksel-cocuk-oyunlari-malatya-ibrahim-halil-acikdas\/","title":{"rendered":"K\u00fclt\u00fcrel Antropoloji Geleneksel \u00c7ocuk Oyunlar\u0131 (Malatya) &#8211; \u0130brahim Halil A\u00e7\u0131kda\u015f"},"content":{"rendered":"<p>S\u00f6zl\u00fc k\u00fclt\u00fcr \u00fcr\u00fcnlerinden olan \u00e7ocuk oyunlar\u0131, ait olduklar\u0131 k\u00fclt\u00fcr\u00fcn ge\u00e7mi\u015finden bu g\u00fcn\u00fcne gelen, bu g\u00fcn\u00fcnden de gelece\u011fe aktar\u0131lacak en de\u011ferli k\u00fclt\u00fcr par\u00e7alar\u0131ndand\u0131r.<\/p>\n<p>\u00c7al\u0131\u015fman\u0131n amac\u0131, \u00fclkemizin do\u011fu ve g\u00fcneydo\u011fu b\u00f6lgelerinde oynanan geleneksel \u00e7ocuk oyunlar\u0131n\u0131 gelece\u011fe aktarmak, b\u00f6ylece bu \u00fcr\u00fcnlerin kaybolup gitmesine engel olmakt\u0131r. Ayr\u0131ca bu oyunlar\u0131n, \u00e7ocuk geli\u015fimine etkisi \u00fczerinde durmakt\u0131r.<\/p>\n<p>\u00c7al\u0131\u015fma i\u00e7in saha ara\u015ft\u0131rmas\u0131, yaz\u0131l\u0131 kaynaklardan yararlanma, g\u00f6zlem, g\u00f6r\u00fc\u015fme yoluyla derleme yap\u0131lm\u0131\u015f,  \u00c7al\u0131\u015fmada oyun kavram\u0131, \u00e7ocuk ve tespit edilen \u00e7ocuk oyunlar\u0131 hakk\u0131nda bilgiler verilmi\u015f, oyunlar alfabetik s\u0131rayla aktar\u0131lm\u0131\u015ft\u0131r.<\/p>\n<p>\u00c7ocuk oyunlar\u0131n\u0131n, \u00e7ocuk geli\u015fimindeki rol\u00fc hakk\u0131nda de\u011ferlendirmeler yap\u0131lm\u0131\u015f; oyunun \u00e7ocu\u011fun fiziksel, sosyal, k\u00fclt\u00fcrel, psikolojik, dil, zihin ve psiko-motor geli\u015fimi a\u00e7\u0131s\u0131ndan \u00f6nemli rol oynad\u0131\u011f\u0131 sonucuna var\u0131lm\u0131\u015ft\u0131r.<\/p>\n","protected":false},"excerpt":{"rendered":"<p>S\u00f6zl\u00fc k\u00fclt\u00fcr \u00fcr\u00fcnlerinden olan \u00e7ocuk oyunlar\u0131, ait olduklar\u0131 k\u00fclt\u00fcr\u00fcn ge\u00e7mi\u015finden bu g\u00fcn\u00fcne gelen, bu g\u00fcn\u00fcnden de gelece\u011fe aktar\u0131lacak en de\u011ferli k\u00fclt\u00fcr par\u00e7alar\u0131ndand\u0131r. \u00c7al\u0131\u015fman\u0131n amac\u0131, \u00fclkemizin do\u011fu ve g\u00fcneydo\u011fu b\u00f6lgelerinde oynanan geleneksel \u00e7ocuk oyunlar\u0131n\u0131 gelece\u011fe aktarmak, b\u00f6ylece bu \u00fcr\u00fcnlerin kaybolup gitmesine engel olmakt\u0131r. Ayr\u0131ca bu oyunlar\u0131n, \u00e7ocuk geli\u015fimine etkisi \u00fczerinde durmakt\u0131r. \u00c7al\u0131\u015fma i\u00e7in saha ara\u015ft\u0131rmas\u0131, yaz\u0131l\u0131 [&hellip;]<\/p>\n","protected":false},"featured_media":23611,"comment_status":"closed","ping_status":"closed","template":"","meta":[],"product_brand":[],"product_cat":[59],"product_tag":[],"class_list":{"0":"post-23610","1":"product","2":"type-product","3":"status-publish","4":"has-post-thumbnail","6":"product_cat-derleme","8":"first","9":"instock","10":"sale","11":"shipping-taxable","12":"purchasable","13":"product-type-simple"},"_links":{"self":[{"href":"https:\/\/kutluyayinevi.com\/magaza\/wp-json\/wp\/v2\/product\/23610","targetHints":{"allow":["GET"]}}],"collection":[{"href":"https:\/\/kutluyayinevi.com\/magaza\/wp-json\/wp\/v2\/product"}],"about":[{"href":"https:\/\/kutluyayinevi.com\/magaza\/wp-json\/wp\/v2\/types\/product"}],"replies":[{"embeddable":true,"href":"https:\/\/kutluyayinevi.com\/magaza\/wp-json\/wp\/v2\/comments?post=23610"}],"wp:featuredmedia":[{"embeddable":true,"href":"https:\/\/kutluyayinevi.com\/magaza\/wp-json\/wp\/v2\/media\/23611"}],"wp:attachment":[{"href":"https:\/\/kutluyayinevi.com\/magaza\/wp-json\/wp\/v2\/media?parent=23610"}],"wp:term":[{"taxonomy":"product_brand","embeddable":true,"href":"https:\/\/kutluyayinevi.com\/magaza\/wp-json\/wp\/v2\/product_brand?post=23610"},{"taxonomy":"product_cat","embeddable":true,"href":"https:\/\/kutluyayinevi.com\/magaza\/wp-json\/wp\/v2\/product_cat?post=23610"},{"taxonomy":"product_tag","embeddable":true,"href":"https:\/\/kutluyayinevi.com\/magaza\/wp-json\/wp\/v2\/product_tag?post=23610"}],"curies":[{"name":"wp","href":"https:\/\/api.w.org\/{rel}","templated":true}]}}