{"id":23615,"date":"2025-02-06T18:54:10","date_gmt":"2025-02-06T15:54:10","guid":{"rendered":"https:\/\/kutluyayinevi.com\/magaza\/?post_type=product&#038;p=23615"},"modified":"2026-02-19T13:28:44","modified_gmt":"2026-02-19T10:28:44","slug":"aydim-mehmet-dogan-fen-lisesi","status":"publish","type":"product","link":"https:\/\/kutluyayinevi.com\/magaza\/urun\/aydim-mehmet-dogan-fen-lisesi\/","title":{"rendered":"Ay&#8217;d\u0131m &#8211; Mehmet Do\u011fan Fen Lisesi"},"content":{"rendered":"<p>Bizi karanl\u0131ktan &#8220;ay&#8221;d\u0131nl\u0131\u011fa \u00e7\u0131karacak \u00f6\u011frencilerimizle kaleme ald\u0131\u011f\u0131m\u0131z bu kitapla her duygunun tad\u0131na varabileceksiniz.<\/p>\n<p>Gen\u00e7 kalemlerin ay&#8217;d\u0131\u011f\u0131 (s\u00f6yledi\u011fi) dizelerde kendinizi bulman\u0131z temennisiyle&#8230;<\/p>\n","protected":false},"excerpt":{"rendered":"<p>Bizi karanl\u0131ktan &#8220;ay&#8221;d\u0131nl\u0131\u011fa \u00e7\u0131karacak \u00f6\u011frencilerimizle kaleme ald\u0131\u011f\u0131m\u0131z bu kitapla her duygunun tad\u0131na varabileceksiniz. Gen\u00e7 kalemlerin ay&#8217;d\u0131\u011f\u0131 (s\u00f6yledi\u011fi) dizelerde kendinizi bulman\u0131z temennisiyle&#8230;<\/p>\n","protected":false},"featured_media":23616,"comment_status":"closed","ping_status":"closed","template":"","meta":[],"product_brand":[],"product_cat":[22],"product_tag":[],"class_list":{"0":"post-23615","1":"product","2":"type-product","3":"status-publish","4":"has-post-thumbnail","6":"product_cat-siir","8":"first","9":"instock","10":"sale","11":"shipping-taxable","12":"purchasable","13":"product-type-simple"},"_links":{"self":[{"href":"https:\/\/kutluyayinevi.com\/magaza\/wp-json\/wp\/v2\/product\/23615","targetHints":{"allow":["GET"]}}],"collection":[{"href":"https:\/\/kutluyayinevi.com\/magaza\/wp-json\/wp\/v2\/product"}],"about":[{"href":"https:\/\/kutluyayinevi.com\/magaza\/wp-json\/wp\/v2\/types\/product"}],"replies":[{"embeddable":true,"href":"https:\/\/kutluyayinevi.com\/magaza\/wp-json\/wp\/v2\/comments?post=23615"}],"wp:featuredmedia":[{"embeddable":true,"href":"https:\/\/kutluyayinevi.com\/magaza\/wp-json\/wp\/v2\/media\/23616"}],"wp:attachment":[{"href":"https:\/\/kutluyayinevi.com\/magaza\/wp-json\/wp\/v2\/media?parent=23615"}],"wp:term":[{"taxonomy":"product_brand","embeddable":true,"href":"https:\/\/kutluyayinevi.com\/magaza\/wp-json\/wp\/v2\/product_brand?post=23615"},{"taxonomy":"product_cat","embeddable":true,"href":"https:\/\/kutluyayinevi.com\/magaza\/wp-json\/wp\/v2\/product_cat?post=23615"},{"taxonomy":"product_tag","embeddable":true,"href":"https:\/\/kutluyayinevi.com\/magaza\/wp-json\/wp\/v2\/product_tag?post=23615"}],"curies":[{"name":"wp","href":"https:\/\/api.w.org\/{rel}","templated":true}]}}