{"id":23618,"date":"2025-02-10T16:36:56","date_gmt":"2025-02-10T13:36:56","guid":{"rendered":"https:\/\/kutluyayinevi.com\/magaza\/?post_type=product&#038;p=23618"},"modified":"2025-02-10T16:36:56","modified_gmt":"2025-02-10T13:36:56","slug":"mehmet-seydiyaroglu","status":"publish","type":"product","link":"https:\/\/kutluyayinevi.com\/magaza\/urun\/mehmet-seydiyaroglu\/","title":{"rendered":"Mehmet Seydiyaro\u011flu"},"content":{"rendered":"<p>\u015eair Mehmet Seydiyaro\u011flu<br \/>\n\u0130nsan\u0131 esas alan; dil, din, \u0131rk, cinsiyet, mezhep ve me\u015frep ayr\u0131m\u0131 yapmaks\u0131z\u0131n,<br \/>\nKarde\u015flik, sevgi ve insanl\u0131k de\u011ferlerini y\u00fccelten bir \u015fairdir.<\/p>\n<p>Bu kitapta yer alan s\u00f6zler,<br \/>\nFarkl\u0131 kimlikler aras\u0131nda ortak bir ba\u011f kurmay\u0131 ama\u00e7layarak<br \/>\nToplumsal bar\u0131\u015fa katk\u0131da bulunmay\u0131 hedefler.<\/p>\n<p>Okuyucular, \u015fairimizin dizelerindeki manevi derinli\u011fi, birlik \u00e7a\u011fr\u0131s\u0131n\u0131 ve<br \/>\n\u0130nsanlar\u0131 ayr\u0131\u015ft\u0131ran s\u0131n\u0131rlar\u0131n \u00f6tesine ge\u00e7me vurgusunu hissedeceklerdir.<br \/>\nMehmet Seydiyaro\u011flu, eserlerinde tarihsel fig\u00fcrlere, k\u00fclt\u00fcrel de\u011ferlere<br \/>\nS\u0131kl\u0131kla at\u0131fta bulunarak toplumsal dayan\u0131\u015fmay\u0131 te\u015fvik eder.<\/p>\n<p>\u015eairimizin as\u0131l mesaj\u0131, sevginin evrensel bir ba\u011f oldu\u011fu anlay\u0131\u015f\u0131n\u0131 yaymakt\u0131r.<\/p>\n<p>S\u00f6zlerinde insan\u0131n i\u00e7sel yolculu\u011funa ve manevi derinli\u011fe dair anlaml\u0131 g\u00f6ndermeler yer al\u0131r.<br \/>\nSevgi, karde\u015flik ve birlik gibi evrensel de\u011ferleri i\u015faret ederken,<br \/>\nOkuyucuyu kendi \u00f6z\u00fcne d\u00f6nmeye ve hakikati aramaya davet eder.<br \/>\nBu y\u00f6n\u00fcyle, \u015fairimizin s\u00f6zleri derin bir anlam katman\u0131na sahiptir.<\/p>\n<p>Ey Can;<br \/>\n&#8220;Bir s\u00f6z s\u00f6yle,&#8221; dedi.<br \/>\n&#8220;Karde\u015fli\u011fe dair.&#8221;<br \/>\n&#8220;Her fikir bir \u00e7i\u00e7ektir,&#8221; dedi \u015eair&#8230;<\/p>\n<p>\u2014 \u015eair Mehmet Seydiyaro\u011flu \u2014<\/p>\n","protected":false},"excerpt":{"rendered":"<p>\u015eair Mehmet Seydiyaro\u011flu \u0130nsan\u0131 esas alan; dil, din, \u0131rk, cinsiyet, mezhep ve me\u015frep ayr\u0131m\u0131 yapmaks\u0131z\u0131n, Karde\u015flik, sevgi ve insanl\u0131k de\u011ferlerini y\u00fccelten bir \u015fairdir. Bu kitapta yer alan s\u00f6zler, Farkl\u0131 kimlikler aras\u0131nda ortak bir ba\u011f kurmay\u0131 ama\u00e7layarak Toplumsal bar\u0131\u015fa katk\u0131da bulunmay\u0131 hedefler. Okuyucular, \u015fairimizin dizelerindeki manevi derinli\u011fi, birlik \u00e7a\u011fr\u0131s\u0131n\u0131 ve \u0130nsanlar\u0131 ayr\u0131\u015ft\u0131ran s\u0131n\u0131rlar\u0131n \u00f6tesine ge\u00e7me vurgusunu [&hellip;]<\/p>\n","protected":false},"featured_media":23619,"comment_status":"closed","ping_status":"closed","template":"","meta":[],"product_brand":[],"product_cat":[22],"product_tag":[],"class_list":{"0":"post-23618","1":"product","2":"type-product","3":"status-publish","4":"has-post-thumbnail","6":"product_cat-siir","8":"first","9":"instock","10":"sale","11":"shipping-taxable","12":"purchasable","13":"product-type-simple"},"_links":{"self":[{"href":"https:\/\/kutluyayinevi.com\/magaza\/wp-json\/wp\/v2\/product\/23618","targetHints":{"allow":["GET"]}}],"collection":[{"href":"https:\/\/kutluyayinevi.com\/magaza\/wp-json\/wp\/v2\/product"}],"about":[{"href":"https:\/\/kutluyayinevi.com\/magaza\/wp-json\/wp\/v2\/types\/product"}],"replies":[{"embeddable":true,"href":"https:\/\/kutluyayinevi.com\/magaza\/wp-json\/wp\/v2\/comments?post=23618"}],"wp:featuredmedia":[{"embeddable":true,"href":"https:\/\/kutluyayinevi.com\/magaza\/wp-json\/wp\/v2\/media\/23619"}],"wp:attachment":[{"href":"https:\/\/kutluyayinevi.com\/magaza\/wp-json\/wp\/v2\/media?parent=23618"}],"wp:term":[{"taxonomy":"product_brand","embeddable":true,"href":"https:\/\/kutluyayinevi.com\/magaza\/wp-json\/wp\/v2\/product_brand?post=23618"},{"taxonomy":"product_cat","embeddable":true,"href":"https:\/\/kutluyayinevi.com\/magaza\/wp-json\/wp\/v2\/product_cat?post=23618"},{"taxonomy":"product_tag","embeddable":true,"href":"https:\/\/kutluyayinevi.com\/magaza\/wp-json\/wp\/v2\/product_tag?post=23618"}],"curies":[{"name":"wp","href":"https:\/\/api.w.org\/{rel}","templated":true}]}}