{"id":23641,"date":"2025-02-21T18:31:51","date_gmt":"2025-02-21T15:31:51","guid":{"rendered":"https:\/\/kutluyayinevi.com\/magaza\/?post_type=product&#038;p=23641"},"modified":"2026-02-20T10:56:56","modified_gmt":"2026-02-20T07:56:56","slug":"hos-geldin-dunyama-eda-icalan","status":"publish","type":"product","link":"https:\/\/kutluyayinevi.com\/magaza\/urun\/hos-geldin-dunyama-eda-icalan\/","title":{"rendered":"Ho\u015f Geldin D\u00fcnyama &#8211; Eda \u0130\u00e7alan"},"content":{"rendered":"<p><span class=\"info__text\">Fark ettin mi bilmem ama dikkat et.<br \/>\n\u00c7\u00fcnk\u00fc ellerinde bir hayal tutuyorsun.<\/span><\/p>\n","protected":false},"excerpt":{"rendered":"<p>Fark ettin mi bilmem ama dikkat et. \u00c7\u00fcnk\u00fc ellerinde bir hayal tutuyorsun.<\/p>\n","protected":false},"featured_media":23642,"comment_status":"closed","ping_status":"closed","template":"","meta":[],"product_brand":[],"product_cat":[22],"product_tag":[],"class_list":{"0":"post-23641","1":"product","2":"type-product","3":"status-publish","4":"has-post-thumbnail","6":"product_cat-siir","8":"first","9":"instock","10":"sale","11":"shipping-taxable","12":"purchasable","13":"product-type-simple"},"_links":{"self":[{"href":"https:\/\/kutluyayinevi.com\/magaza\/wp-json\/wp\/v2\/product\/23641","targetHints":{"allow":["GET"]}}],"collection":[{"href":"https:\/\/kutluyayinevi.com\/magaza\/wp-json\/wp\/v2\/product"}],"about":[{"href":"https:\/\/kutluyayinevi.com\/magaza\/wp-json\/wp\/v2\/types\/product"}],"replies":[{"embeddable":true,"href":"https:\/\/kutluyayinevi.com\/magaza\/wp-json\/wp\/v2\/comments?post=23641"}],"wp:featuredmedia":[{"embeddable":true,"href":"https:\/\/kutluyayinevi.com\/magaza\/wp-json\/wp\/v2\/media\/23642"}],"wp:attachment":[{"href":"https:\/\/kutluyayinevi.com\/magaza\/wp-json\/wp\/v2\/media?parent=23641"}],"wp:term":[{"taxonomy":"product_brand","embeddable":true,"href":"https:\/\/kutluyayinevi.com\/magaza\/wp-json\/wp\/v2\/product_brand?post=23641"},{"taxonomy":"product_cat","embeddable":true,"href":"https:\/\/kutluyayinevi.com\/magaza\/wp-json\/wp\/v2\/product_cat?post=23641"},{"taxonomy":"product_tag","embeddable":true,"href":"https:\/\/kutluyayinevi.com\/magaza\/wp-json\/wp\/v2\/product_tag?post=23641"}],"curies":[{"name":"wp","href":"https:\/\/api.w.org\/{rel}","templated":true}]}}