{"id":23643,"date":"2025-02-21T18:33:18","date_gmt":"2025-02-21T15:33:18","guid":{"rendered":"https:\/\/kutluyayinevi.com\/magaza\/?post_type=product&#038;p=23643"},"modified":"2026-02-19T16:18:09","modified_gmt":"2026-02-19T13:18:09","slug":"demir-kirat-mertcan-abbasoglu","status":"publish","type":"product","link":"https:\/\/kutluyayinevi.com\/magaza\/urun\/demir-kirat-mertcan-abbasoglu\/","title":{"rendered":"Demir K\u0131rat &#8211; Mertcan Abbaso\u011flu"},"content":{"rendered":"<div class=\"css-1hp88v3\">\n<div class=\"ak-renderer-document\">\n<p data-renderer-start-pos=\"1\">Tarih, bazen kanla, bazen ihanetten \u00f6r\u00fclm\u00fc\u015f kelimelerle yaz\u0131l\u0131r. Balkanlar yanarken, Osmanl\u0131\u2019n\u0131n son direni\u015fi Manast\u0131r sokaklar\u0131nda yank\u0131lan\u0131yor. G\u00f6lgelerin aras\u0131nda f\u0131s\u0131lda\u015fan casuslar, bir suikast\u0131n kokusunu ta\u015f\u0131yan r\u00fczg\u00e2r ve dost ile d\u00fc\u015fman\u0131n birbirine kar\u0131\u015ft\u0131\u011f\u0131 puslu cepheler&#8230; Mirliva Cevdet, imparatorlu\u011fun kaderini belirleyecek bir satran\u00e7 oyununda, tek bir yanl\u0131\u015f hamlenin vatan\u0131 u\u00e7uruma s\u00fcr\u00fckleyece\u011fini biliyor.<\/p>\n<p data-renderer-start-pos=\"425\">Kimi zaman k\u0131l\u0131\u00e7, kimi zaman kalem&#8230; Ama as\u0131l sava\u015f, insan\u0131n ruhunda kopan f\u0131rt\u0131nalardad\u0131r. Hainler ad\u0131m ad\u0131m yakla\u015f\u0131yor. As\u0131l mesele; kur\u015funlardan ka\u00e7mak de\u011fil, hat\u0131rlanacak bir son yazmak.<\/p>\n<p data-renderer-start-pos=\"618\">Bu, sadece bir sava\u015f\u0131n de\u011fil, ihanetin, cesaretin ve kaybolmaya direnen bir ruhun destan\u0131. Tarih sahnesinin karanl\u0131k perdesi kapan\u0131rken, Demir K\u0131rat\u2019\u0131n son nal sesi duyuluyor.<\/p>\n<p data-renderer-start-pos=\"795\">E\u011fer tarih sadece kazananlar taraf\u0131ndan yaz\u0131l\u0131yorsa, kaybedenlerin f\u0131s\u0131lt\u0131s\u0131na kulak vermeye haz\u0131r m\u0131s\u0131n\u0131z?<\/p>\n<\/div>\n<\/div>\n","protected":false},"excerpt":{"rendered":"<p>Tarih, bazen kanla, bazen ihanetten \u00f6r\u00fclm\u00fc\u015f kelimelerle yaz\u0131l\u0131r. Balkanlar yanarken, Osmanl\u0131\u2019n\u0131n son direni\u015fi Manast\u0131r sokaklar\u0131nda yank\u0131lan\u0131yor. G\u00f6lgelerin aras\u0131nda f\u0131s\u0131lda\u015fan casuslar, bir suikast\u0131n kokusunu ta\u015f\u0131yan r\u00fczg\u00e2r ve dost ile d\u00fc\u015fman\u0131n birbirine kar\u0131\u015ft\u0131\u011f\u0131 puslu cepheler&#8230; Mirliva Cevdet, imparatorlu\u011fun kaderini belirleyecek bir satran\u00e7 oyununda, tek bir yanl\u0131\u015f hamlenin vatan\u0131 u\u00e7uruma s\u00fcr\u00fckleyece\u011fini biliyor. Kimi zaman k\u0131l\u0131\u00e7, kimi zaman kalem&#8230; [&hellip;]<\/p>\n","protected":false},"featured_media":23644,"comment_status":"closed","ping_status":"closed","template":"","meta":[],"product_brand":[],"product_cat":[24],"product_tag":[],"class_list":{"0":"post-23643","1":"product","2":"type-product","3":"status-publish","4":"has-post-thumbnail","6":"product_cat-roman","8":"first","9":"instock","10":"sale","11":"shipping-taxable","12":"purchasable","13":"product-type-simple"},"_links":{"self":[{"href":"https:\/\/kutluyayinevi.com\/magaza\/wp-json\/wp\/v2\/product\/23643","targetHints":{"allow":["GET"]}}],"collection":[{"href":"https:\/\/kutluyayinevi.com\/magaza\/wp-json\/wp\/v2\/product"}],"about":[{"href":"https:\/\/kutluyayinevi.com\/magaza\/wp-json\/wp\/v2\/types\/product"}],"replies":[{"embeddable":true,"href":"https:\/\/kutluyayinevi.com\/magaza\/wp-json\/wp\/v2\/comments?post=23643"}],"wp:featuredmedia":[{"embeddable":true,"href":"https:\/\/kutluyayinevi.com\/magaza\/wp-json\/wp\/v2\/media\/23644"}],"wp:attachment":[{"href":"https:\/\/kutluyayinevi.com\/magaza\/wp-json\/wp\/v2\/media?parent=23643"}],"wp:term":[{"taxonomy":"product_brand","embeddable":true,"href":"https:\/\/kutluyayinevi.com\/magaza\/wp-json\/wp\/v2\/product_brand?post=23643"},{"taxonomy":"product_cat","embeddable":true,"href":"https:\/\/kutluyayinevi.com\/magaza\/wp-json\/wp\/v2\/product_cat?post=23643"},{"taxonomy":"product_tag","embeddable":true,"href":"https:\/\/kutluyayinevi.com\/magaza\/wp-json\/wp\/v2\/product_tag?post=23643"}],"curies":[{"name":"wp","href":"https:\/\/api.w.org\/{rel}","templated":true}]}}