{"id":23659,"date":"2025-03-06T10:57:45","date_gmt":"2025-03-06T07:57:45","guid":{"rendered":"https:\/\/kutluyayinevi.com\/magaza\/?post_type=product&#038;p=23659"},"modified":"2026-02-20T16:33:37","modified_gmt":"2026-02-20T13:33:37","slug":"nacizane-davetliler-emirhan-kara","status":"publish","type":"product","link":"https:\/\/kutluyayinevi.com\/magaza\/urun\/nacizane-davetliler-emirhan-kara\/","title":{"rendered":"Na\u00e7izane Davetliler &#8211; Emirhan Kara"},"content":{"rendered":"<div class=\"css-1hp88v3\">\n<div class=\"ak-renderer-document\">\n<p data-renderer-start-pos=\"1\">\u201cOysa bir\u00e7ok insan, daha giderken bitirmemi\u015f midir i\u00e7inde?<\/p>\n<p data-renderer-start-pos=\"61\">S\u00f6nmemi\u015f midir a\u015fk\u0131n y\u0131llar s\u00fcren tutkulu alevi?<\/p>\n<p data-renderer-start-pos=\"111\">Ondan gitmemi\u015f midir?<\/p>\n<p data-renderer-start-pos=\"134\">Mecburiyet midir yoksa gitmek?<\/p>\n<p data-renderer-start-pos=\"166\">Pamu\u011fun ilmik ilmik oyularak boca edili\u015fine \u015fahit olmak m\u0131 laz\u0131m illa bir a\u015fktan kopmaya yoksa?<\/p>\n<p data-renderer-start-pos=\"263\">Yoksa Deniz gibi inanmak m\u0131 laz\u0131m, her ne olursa olsun bir g\u00fcn mutlaka her \u015feyin, eskisi gibi olabilece\u011fine?<\/p>\n<p data-renderer-start-pos=\"373\">Bunca d\u00fc\u015f\u00fcncelerin aras\u0131nda kaybolmu\u015ftu Deniz, belki bir umut, onu g\u00f6r\u00fcrse vazge\u00e7er diye d\u00fc\u015f\u00fcn\u00fcyordu ama nafileydi, g\u00f6remezdi.<\/p>\n<p data-renderer-start-pos=\"501\">Zira hi\u00e7 gelmeyen birisi, gidebilir miydi?<\/p>\n<p data-renderer-start-pos=\"545\">Bunca \u015fey Deniz gibi birisi, sevdi\u011finin elini bir kez dahi tutamam\u0131\u015f birisi i\u00e7inde, ge\u00e7erli miydi?\u201d<\/p>\n<p data-renderer-start-pos=\"646\">\n<p data-renderer-start-pos=\"648\">\u0130ki yak\u0131n arkada\u015f. Bir yar\u0131m a\u015fk, ge\u00e7mi\u015ften kopan bir hesapla\u015fma.<\/p>\n<p data-renderer-start-pos=\"715\">Derin ve Deniz\u2019in bu tek at\u0131ml\u0131k yolculu\u011funda, ihanet, h\u00fcsran, umut ve maziye mazi diyemeyen bir gencin, \u00e7aresiz hayk\u0131r\u0131\u015flar\u0131 var\u2026<\/p>\n<\/div>\n<\/div>\n","protected":false},"excerpt":{"rendered":"<p>\u201cOysa bir\u00e7ok insan, daha giderken bitirmemi\u015f midir i\u00e7inde? S\u00f6nmemi\u015f midir a\u015fk\u0131n y\u0131llar s\u00fcren tutkulu alevi? Ondan gitmemi\u015f midir? Mecburiyet midir yoksa gitmek? Pamu\u011fun ilmik ilmik oyularak boca edili\u015fine \u015fahit olmak m\u0131 laz\u0131m illa bir a\u015fktan kopmaya yoksa? Yoksa Deniz gibi inanmak m\u0131 laz\u0131m, her ne olursa olsun bir g\u00fcn mutlaka her \u015feyin, eskisi gibi olabilece\u011fine? [&hellip;]<\/p>\n","protected":false},"featured_media":23660,"comment_status":"closed","ping_status":"closed","template":"","meta":[],"product_brand":[],"product_cat":[23],"product_tag":[],"class_list":{"0":"post-23659","1":"product","2":"type-product","3":"status-publish","4":"has-post-thumbnail","6":"product_cat-hikaye","8":"first","9":"instock","10":"sale","11":"shipping-taxable","12":"purchasable","13":"product-type-simple"},"_links":{"self":[{"href":"https:\/\/kutluyayinevi.com\/magaza\/wp-json\/wp\/v2\/product\/23659","targetHints":{"allow":["GET"]}}],"collection":[{"href":"https:\/\/kutluyayinevi.com\/magaza\/wp-json\/wp\/v2\/product"}],"about":[{"href":"https:\/\/kutluyayinevi.com\/magaza\/wp-json\/wp\/v2\/types\/product"}],"replies":[{"embeddable":true,"href":"https:\/\/kutluyayinevi.com\/magaza\/wp-json\/wp\/v2\/comments?post=23659"}],"wp:featuredmedia":[{"embeddable":true,"href":"https:\/\/kutluyayinevi.com\/magaza\/wp-json\/wp\/v2\/media\/23660"}],"wp:attachment":[{"href":"https:\/\/kutluyayinevi.com\/magaza\/wp-json\/wp\/v2\/media?parent=23659"}],"wp:term":[{"taxonomy":"product_brand","embeddable":true,"href":"https:\/\/kutluyayinevi.com\/magaza\/wp-json\/wp\/v2\/product_brand?post=23659"},{"taxonomy":"product_cat","embeddable":true,"href":"https:\/\/kutluyayinevi.com\/magaza\/wp-json\/wp\/v2\/product_cat?post=23659"},{"taxonomy":"product_tag","embeddable":true,"href":"https:\/\/kutluyayinevi.com\/magaza\/wp-json\/wp\/v2\/product_tag?post=23659"}],"curies":[{"name":"wp","href":"https:\/\/api.w.org\/{rel}","templated":true}]}}