{"id":23661,"date":"2025-03-06T11:00:00","date_gmt":"2025-03-06T08:00:00","guid":{"rendered":"https:\/\/kutluyayinevi.com\/magaza\/?post_type=product&#038;p=23661"},"modified":"2026-02-19T12:06:26","modified_gmt":"2026-02-19T09:06:26","slug":"the-suddenly-mervenur-kahkeci","status":"publish","type":"product","link":"https:\/\/kutluyayinevi.com\/magaza\/urun\/the-suddenly-mervenur-kahkeci\/","title":{"rendered":"\u2018the suddenly\u2019 &#8211; Mervenur Kahkeci"},"content":{"rendered":"<p>Kendi emekleriyle kurdu\u011fu i\u015f ser\u00fcveninde yapt\u0131\u011f\u0131 k\u00fc\u00e7\u00fck bir ortakl\u0131kla huzuru ka\u00e7an Efendi Keon, yeni dan\u0131\u015fman\u0131 Lady ile farkl\u0131 yollar\u0131 denemek ister. Ge\u00e7mi\u015flerindeki birliktelikler, ayr\u0131l\u0131klar ve \u015fimdi onlar\u0131 bekleyen sak\u0131ncal\u0131, sanc\u0131l\u0131 durumlar i\u015f hayat\u0131na odaklanmak yerine \u00e7\u00f6z\u00fcme kavu\u015fmas\u0131 gereken baz\u0131 sorunlar yarat\u0131r. Ruh ve psikoloji aras\u0131ndaki olumlu dengeyi sa\u011flayamayan baz\u0131 ili\u015fkileri onlar\u0131 onar\u0131lmas\u0131 zor hasarlarla ba\u015f ba\u015fa b\u0131rak\u0131r. Gloria\u2019n\u0131n ya\u015fad\u0131\u011f\u0131, Strong\u2019un ise ya\u015famak \u00fczere oldu\u011fu deneyimler, zehirli bir k\u0131ska\u00e7 gibi enselerindedir. Ac\u0131l\u0131 g\u00fcnler ge\u00e7mi\u015fi de\u015fifre ederken kimse karl\u0131 \u00e7\u0131kmayacak, birbirini tetikleyen olaylar \u00e7\u0131kmazda kalmalar\u0131na sebep olacakt\u0131r. Onlar\u0131n yaln\u0131z kal\u0131\u015flar\u0131na, ac\u0131 \u00e7eki\u015flerine \u015fahitlik etmeyi, ge\u00e7mi\u015fin sat\u0131rlar\u0131yla bug\u00fcn\u00fc yorumlayan Learn\u2019e hak verip vermemeyi, sizin d\u00fcnyan\u0131za b\u0131rak\u0131yorum.<\/p>\n","protected":false},"excerpt":{"rendered":"<p>Kendi emekleriyle kurdu\u011fu i\u015f ser\u00fcveninde yapt\u0131\u011f\u0131 k\u00fc\u00e7\u00fck bir ortakl\u0131kla huzuru ka\u00e7an Efendi Keon, yeni dan\u0131\u015fman\u0131 Lady ile farkl\u0131 yollar\u0131 denemek ister. Ge\u00e7mi\u015flerindeki birliktelikler, ayr\u0131l\u0131klar ve \u015fimdi onlar\u0131 bekleyen sak\u0131ncal\u0131, sanc\u0131l\u0131 durumlar i\u015f hayat\u0131na odaklanmak yerine \u00e7\u00f6z\u00fcme kavu\u015fmas\u0131 gereken baz\u0131 sorunlar yarat\u0131r. Ruh ve psikoloji aras\u0131ndaki olumlu dengeyi sa\u011flayamayan baz\u0131 ili\u015fkileri onlar\u0131 onar\u0131lmas\u0131 zor hasarlarla ba\u015f [&hellip;]<\/p>\n","protected":false},"featured_media":23662,"comment_status":"closed","ping_status":"closed","template":"","meta":[],"product_brand":[],"product_cat":[24],"product_tag":[],"class_list":{"0":"post-23661","1":"product","2":"type-product","3":"status-publish","4":"has-post-thumbnail","6":"product_cat-roman","8":"first","9":"instock","10":"sale","11":"shipping-taxable","12":"purchasable","13":"product-type-simple"},"_links":{"self":[{"href":"https:\/\/kutluyayinevi.com\/magaza\/wp-json\/wp\/v2\/product\/23661","targetHints":{"allow":["GET"]}}],"collection":[{"href":"https:\/\/kutluyayinevi.com\/magaza\/wp-json\/wp\/v2\/product"}],"about":[{"href":"https:\/\/kutluyayinevi.com\/magaza\/wp-json\/wp\/v2\/types\/product"}],"replies":[{"embeddable":true,"href":"https:\/\/kutluyayinevi.com\/magaza\/wp-json\/wp\/v2\/comments?post=23661"}],"wp:featuredmedia":[{"embeddable":true,"href":"https:\/\/kutluyayinevi.com\/magaza\/wp-json\/wp\/v2\/media\/23662"}],"wp:attachment":[{"href":"https:\/\/kutluyayinevi.com\/magaza\/wp-json\/wp\/v2\/media?parent=23661"}],"wp:term":[{"taxonomy":"product_brand","embeddable":true,"href":"https:\/\/kutluyayinevi.com\/magaza\/wp-json\/wp\/v2\/product_brand?post=23661"},{"taxonomy":"product_cat","embeddable":true,"href":"https:\/\/kutluyayinevi.com\/magaza\/wp-json\/wp\/v2\/product_cat?post=23661"},{"taxonomy":"product_tag","embeddable":true,"href":"https:\/\/kutluyayinevi.com\/magaza\/wp-json\/wp\/v2\/product_tag?post=23661"}],"curies":[{"name":"wp","href":"https:\/\/api.w.org\/{rel}","templated":true}]}}