{"id":23663,"date":"2025-03-06T11:01:58","date_gmt":"2025-03-06T08:01:58","guid":{"rendered":"https:\/\/kutluyayinevi.com\/magaza\/?post_type=product&#038;p=23663"},"modified":"2026-02-19T14:36:03","modified_gmt":"2026-02-19T11:36:03","slug":"beni-bana-birakin-sinan-iyiis","status":"publish","type":"product","link":"https:\/\/kutluyayinevi.com\/magaza\/urun\/beni-bana-birakin-sinan-iyiis\/","title":{"rendered":"Beni Bana B\u0131rak\u0131n &#8211; Sinan \u0130yii\u015f"},"content":{"rendered":"<div class=\"css-1hp88v3\">\n<div class=\"ak-renderer-document\">\n<p data-renderer-start-pos=\"1\">Beni dertlerimle ba\u015f ba\u015fa b\u0131rak\u0131n\u2026<br \/>\nDurun art\u0131k bir yerde, durun yapmay\u0131n.<br \/>\nY\u0131k\u0131k peri\u015fan\u0131m, bir harabe gibi,<br \/>\nB\u0131rak\u0131n kals\u0131n enkaz\u0131m, kald\u0131rmay\u0131n.<\/p>\n<p data-renderer-start-pos=\"147\">Kaz\u0131n dostlar\u0131m, mezar\u0131 derin kaz\u0131n,<br \/>\nHi\u00e7 olmazsa bedenim, \u00e7ukura s\u0131\u011fs\u0131n.<br \/>\nKaskat\u0131 oldum sanki bir \u00f6l\u00fc gibi,<br \/>\nKurt, ku\u015f aman ha tekrardan \u00e7\u0131kartmas\u0131n!<\/p>\n<p data-renderer-start-pos=\"296\">S\u00f6ylenmez \u015fark\u0131lar\u0131m, \u00e7almaz hi\u00e7bir saz.<br \/>\nD\u00fcnya kimine siyah, kimine beyaz\u2026<br \/>\nAk\u0131p gidiyor hayat\u0131m, bir su gibi,<br \/>\nArt\u0131k gelmez, bana ne bahar ne de yaz.<\/p>\n<\/div>\n<\/div>\n","protected":false},"excerpt":{"rendered":"<p>Beni dertlerimle ba\u015f ba\u015fa b\u0131rak\u0131n\u2026 Durun art\u0131k bir yerde, durun yapmay\u0131n. Y\u0131k\u0131k peri\u015fan\u0131m, bir harabe gibi, B\u0131rak\u0131n kals\u0131n enkaz\u0131m, kald\u0131rmay\u0131n. Kaz\u0131n dostlar\u0131m, mezar\u0131 derin kaz\u0131n, Hi\u00e7 olmazsa bedenim, \u00e7ukura s\u0131\u011fs\u0131n. Kaskat\u0131 oldum sanki bir \u00f6l\u00fc gibi, Kurt, ku\u015f aman ha tekrardan \u00e7\u0131kartmas\u0131n! S\u00f6ylenmez \u015fark\u0131lar\u0131m, \u00e7almaz hi\u00e7bir saz. D\u00fcnya kimine siyah, kimine beyaz\u2026 Ak\u0131p gidiyor hayat\u0131m, [&hellip;]<\/p>\n","protected":false},"featured_media":23664,"comment_status":"closed","ping_status":"closed","template":"","meta":[],"product_brand":[],"product_cat":[22],"product_tag":[],"class_list":{"0":"post-23663","1":"product","2":"type-product","3":"status-publish","4":"has-post-thumbnail","6":"product_cat-siir","8":"first","9":"instock","10":"sale","11":"shipping-taxable","12":"purchasable","13":"product-type-simple"},"_links":{"self":[{"href":"https:\/\/kutluyayinevi.com\/magaza\/wp-json\/wp\/v2\/product\/23663","targetHints":{"allow":["GET"]}}],"collection":[{"href":"https:\/\/kutluyayinevi.com\/magaza\/wp-json\/wp\/v2\/product"}],"about":[{"href":"https:\/\/kutluyayinevi.com\/magaza\/wp-json\/wp\/v2\/types\/product"}],"replies":[{"embeddable":true,"href":"https:\/\/kutluyayinevi.com\/magaza\/wp-json\/wp\/v2\/comments?post=23663"}],"wp:featuredmedia":[{"embeddable":true,"href":"https:\/\/kutluyayinevi.com\/magaza\/wp-json\/wp\/v2\/media\/23664"}],"wp:attachment":[{"href":"https:\/\/kutluyayinevi.com\/magaza\/wp-json\/wp\/v2\/media?parent=23663"}],"wp:term":[{"taxonomy":"product_brand","embeddable":true,"href":"https:\/\/kutluyayinevi.com\/magaza\/wp-json\/wp\/v2\/product_brand?post=23663"},{"taxonomy":"product_cat","embeddable":true,"href":"https:\/\/kutluyayinevi.com\/magaza\/wp-json\/wp\/v2\/product_cat?post=23663"},{"taxonomy":"product_tag","embeddable":true,"href":"https:\/\/kutluyayinevi.com\/magaza\/wp-json\/wp\/v2\/product_tag?post=23663"}],"curies":[{"name":"wp","href":"https:\/\/api.w.org\/{rel}","templated":true}]}}