{"id":23675,"date":"2025-03-14T14:08:15","date_gmt":"2025-03-14T11:08:15","guid":{"rendered":"https:\/\/kutluyayinevi.com\/magaza\/?post_type=product&#038;p=23675"},"modified":"2026-02-19T12:39:00","modified_gmt":"2026-02-19T09:39:00","slug":"adalet-ve-insan-nurullah-cakmak","status":"publish","type":"product","link":"https:\/\/kutluyayinevi.com\/magaza\/urun\/adalet-ve-insan-nurullah-cakmak\/","title":{"rendered":"Adalet ve \u0130nsan &#8211; Nurullah \u00c7akmak"},"content":{"rendered":"<p data-renderer-start-pos=\"28\">Y\u00f6netimde adalet devletin dire\u011fi,<br \/>\nHayatta adalet nizam\u0131n temeli,<br \/>\nAile fertleri aras\u0131nda adalet, huzurun temeli,<br \/>\nTicarette ve muamelede adalet, itimat ve emniyetin,<br \/>\nahlak ve faziletin tek \u015fart\u0131d\u0131r.<\/p>\n<p data-renderer-start-pos=\"226\">Bilhassa istiklal ve h\u00fcrriyetin devam\u0131 adalet ile kaimdir.<br \/>\nHakk\u0131 \u00e7i\u011fnemek, zay\u0131f\u0131 ezmek isteyen zalimim kar\u015f\u0131s\u0131nda<br \/>\nadalet, karanl\u0131k gece kar\u015f\u0131s\u0131nda sabah g\u00fcne\u015fi gibidir.<\/p>\n<p data-renderer-start-pos=\"397\">En uzun \u00f6m\u00fcrl\u00fc ve en \u015ferefli millet adaleti ba\u015f tac\u0131 eden,<br \/>\nZulme ge\u00e7it vermeyen milletlerdir.<\/p>\n","protected":false},"excerpt":{"rendered":"<p>Y\u00f6netimde adalet devletin dire\u011fi, Hayatta adalet nizam\u0131n temeli, Aile fertleri aras\u0131nda adalet, huzurun temeli, Ticarette ve muamelede adalet, itimat ve emniyetin, ahlak ve faziletin tek \u015fart\u0131d\u0131r. Bilhassa istiklal ve h\u00fcrriyetin devam\u0131 adalet ile kaimdir. Hakk\u0131 \u00e7i\u011fnemek, zay\u0131f\u0131 ezmek isteyen zalimim kar\u015f\u0131s\u0131nda adalet, karanl\u0131k gece kar\u015f\u0131s\u0131nda sabah g\u00fcne\u015fi gibidir. En uzun \u00f6m\u00fcrl\u00fc ve en \u015ferefli millet [&hellip;]<\/p>\n","protected":false},"featured_media":23676,"comment_status":"closed","ping_status":"closed","template":"","meta":[],"product_brand":[],"product_cat":[28],"product_tag":[],"class_list":{"0":"post-23675","1":"product","2":"type-product","3":"status-publish","4":"has-post-thumbnail","6":"product_cat-aratirma-inceleme","8":"first","9":"instock","10":"sale","11":"shipping-taxable","12":"purchasable","13":"product-type-simple"},"_links":{"self":[{"href":"https:\/\/kutluyayinevi.com\/magaza\/wp-json\/wp\/v2\/product\/23675","targetHints":{"allow":["GET"]}}],"collection":[{"href":"https:\/\/kutluyayinevi.com\/magaza\/wp-json\/wp\/v2\/product"}],"about":[{"href":"https:\/\/kutluyayinevi.com\/magaza\/wp-json\/wp\/v2\/types\/product"}],"replies":[{"embeddable":true,"href":"https:\/\/kutluyayinevi.com\/magaza\/wp-json\/wp\/v2\/comments?post=23675"}],"wp:featuredmedia":[{"embeddable":true,"href":"https:\/\/kutluyayinevi.com\/magaza\/wp-json\/wp\/v2\/media\/23676"}],"wp:attachment":[{"href":"https:\/\/kutluyayinevi.com\/magaza\/wp-json\/wp\/v2\/media?parent=23675"}],"wp:term":[{"taxonomy":"product_brand","embeddable":true,"href":"https:\/\/kutluyayinevi.com\/magaza\/wp-json\/wp\/v2\/product_brand?post=23675"},{"taxonomy":"product_cat","embeddable":true,"href":"https:\/\/kutluyayinevi.com\/magaza\/wp-json\/wp\/v2\/product_cat?post=23675"},{"taxonomy":"product_tag","embeddable":true,"href":"https:\/\/kutluyayinevi.com\/magaza\/wp-json\/wp\/v2\/product_tag?post=23675"}],"curies":[{"name":"wp","href":"https:\/\/api.w.org\/{rel}","templated":true}]}}