{"id":23703,"date":"2025-03-26T18:27:44","date_gmt":"2025-03-26T15:27:44","guid":{"rendered":"https:\/\/kutluyayinevi.com\/magaza\/?post_type=product&#038;p=23703"},"modified":"2025-03-26T18:27:44","modified_gmt":"2025-03-26T15:27:44","slug":"macera-bizim-isimiz-irfan-ertav","status":"publish","type":"product","link":"https:\/\/kutluyayinevi.com\/magaza\/urun\/macera-bizim-isimiz-irfan-ertav\/","title":{"rendered":"Macera Bizim \u0130\u015fimiz &#8211; \u0130rfan Ertav"},"content":{"rendered":"<p>Bizden, bizim k\u00fclt\u00fcr\u00fcm\u00fczden beslenen k\u0131sa \u00f6yk\u00fclerle \u00e7ocuklar\u0131n g\u00f6n\u00fcllerinde taht kurmaya geliyoruz dedik. Ve bismillah diyerek ba\u015flad\u0131k i\u015fe. Biraz heyecan biraz maceral\u0131, biraz da duygusal yakla\u015ft\u0131k her bir kelimenin kap\u0131s\u0131na. Ve incitmeden y\u00fcrekleri b\u00fcy\u00fck bir co\u015fkuyla Hasan olduk, Ahmet, Ali Aykut olduk, Yeri geldi, \u015eevval, yeri geldi Efnan olduk. Yetmedi, Nilg\u00fcn\u2019le, Zeynep\u2019le s\u00fcsledik. Sizden olan\u0131 size sunmaya geldik. Keyifli ve e\u011flenceli olsun istedik sat\u0131rlar\u0131m\u0131z. Umar\u0131m be\u011fenirsiniz \u00e7ocuklar. \u0130yi okumalar dileriz.<\/p>\n","protected":false},"excerpt":{"rendered":"<p>Bizden, bizim k\u00fclt\u00fcr\u00fcm\u00fczden beslenen k\u0131sa \u00f6yk\u00fclerle \u00e7ocuklar\u0131n g\u00f6n\u00fcllerinde taht kurmaya geliyoruz dedik. Ve bismillah diyerek ba\u015flad\u0131k i\u015fe. Biraz heyecan biraz maceral\u0131, biraz da duygusal yakla\u015ft\u0131k her bir kelimenin kap\u0131s\u0131na. Ve incitmeden y\u00fcrekleri b\u00fcy\u00fck bir co\u015fkuyla Hasan olduk, Ahmet, Ali Aykut olduk, Yeri geldi, \u015eevval, yeri geldi Efnan olduk. Yetmedi, Nilg\u00fcn\u2019le, Zeynep\u2019le s\u00fcsledik. Sizden olan\u0131 size [&hellip;]<\/p>\n","protected":false},"featured_media":23704,"comment_status":"closed","ping_status":"closed","template":"","meta":[],"product_brand":[],"product_cat":[28],"product_tag":[],"class_list":{"0":"post-23703","1":"product","2":"type-product","3":"status-publish","4":"has-post-thumbnail","6":"product_cat-aratirma-inceleme","8":"first","9":"instock","10":"sale","11":"shipping-taxable","12":"purchasable","13":"product-type-simple"},"_links":{"self":[{"href":"https:\/\/kutluyayinevi.com\/magaza\/wp-json\/wp\/v2\/product\/23703","targetHints":{"allow":["GET"]}}],"collection":[{"href":"https:\/\/kutluyayinevi.com\/magaza\/wp-json\/wp\/v2\/product"}],"about":[{"href":"https:\/\/kutluyayinevi.com\/magaza\/wp-json\/wp\/v2\/types\/product"}],"replies":[{"embeddable":true,"href":"https:\/\/kutluyayinevi.com\/magaza\/wp-json\/wp\/v2\/comments?post=23703"}],"wp:featuredmedia":[{"embeddable":true,"href":"https:\/\/kutluyayinevi.com\/magaza\/wp-json\/wp\/v2\/media\/23704"}],"wp:attachment":[{"href":"https:\/\/kutluyayinevi.com\/magaza\/wp-json\/wp\/v2\/media?parent=23703"}],"wp:term":[{"taxonomy":"product_brand","embeddable":true,"href":"https:\/\/kutluyayinevi.com\/magaza\/wp-json\/wp\/v2\/product_brand?post=23703"},{"taxonomy":"product_cat","embeddable":true,"href":"https:\/\/kutluyayinevi.com\/magaza\/wp-json\/wp\/v2\/product_cat?post=23703"},{"taxonomy":"product_tag","embeddable":true,"href":"https:\/\/kutluyayinevi.com\/magaza\/wp-json\/wp\/v2\/product_tag?post=23703"}],"curies":[{"name":"wp","href":"https:\/\/api.w.org\/{rel}","templated":true}]}}