{"id":23705,"date":"2025-03-26T18:33:04","date_gmt":"2025-03-26T15:33:04","guid":{"rendered":"https:\/\/kutluyayinevi.com\/magaza\/?post_type=product&#038;p=23705"},"modified":"2025-03-26T18:33:04","modified_gmt":"2025-03-26T15:33:04","slug":"anafartalardan-anadoluya-irfan-ertav","status":"publish","type":"product","link":"https:\/\/kutluyayinevi.com\/magaza\/urun\/anafartalardan-anadoluya-irfan-ertav\/","title":{"rendered":"Anafartalardan Anadoluya &#8211; \u0130rfan Ertav"},"content":{"rendered":"<p>T\u00fcm mesleklerin anas\u0131d\u0131r \u00f6\u011fretmenlik. Binlerce cana dokunmak sevdas\u0131 ile \u00e7\u0131k\u0131lan kutlu bir yolun ad\u0131d\u0131r. Varl\u0131\u011f\u0131n\u0131z\u0131 k\u0131ymetli k\u0131lan bir gizemli bak\u0131\u015ft\u0131r. Zaman i\u00e7inde y\u00fcre\u011finize yap\u0131\u015f\u0131p kalacak derin izlerdir. Biz \u00f6\u011fretmenlerin kar\u015f\u0131la\u015ft\u0131\u011f\u0131 ilgin\u00e7 ve bir o kadar da duygu y\u00fckl\u00fc an\u0131lar\u0131n yer buldu\u011fu kitab\u0131m\u0131zda sizlere unutulmaz zamanlar sunuyoruz. Mesle\u011fimizin k\u00e2\u011f\u0131tlara da de\u011fil de g\u00f6n\u00fcllere yaz\u0131l\u0131 olan k\u0131sm\u0131ndan sesleniyoruz. Bir k\u0131sm\u0131m\u0131z mesle\u011fe ba\u015flad\u0131\u011f\u0131 ilk g\u00fcn ki heyecan\u0131n\u0131 payla\u015ft\u0131 baz\u0131lar\u0131m\u0131z ise hayal k\u0131r\u0131kl\u0131klar\u0131n\u0131. Ama nihayetinde hepimiz iyi ki \u00f6\u011fretmeniz, dedi\u011fimiz g\u00fczellikleri sunduk sizlere. Keyifli okumalar dileriz.<\/p>\n","protected":false},"excerpt":{"rendered":"<p>T\u00fcm mesleklerin anas\u0131d\u0131r \u00f6\u011fretmenlik. Binlerce cana dokunmak sevdas\u0131 ile \u00e7\u0131k\u0131lan kutlu bir yolun ad\u0131d\u0131r. Varl\u0131\u011f\u0131n\u0131z\u0131 k\u0131ymetli k\u0131lan bir gizemli bak\u0131\u015ft\u0131r. Zaman i\u00e7inde y\u00fcre\u011finize yap\u0131\u015f\u0131p kalacak derin izlerdir. Biz \u00f6\u011fretmenlerin kar\u015f\u0131la\u015ft\u0131\u011f\u0131 ilgin\u00e7 ve bir o kadar da duygu y\u00fckl\u00fc an\u0131lar\u0131n yer buldu\u011fu kitab\u0131m\u0131zda sizlere unutulmaz zamanlar sunuyoruz. Mesle\u011fimizin k\u00e2\u011f\u0131tlara da de\u011fil de g\u00f6n\u00fcllere yaz\u0131l\u0131 olan k\u0131sm\u0131ndan [&hellip;]<\/p>\n","protected":false},"featured_media":23706,"comment_status":"closed","ping_status":"closed","template":"","meta":[],"product_brand":[],"product_cat":[52],"product_tag":[],"class_list":{"0":"post-23705","1":"product","2":"type-product","3":"status-publish","4":"has-post-thumbnail","6":"product_cat-ani","8":"first","9":"instock","10":"sale","11":"shipping-taxable","12":"purchasable","13":"product-type-simple"},"_links":{"self":[{"href":"https:\/\/kutluyayinevi.com\/magaza\/wp-json\/wp\/v2\/product\/23705","targetHints":{"allow":["GET"]}}],"collection":[{"href":"https:\/\/kutluyayinevi.com\/magaza\/wp-json\/wp\/v2\/product"}],"about":[{"href":"https:\/\/kutluyayinevi.com\/magaza\/wp-json\/wp\/v2\/types\/product"}],"replies":[{"embeddable":true,"href":"https:\/\/kutluyayinevi.com\/magaza\/wp-json\/wp\/v2\/comments?post=23705"}],"wp:featuredmedia":[{"embeddable":true,"href":"https:\/\/kutluyayinevi.com\/magaza\/wp-json\/wp\/v2\/media\/23706"}],"wp:attachment":[{"href":"https:\/\/kutluyayinevi.com\/magaza\/wp-json\/wp\/v2\/media?parent=23705"}],"wp:term":[{"taxonomy":"product_brand","embeddable":true,"href":"https:\/\/kutluyayinevi.com\/magaza\/wp-json\/wp\/v2\/product_brand?post=23705"},{"taxonomy":"product_cat","embeddable":true,"href":"https:\/\/kutluyayinevi.com\/magaza\/wp-json\/wp\/v2\/product_cat?post=23705"},{"taxonomy":"product_tag","embeddable":true,"href":"https:\/\/kutluyayinevi.com\/magaza\/wp-json\/wp\/v2\/product_tag?post=23705"}],"curies":[{"name":"wp","href":"https:\/\/api.w.org\/{rel}","templated":true}]}}