{"id":23715,"date":"2025-04-08T14:05:32","date_gmt":"2025-04-08T11:05:32","guid":{"rendered":"https:\/\/kutluyayinevi.com\/magaza\/?post_type=product&#038;p=23715"},"modified":"2026-02-23T10:10:20","modified_gmt":"2026-02-23T07:10:20","slug":"sehir-kamil-ozdemir","status":"publish","type":"product","link":"https:\/\/kutluyayinevi.com\/magaza\/urun\/sehir-kamil-ozdemir\/","title":{"rendered":"\u015eehir &#8211; Kamil \u00d6zdemir"},"content":{"rendered":"<p>Ba\u015fka bir galaksi\u2026 M\u00fcthi\u015f bir teknoloji\u2026 Ama insan her yerde insan\u2026 Kad\u0131n her yerde kad\u0131n\u2026 Ve erkek de her yerde erkek\u2026<\/p>\n<p>Bu m\u00fckemmel imparatorlu\u011fun ve sahip oldu\u011fu gezegenlerin yok olu\u015fu tahmin edilemeyecek kadar basit diyebilece\u011fimiz ama bizim de devaml\u0131 ya\u015fad\u0131\u011f\u0131m\u0131z bir neden y\u00fcz\u00fcnden\u2026<\/p>\n<p>Ya\u015fayacaklar\u0131 tek bir gezegen bile kalmay\u0131nca y\u00fczlerce y\u0131l uzayda hayatta kalmaya \u00e7al\u0131\u015farak ya\u015fanabilir bir gezegen arad\u0131lar ve sonunda d\u00fcnyam\u0131z\u0131 buldular.<\/p>\n<p>Ama burada bizlerle kim ya\u015fayacakt\u0131!<\/p>\n","protected":false},"excerpt":{"rendered":"<p>Ba\u015fka bir galaksi\u2026 M\u00fcthi\u015f bir teknoloji\u2026 Ama insan her yerde insan\u2026 Kad\u0131n her yerde kad\u0131n\u2026 Ve erkek de her yerde erkek\u2026 Bu m\u00fckemmel imparatorlu\u011fun ve sahip oldu\u011fu gezegenlerin yok olu\u015fu tahmin edilemeyecek kadar basit diyebilece\u011fimiz ama bizim de devaml\u0131 ya\u015fad\u0131\u011f\u0131m\u0131z bir neden y\u00fcz\u00fcnden\u2026 Ya\u015fayacaklar\u0131 tek bir gezegen bile kalmay\u0131nca y\u00fczlerce y\u0131l uzayda hayatta kalmaya \u00e7al\u0131\u015farak [&hellip;]<\/p>\n","protected":false},"featured_media":23716,"comment_status":"closed","ping_status":"closed","template":"","meta":[],"product_brand":[],"product_cat":[24],"product_tag":[],"class_list":{"0":"post-23715","1":"product","2":"type-product","3":"status-publish","4":"has-post-thumbnail","6":"product_cat-roman","8":"first","9":"instock","10":"sale","11":"shipping-taxable","12":"purchasable","13":"product-type-simple"},"_links":{"self":[{"href":"https:\/\/kutluyayinevi.com\/magaza\/wp-json\/wp\/v2\/product\/23715","targetHints":{"allow":["GET"]}}],"collection":[{"href":"https:\/\/kutluyayinevi.com\/magaza\/wp-json\/wp\/v2\/product"}],"about":[{"href":"https:\/\/kutluyayinevi.com\/magaza\/wp-json\/wp\/v2\/types\/product"}],"replies":[{"embeddable":true,"href":"https:\/\/kutluyayinevi.com\/magaza\/wp-json\/wp\/v2\/comments?post=23715"}],"wp:featuredmedia":[{"embeddable":true,"href":"https:\/\/kutluyayinevi.com\/magaza\/wp-json\/wp\/v2\/media\/23716"}],"wp:attachment":[{"href":"https:\/\/kutluyayinevi.com\/magaza\/wp-json\/wp\/v2\/media?parent=23715"}],"wp:term":[{"taxonomy":"product_brand","embeddable":true,"href":"https:\/\/kutluyayinevi.com\/magaza\/wp-json\/wp\/v2\/product_brand?post=23715"},{"taxonomy":"product_cat","embeddable":true,"href":"https:\/\/kutluyayinevi.com\/magaza\/wp-json\/wp\/v2\/product_cat?post=23715"},{"taxonomy":"product_tag","embeddable":true,"href":"https:\/\/kutluyayinevi.com\/magaza\/wp-json\/wp\/v2\/product_tag?post=23715"}],"curies":[{"name":"wp","href":"https:\/\/api.w.org\/{rel}","templated":true}]}}