{"id":23717,"date":"2025-04-08T14:10:13","date_gmt":"2025-04-08T11:10:13","guid":{"rendered":"https:\/\/kutluyayinevi.com\/magaza\/?post_type=product&#038;p=23717"},"modified":"2026-02-20T11:23:56","modified_gmt":"2026-02-20T08:23:56","slug":"inanc-tugrul-celik","status":"publish","type":"product","link":"https:\/\/kutluyayinevi.com\/magaza\/urun\/inanc-tugrul-celik\/","title":{"rendered":"\u0130nan\u00e7 &#8211; Tu\u011frul \u00c7elik"},"content":{"rendered":"<p>Kendi kendine tarlas\u0131 ve hayvanlar\u0131yla ilgilenen Umut, kendini \u00d6nder Ar\u0131n\u00e7\u2019\u0131n vergi g\u00f6revlisi olarak tan\u0131tan birine yard\u0131mda bulundu. Olay\u0131 \u00f6\u011frenen Ar\u0131n\u00e7, Umut\u2019u Ba\u015fkent Burum\u2019a \u00e7a\u011f\u0131rtt\u0131. Gelmek istemeyen Umut\u2019u Komutan Bora ikna etti; Umut yan\u0131na kutsal kitab\u0131 \u0130nik\u2019i alarak yola koyuldu. Burum\u2019da G\u00f6kmen G\u00fcnleri\u2019ni kutlad\u0131ktan sonra evine d\u00f6nmek isterken k\u00f6y\u00fcn\u00fcn Atakanlarca ele ge\u00e7irildi\u011fini \u00f6\u011frendi, Burum\u2019da kalmaya boyun e\u011fdi, b\u00f6ylece ev \u00f6zlemi ba\u015flam\u0131\u015f oldu. Ar\u0131n\u00e7\u2019\u0131n ba\u011f\u0131\u015flad\u0131\u011f\u0131 tarlas\u0131n\u0131 i\u015fletmekten vazge\u00e7tikten sonra Y\u00fcce Bo\u011fa\u00e7\u2019\u0131n \u00f6nerisi ile adanm\u0131\u015flara kat\u0131l\u0131p I\u015f\u0131k Tap\u0131na\u011f\u0131\u2019nda \u0130nan\u00e7l\u0131lara \u00f6\u011fretilerde bulundu. Adanm\u0131\u015fl\u0131\u011f\u0131 s\u0131ras\u0131nda kendi \u0130niki ile Burum\u2019un \u0130niki\u2019nin birbirine uymad\u0131\u011f\u0131n\u0131 \u00f6\u011frendi, bir de Atakanlar ad\u0131m ad\u0131m Burum\u2019a yakla\u015f\u0131yorlard\u0131.<\/p>\n","protected":false},"excerpt":{"rendered":"<p>Kendi kendine tarlas\u0131 ve hayvanlar\u0131yla ilgilenen Umut, kendini \u00d6nder Ar\u0131n\u00e7\u2019\u0131n vergi g\u00f6revlisi olarak tan\u0131tan birine yard\u0131mda bulundu. Olay\u0131 \u00f6\u011frenen Ar\u0131n\u00e7, Umut\u2019u Ba\u015fkent Burum\u2019a \u00e7a\u011f\u0131rtt\u0131. Gelmek istemeyen Umut\u2019u Komutan Bora ikna etti; Umut yan\u0131na kutsal kitab\u0131 \u0130nik\u2019i alarak yola koyuldu. Burum\u2019da G\u00f6kmen G\u00fcnleri\u2019ni kutlad\u0131ktan sonra evine d\u00f6nmek isterken k\u00f6y\u00fcn\u00fcn Atakanlarca ele ge\u00e7irildi\u011fini \u00f6\u011frendi, Burum\u2019da kalmaya boyun [&hellip;]<\/p>\n","protected":false},"featured_media":23718,"comment_status":"closed","ping_status":"closed","template":"","meta":[],"product_brand":[],"product_cat":[23],"product_tag":[],"class_list":{"0":"post-23717","1":"product","2":"type-product","3":"status-publish","4":"has-post-thumbnail","6":"product_cat-hikaye","8":"first","9":"instock","10":"sale","11":"shipping-taxable","12":"purchasable","13":"product-type-simple"},"_links":{"self":[{"href":"https:\/\/kutluyayinevi.com\/magaza\/wp-json\/wp\/v2\/product\/23717","targetHints":{"allow":["GET"]}}],"collection":[{"href":"https:\/\/kutluyayinevi.com\/magaza\/wp-json\/wp\/v2\/product"}],"about":[{"href":"https:\/\/kutluyayinevi.com\/magaza\/wp-json\/wp\/v2\/types\/product"}],"replies":[{"embeddable":true,"href":"https:\/\/kutluyayinevi.com\/magaza\/wp-json\/wp\/v2\/comments?post=23717"}],"wp:featuredmedia":[{"embeddable":true,"href":"https:\/\/kutluyayinevi.com\/magaza\/wp-json\/wp\/v2\/media\/23718"}],"wp:attachment":[{"href":"https:\/\/kutluyayinevi.com\/magaza\/wp-json\/wp\/v2\/media?parent=23717"}],"wp:term":[{"taxonomy":"product_brand","embeddable":true,"href":"https:\/\/kutluyayinevi.com\/magaza\/wp-json\/wp\/v2\/product_brand?post=23717"},{"taxonomy":"product_cat","embeddable":true,"href":"https:\/\/kutluyayinevi.com\/magaza\/wp-json\/wp\/v2\/product_cat?post=23717"},{"taxonomy":"product_tag","embeddable":true,"href":"https:\/\/kutluyayinevi.com\/magaza\/wp-json\/wp\/v2\/product_tag?post=23717"}],"curies":[{"name":"wp","href":"https:\/\/api.w.org\/{rel}","templated":true}]}}