{"id":23719,"date":"2025-04-08T14:14:39","date_gmt":"2025-04-08T11:14:39","guid":{"rendered":"https:\/\/kutluyayinevi.com\/magaza\/?post_type=product&#038;p=23719"},"modified":"2026-02-20T09:35:24","modified_gmt":"2026-02-20T06:35:24","slug":"ev-sahibi-2-mustafa-emir-eldemir","status":"publish","type":"product","link":"https:\/\/kutluyayinevi.com\/magaza\/urun\/ev-sahibi-2-mustafa-emir-eldemir\/","title":{"rendered":"Ev Sahibi 2 &#8211; Mustafa Emir Eldemir"},"content":{"rendered":"<p>Herhal\u00fckarda sevmek<br \/>\nTutsak ruhumu \u00fczerimden \u00e7ekip alan<br \/>\nDokunu\u015fu bir yana i\u015fte g\u00fczel seven insan<br \/>\nBeni kendinle iyile\u015ftiredur<br \/>\nS\u0131k\u0131nt\u0131ya da ac\u0131ya da her daim merhem olan<br \/>\nEv Sahibi\u2019ni sevmek, i\u015fte \u00f6yle g\u00fczelle\u015ftiren<br \/>\nKendinden ge\u00e7irip kendiyle iyile\u015ftiren<\/p>\n","protected":false},"excerpt":{"rendered":"<p>Herhal\u00fckarda sevmek Tutsak ruhumu \u00fczerimden \u00e7ekip alan Dokunu\u015fu bir yana i\u015fte g\u00fczel seven insan Beni kendinle iyile\u015ftiredur S\u0131k\u0131nt\u0131ya da ac\u0131ya da her daim merhem olan Ev Sahibi\u2019ni sevmek, i\u015fte \u00f6yle g\u00fczelle\u015ftiren Kendinden ge\u00e7irip kendiyle iyile\u015ftiren<\/p>\n","protected":false},"featured_media":23720,"comment_status":"closed","ping_status":"closed","template":"","meta":[],"product_brand":[],"product_cat":[22],"product_tag":[],"class_list":{"0":"post-23719","1":"product","2":"type-product","3":"status-publish","4":"has-post-thumbnail","6":"product_cat-siir","8":"first","9":"instock","10":"sale","11":"shipping-taxable","12":"purchasable","13":"product-type-simple"},"_links":{"self":[{"href":"https:\/\/kutluyayinevi.com\/magaza\/wp-json\/wp\/v2\/product\/23719","targetHints":{"allow":["GET"]}}],"collection":[{"href":"https:\/\/kutluyayinevi.com\/magaza\/wp-json\/wp\/v2\/product"}],"about":[{"href":"https:\/\/kutluyayinevi.com\/magaza\/wp-json\/wp\/v2\/types\/product"}],"replies":[{"embeddable":true,"href":"https:\/\/kutluyayinevi.com\/magaza\/wp-json\/wp\/v2\/comments?post=23719"}],"wp:featuredmedia":[{"embeddable":true,"href":"https:\/\/kutluyayinevi.com\/magaza\/wp-json\/wp\/v2\/media\/23720"}],"wp:attachment":[{"href":"https:\/\/kutluyayinevi.com\/magaza\/wp-json\/wp\/v2\/media?parent=23719"}],"wp:term":[{"taxonomy":"product_brand","embeddable":true,"href":"https:\/\/kutluyayinevi.com\/magaza\/wp-json\/wp\/v2\/product_brand?post=23719"},{"taxonomy":"product_cat","embeddable":true,"href":"https:\/\/kutluyayinevi.com\/magaza\/wp-json\/wp\/v2\/product_cat?post=23719"},{"taxonomy":"product_tag","embeddable":true,"href":"https:\/\/kutluyayinevi.com\/magaza\/wp-json\/wp\/v2\/product_tag?post=23719"}],"curies":[{"name":"wp","href":"https:\/\/api.w.org\/{rel}","templated":true}]}}