{"id":23725,"date":"2025-04-25T18:48:30","date_gmt":"2025-04-25T15:48:30","guid":{"rendered":"https:\/\/kutluyayinevi.com\/magaza\/?post_type=product&#038;p=23725"},"modified":"2026-02-19T15:40:27","modified_gmt":"2026-02-19T12:40:27","slug":"buz-ormanda-ural-subutay","status":"publish","type":"product","link":"https:\/\/kutluyayinevi.com\/magaza\/urun\/buz-ormanda-ural-subutay\/","title":{"rendered":"Buz Ormanda &#8211; Ural S\u00fcb\u00fctay"},"content":{"rendered":"<p>ORMANDA MACERAYA HAZIR MISINIZ?<\/p>\n<p>Bu kitapta Buz\u2019un ormanda kaybolu\u015fu, avc\u0131n\u0131n onu ka\u00e7\u0131rmas\u0131  ve \u00fc\u00e7 macerac\u0131 arkada\u015f\u0131n Buz\u2019u ararken ba\u015f\u0131na gelen olaylar\u0131 okuyacaks\u0131n\u0131z.<\/p>\n<p>Bu hikayeden sonra Buz\u2019un \u00d6l\u00fcdeniz \u015fenli\u011fini i\u00e7in harekete ge\u00e7me zaman\u0131 gelecek. Buz ve arkada\u015flar\u0131n\u0131n tatil meceras\u0131n\u0131 merak ediyor musunuz?<\/p>\n","protected":false},"excerpt":{"rendered":"<p>ORMANDA MACERAYA HAZIR MISINIZ? Bu kitapta Buz\u2019un ormanda kaybolu\u015fu, avc\u0131n\u0131n onu ka\u00e7\u0131rmas\u0131 ve \u00fc\u00e7 macerac\u0131 arkada\u015f\u0131n Buz\u2019u ararken ba\u015f\u0131na gelen olaylar\u0131 okuyacaks\u0131n\u0131z. Bu hikayeden sonra Buz\u2019un \u00d6l\u00fcdeniz \u015fenli\u011fini i\u00e7in harekete ge\u00e7me zaman\u0131 gelecek. Buz ve arkada\u015flar\u0131n\u0131n tatil meceras\u0131n\u0131 merak ediyor musunuz?<\/p>\n","protected":false},"featured_media":23726,"comment_status":"closed","ping_status":"closed","template":"","meta":[],"product_brand":[],"product_cat":[107],"product_tag":[],"class_list":{"0":"post-23725","1":"product","2":"type-product","3":"status-publish","4":"has-post-thumbnail","6":"product_cat-oyku","8":"first","9":"instock","10":"sale","11":"shipping-taxable","12":"purchasable","13":"product-type-simple"},"_links":{"self":[{"href":"https:\/\/kutluyayinevi.com\/magaza\/wp-json\/wp\/v2\/product\/23725","targetHints":{"allow":["GET"]}}],"collection":[{"href":"https:\/\/kutluyayinevi.com\/magaza\/wp-json\/wp\/v2\/product"}],"about":[{"href":"https:\/\/kutluyayinevi.com\/magaza\/wp-json\/wp\/v2\/types\/product"}],"replies":[{"embeddable":true,"href":"https:\/\/kutluyayinevi.com\/magaza\/wp-json\/wp\/v2\/comments?post=23725"}],"wp:featuredmedia":[{"embeddable":true,"href":"https:\/\/kutluyayinevi.com\/magaza\/wp-json\/wp\/v2\/media\/23726"}],"wp:attachment":[{"href":"https:\/\/kutluyayinevi.com\/magaza\/wp-json\/wp\/v2\/media?parent=23725"}],"wp:term":[{"taxonomy":"product_brand","embeddable":true,"href":"https:\/\/kutluyayinevi.com\/magaza\/wp-json\/wp\/v2\/product_brand?post=23725"},{"taxonomy":"product_cat","embeddable":true,"href":"https:\/\/kutluyayinevi.com\/magaza\/wp-json\/wp\/v2\/product_cat?post=23725"},{"taxonomy":"product_tag","embeddable":true,"href":"https:\/\/kutluyayinevi.com\/magaza\/wp-json\/wp\/v2\/product_tag?post=23725"}],"curies":[{"name":"wp","href":"https:\/\/api.w.org\/{rel}","templated":true}]}}