{"id":23727,"date":"2025-04-25T18:49:56","date_gmt":"2025-04-25T15:49:56","guid":{"rendered":"https:\/\/kutluyayinevi.com\/magaza\/?post_type=product&#038;p=23727"},"modified":"2026-02-20T17:06:52","modified_gmt":"2026-02-20T14:06:52","slug":"puyenin-gencleri-sinavda-yusuf-fehmi-niyazi","status":"publish","type":"product","link":"https:\/\/kutluyayinevi.com\/magaza\/urun\/puyenin-gencleri-sinavda-yusuf-fehmi-niyazi\/","title":{"rendered":"P\u00fcyenin Gen\u00e7leri S\u0131navda &#8211; Yusuf Fehmi Niyazi"},"content":{"rendered":"<p>\u00d6\u011frenciler her zamanki gibi s\u0131n\u0131flar\u0131na girmi\u015fler, derse ba\u015flam\u0131\u015flard\u0131. S\u0131n\u0131flar\u0131na gelecek olan davetsiz misafirden habersiz s\u0131nav oluyorlard\u0131. Her \u015fey bir anda de\u011fi\u015fti. \u015ea\u015fk\u0131nl\u0131k, merak ve korku i\u00e7 i\u00e7eydi.<\/p>\n<p>P\u00fcyenin Gen\u00e7lerinin ya\u015fad\u0131\u011f\u0131 bu ola\u011fan\u00fcst\u00fc g\u00fcne siz de davetlisiniz.<\/p>\n","protected":false},"excerpt":{"rendered":"<p>\u00d6\u011frenciler her zamanki gibi s\u0131n\u0131flar\u0131na girmi\u015fler, derse ba\u015flam\u0131\u015flard\u0131. S\u0131n\u0131flar\u0131na gelecek olan davetsiz misafirden habersiz s\u0131nav oluyorlard\u0131. Her \u015fey bir anda de\u011fi\u015fti. \u015ea\u015fk\u0131nl\u0131k, merak ve korku i\u00e7 i\u00e7eydi. P\u00fcyenin Gen\u00e7lerinin ya\u015fad\u0131\u011f\u0131 bu ola\u011fan\u00fcst\u00fc g\u00fcne siz de davetlisiniz.<\/p>\n","protected":false},"featured_media":23728,"comment_status":"closed","ping_status":"closed","template":"","meta":[],"product_brand":[],"product_cat":[107],"product_tag":[],"class_list":{"0":"post-23727","1":"product","2":"type-product","3":"status-publish","4":"has-post-thumbnail","6":"product_cat-oyku","8":"first","9":"instock","10":"sale","11":"shipping-taxable","12":"purchasable","13":"product-type-simple"},"_links":{"self":[{"href":"https:\/\/kutluyayinevi.com\/magaza\/wp-json\/wp\/v2\/product\/23727","targetHints":{"allow":["GET"]}}],"collection":[{"href":"https:\/\/kutluyayinevi.com\/magaza\/wp-json\/wp\/v2\/product"}],"about":[{"href":"https:\/\/kutluyayinevi.com\/magaza\/wp-json\/wp\/v2\/types\/product"}],"replies":[{"embeddable":true,"href":"https:\/\/kutluyayinevi.com\/magaza\/wp-json\/wp\/v2\/comments?post=23727"}],"wp:featuredmedia":[{"embeddable":true,"href":"https:\/\/kutluyayinevi.com\/magaza\/wp-json\/wp\/v2\/media\/23728"}],"wp:attachment":[{"href":"https:\/\/kutluyayinevi.com\/magaza\/wp-json\/wp\/v2\/media?parent=23727"}],"wp:term":[{"taxonomy":"product_brand","embeddable":true,"href":"https:\/\/kutluyayinevi.com\/magaza\/wp-json\/wp\/v2\/product_brand?post=23727"},{"taxonomy":"product_cat","embeddable":true,"href":"https:\/\/kutluyayinevi.com\/magaza\/wp-json\/wp\/v2\/product_cat?post=23727"},{"taxonomy":"product_tag","embeddable":true,"href":"https:\/\/kutluyayinevi.com\/magaza\/wp-json\/wp\/v2\/product_tag?post=23727"}],"curies":[{"name":"wp","href":"https:\/\/api.w.org\/{rel}","templated":true}]}}