{"id":23732,"date":"2025-05-02T17:58:13","date_gmt":"2025-05-02T14:58:13","guid":{"rendered":"https:\/\/kutluyayinevi.com\/magaza\/?post_type=product&#038;p=23732"},"modified":"2026-02-19T14:25:20","modified_gmt":"2026-02-19T11:25:20","slug":"benhurun-savasi-veysel-sahin","status":"publish","type":"product","link":"https:\/\/kutluyayinevi.com\/magaza\/urun\/benhurun-savasi-veysel-sahin\/","title":{"rendered":"Benhur&#8217;un Sava\u015f\u0131 &#8211; Veysel \u015eahin"},"content":{"rendered":"<p>Size bir s\u0131r verece\u011fim. Asl\u0131nda s\u0131r de\u011fil ama herkes bilmez. Kuran&#8217;\u0131n baz\u0131 ayetlerinde &#8220;\u0130blis&#8221;, baz\u0131 ayetlerinde &#8220;\u015eeytan&#8221; ad\u0131nda ge\u00e7en dumans\u0131z alevden yarat\u0131lm\u0131\u015f \u201cCin\u201d ad\u0131nda bir varl\u0131ktan bahsedilir. \u0130\u015fte o varl\u0131k hakk\u0131ndaki ger\u00e7ek \u015fudur. \u0130blis \u015feytanlar\u0131n atas\u0131d\u0131r. Allah&#8217;a isyan\u0131ndan sonra kendi z\u00fcrriyetinden ve insanlardan bir ordu kuraca\u011f\u0131na, Allah&#8217;a varan b\u00fct\u00fcn yollara sava\u015f a\u00e7aca\u011f\u0131na dair yine Allah&#8217;tan izin alm\u0131\u015ft\u0131r. Bu vesile ile \u0130blis, her insan\u0131n bedenine bir &#8220;Cin&#8221; asker yerle\u015ftirmi\u015ftir. Bir hadiste ise o askerin \u201cdamarda dola\u015fan kan gibi v\u00fccutta dola\u015ft\u0131\u011f\u0131&#8221; anlat\u0131l\u0131r. \u0130\u00e7imizdeki \u015feytan ger\u00e7e\u011fi budur. \u00d6yle ya, her insan\u0131n i\u00e7erisinde k\u00f6t\u00fcl\u00fc\u011fe davet eden bir i\u00e7 ses vard\u0131r&#8230;<\/p>\n","protected":false},"excerpt":{"rendered":"<p>Size bir s\u0131r verece\u011fim. Asl\u0131nda s\u0131r de\u011fil ama herkes bilmez. Kuran&#8217;\u0131n baz\u0131 ayetlerinde &#8220;\u0130blis&#8221;, baz\u0131 ayetlerinde &#8220;\u015eeytan&#8221; ad\u0131nda ge\u00e7en dumans\u0131z alevden yarat\u0131lm\u0131\u015f \u201cCin\u201d ad\u0131nda bir varl\u0131ktan bahsedilir. \u0130\u015fte o varl\u0131k hakk\u0131ndaki ger\u00e7ek \u015fudur. \u0130blis \u015feytanlar\u0131n atas\u0131d\u0131r. Allah&#8217;a isyan\u0131ndan sonra kendi z\u00fcrriyetinden ve insanlardan bir ordu kuraca\u011f\u0131na, Allah&#8217;a varan b\u00fct\u00fcn yollara sava\u015f a\u00e7aca\u011f\u0131na dair yine Allah&#8217;tan [&hellip;]<\/p>\n","protected":false},"featured_media":23733,"comment_status":"closed","ping_status":"closed","template":"","meta":[],"product_brand":[],"product_cat":[24],"product_tag":[],"class_list":{"0":"post-23732","1":"product","2":"type-product","3":"status-publish","4":"has-post-thumbnail","6":"product_cat-roman","8":"first","9":"instock","10":"sale","11":"shipping-taxable","12":"purchasable","13":"product-type-simple"},"_links":{"self":[{"href":"https:\/\/kutluyayinevi.com\/magaza\/wp-json\/wp\/v2\/product\/23732","targetHints":{"allow":["GET"]}}],"collection":[{"href":"https:\/\/kutluyayinevi.com\/magaza\/wp-json\/wp\/v2\/product"}],"about":[{"href":"https:\/\/kutluyayinevi.com\/magaza\/wp-json\/wp\/v2\/types\/product"}],"replies":[{"embeddable":true,"href":"https:\/\/kutluyayinevi.com\/magaza\/wp-json\/wp\/v2\/comments?post=23732"}],"wp:featuredmedia":[{"embeddable":true,"href":"https:\/\/kutluyayinevi.com\/magaza\/wp-json\/wp\/v2\/media\/23733"}],"wp:attachment":[{"href":"https:\/\/kutluyayinevi.com\/magaza\/wp-json\/wp\/v2\/media?parent=23732"}],"wp:term":[{"taxonomy":"product_brand","embeddable":true,"href":"https:\/\/kutluyayinevi.com\/magaza\/wp-json\/wp\/v2\/product_brand?post=23732"},{"taxonomy":"product_cat","embeddable":true,"href":"https:\/\/kutluyayinevi.com\/magaza\/wp-json\/wp\/v2\/product_cat?post=23732"},{"taxonomy":"product_tag","embeddable":true,"href":"https:\/\/kutluyayinevi.com\/magaza\/wp-json\/wp\/v2\/product_tag?post=23732"}],"curies":[{"name":"wp","href":"https:\/\/api.w.org\/{rel}","templated":true}]}}