{"id":23743,"date":"2025-05-15T16:08:59","date_gmt":"2025-05-15T13:08:59","guid":{"rendered":"https:\/\/kutluyayinevi.com\/magaza\/?post_type=product&#038;p=23743"},"modified":"2026-02-23T10:35:48","modified_gmt":"2026-02-23T07:35:48","slug":"tuz-toz-biraz-aci-dilek-bayram","status":"publish","type":"product","link":"https:\/\/kutluyayinevi.com\/magaza\/urun\/tuz-toz-biraz-aci-dilek-bayram\/","title":{"rendered":"Tuz, T\u00f6z Biraz Ac\u0131 &#8211; Dilek Bayram"},"content":{"rendered":"<p>&#8220;Duvardaki oyu\u011fu b\u00fcy\u00fct\u00fcyorum g\u00f6zlerimle,<\/p>\n<p>Duvardaki oyuk de\u011fil o,<\/p>\n<p>Balonla ka\u00e7\u0131\u015f masallar\u0131.<\/p>\n<p>Ne \u015feytan t\u00fcy\u00fc, ne efsunlu iksirler,ne de kaynat\u0131lan bu\u011fday,<\/p>\n<p>\u0130ki dervi\u015fin eteklerinde gelip ge\u00e7enlerin selamlar\u0131.<\/p>\n<p>Kar\u0131\u015ft\u0131r\u0131lan ac\u0131lar, e\u015fit pay edilemedi,<\/p>\n<p>K\u0131yamete a\u00e7\u0131k b\u0131rak\u0131ld\u0131 evlerin kap\u0131lar\u0131.  &#8220;<\/p>\n","protected":false},"excerpt":{"rendered":"<p>&#8220;Duvardaki oyu\u011fu b\u00fcy\u00fct\u00fcyorum g\u00f6zlerimle, Duvardaki oyuk de\u011fil o, Balonla ka\u00e7\u0131\u015f masallar\u0131. Ne \u015feytan t\u00fcy\u00fc, ne efsunlu iksirler,ne de kaynat\u0131lan bu\u011fday, \u0130ki dervi\u015fin eteklerinde gelip ge\u00e7enlerin selamlar\u0131. Kar\u0131\u015ft\u0131r\u0131lan ac\u0131lar, e\u015fit pay edilemedi, K\u0131yamete a\u00e7\u0131k b\u0131rak\u0131ld\u0131 evlerin kap\u0131lar\u0131. &#8220;<\/p>\n","protected":false},"featured_media":23744,"comment_status":"closed","ping_status":"closed","template":"","meta":[],"product_brand":[],"product_cat":[22],"product_tag":[],"class_list":{"0":"post-23743","1":"product","2":"type-product","3":"status-publish","4":"has-post-thumbnail","6":"product_cat-siir","8":"first","9":"instock","10":"sale","11":"shipping-taxable","12":"purchasable","13":"product-type-simple"},"_links":{"self":[{"href":"https:\/\/kutluyayinevi.com\/magaza\/wp-json\/wp\/v2\/product\/23743","targetHints":{"allow":["GET"]}}],"collection":[{"href":"https:\/\/kutluyayinevi.com\/magaza\/wp-json\/wp\/v2\/product"}],"about":[{"href":"https:\/\/kutluyayinevi.com\/magaza\/wp-json\/wp\/v2\/types\/product"}],"replies":[{"embeddable":true,"href":"https:\/\/kutluyayinevi.com\/magaza\/wp-json\/wp\/v2\/comments?post=23743"}],"wp:featuredmedia":[{"embeddable":true,"href":"https:\/\/kutluyayinevi.com\/magaza\/wp-json\/wp\/v2\/media\/23744"}],"wp:attachment":[{"href":"https:\/\/kutluyayinevi.com\/magaza\/wp-json\/wp\/v2\/media?parent=23743"}],"wp:term":[{"taxonomy":"product_brand","embeddable":true,"href":"https:\/\/kutluyayinevi.com\/magaza\/wp-json\/wp\/v2\/product_brand?post=23743"},{"taxonomy":"product_cat","embeddable":true,"href":"https:\/\/kutluyayinevi.com\/magaza\/wp-json\/wp\/v2\/product_cat?post=23743"},{"taxonomy":"product_tag","embeddable":true,"href":"https:\/\/kutluyayinevi.com\/magaza\/wp-json\/wp\/v2\/product_tag?post=23743"}],"curies":[{"name":"wp","href":"https:\/\/api.w.org\/{rel}","templated":true}]}}