{"id":23745,"date":"2025-05-15T16:10:34","date_gmt":"2025-05-15T13:10:34","guid":{"rendered":"https:\/\/kutluyayinevi.com\/magaza\/?post_type=product&#038;p=23745"},"modified":"2026-02-19T16:36:20","modified_gmt":"2026-02-19T13:36:20","slug":"dersimiz-yanilgilar-tuna-akyuz","status":"publish","type":"product","link":"https:\/\/kutluyayinevi.com\/magaza\/urun\/dersimiz-yanilgilar-tuna-akyuz\/","title":{"rendered":"Dersimiz Yan\u0131lg\u0131lar &#8211; Tuna Aky\u00fcz"},"content":{"rendered":"<p>Baz\u0131lar\u0131 bu dersi kopya \u00e7ekerek ge\u00e7ti\u011fini san\u0131yor.<\/p>\n<p>\u201cBen bilirim\u201d diye ba\u015flay\u0131p, \u201cBen ne yapt\u0131m?\u201d diye bitenlerin yolculu\u011fu bu!<br \/>\nAkl\u0131yla \u00f6v\u00fcn\u00fcp kalbinden \u00e7uvallayanlar\u0131n\u2026<br \/>\nHayat\u0131 ezberden okumaya kalk\u0131p, en basit soruda \u00e7akanlar\u0131n not defteri!<\/p>\n<p>Buyur, kapa\u011f\u0131 a\u00e7.<br \/>\nS\u0131nav ba\u015flad\u0131.<br \/>\nKur\u015fun kalem de\u011fil, k\u0131rm\u0131z\u0131 tebe\u015fir kullan\u0131yoruz!<\/p>\n","protected":false},"excerpt":{"rendered":"<p>Baz\u0131lar\u0131 bu dersi kopya \u00e7ekerek ge\u00e7ti\u011fini san\u0131yor. \u201cBen bilirim\u201d diye ba\u015flay\u0131p, \u201cBen ne yapt\u0131m?\u201d diye bitenlerin yolculu\u011fu bu! Akl\u0131yla \u00f6v\u00fcn\u00fcp kalbinden \u00e7uvallayanlar\u0131n\u2026 Hayat\u0131 ezberden okumaya kalk\u0131p, en basit soruda \u00e7akanlar\u0131n not defteri! Buyur, kapa\u011f\u0131 a\u00e7. S\u0131nav ba\u015flad\u0131. Kur\u015fun kalem de\u011fil, k\u0131rm\u0131z\u0131 tebe\u015fir kullan\u0131yoruz!<\/p>\n","protected":false},"featured_media":23746,"comment_status":"closed","ping_status":"closed","template":"","meta":[],"product_brand":[],"product_cat":[26],"product_tag":[],"class_list":{"0":"post-23745","1":"product","2":"type-product","3":"status-publish","4":"has-post-thumbnail","6":"product_cat-deneme","8":"first","9":"instock","10":"sale","11":"shipping-taxable","12":"purchasable","13":"product-type-simple"},"_links":{"self":[{"href":"https:\/\/kutluyayinevi.com\/magaza\/wp-json\/wp\/v2\/product\/23745","targetHints":{"allow":["GET"]}}],"collection":[{"href":"https:\/\/kutluyayinevi.com\/magaza\/wp-json\/wp\/v2\/product"}],"about":[{"href":"https:\/\/kutluyayinevi.com\/magaza\/wp-json\/wp\/v2\/types\/product"}],"replies":[{"embeddable":true,"href":"https:\/\/kutluyayinevi.com\/magaza\/wp-json\/wp\/v2\/comments?post=23745"}],"wp:featuredmedia":[{"embeddable":true,"href":"https:\/\/kutluyayinevi.com\/magaza\/wp-json\/wp\/v2\/media\/23746"}],"wp:attachment":[{"href":"https:\/\/kutluyayinevi.com\/magaza\/wp-json\/wp\/v2\/media?parent=23745"}],"wp:term":[{"taxonomy":"product_brand","embeddable":true,"href":"https:\/\/kutluyayinevi.com\/magaza\/wp-json\/wp\/v2\/product_brand?post=23745"},{"taxonomy":"product_cat","embeddable":true,"href":"https:\/\/kutluyayinevi.com\/magaza\/wp-json\/wp\/v2\/product_cat?post=23745"},{"taxonomy":"product_tag","embeddable":true,"href":"https:\/\/kutluyayinevi.com\/magaza\/wp-json\/wp\/v2\/product_tag?post=23745"}],"curies":[{"name":"wp","href":"https:\/\/api.w.org\/{rel}","templated":true}]}}