{"id":23773,"date":"2025-06-04T10:04:35","date_gmt":"2025-06-04T07:04:35","guid":{"rendered":"https:\/\/kutluyayinevi.com\/magaza\/?post_type=product&#038;p=23773"},"modified":"2026-02-20T12:14:13","modified_gmt":"2026-02-20T09:14:13","slug":"karanlik-notlar-furkan-basut","status":"publish","type":"product","link":"https:\/\/kutluyayinevi.com\/magaza\/urun\/karanlik-notlar-furkan-basut\/","title":{"rendered":"Karanl\u0131k Notlar &#8211; Furkan Basut"},"content":{"rendered":"<p>\u201cHer \u015fey sustu\u011funda, insan\u0131n kendi sesi ba\u015flar konu\u015fmaya. Bu, benim sesim&#8230; Karanl\u0131kta yank\u0131lanan son insanl\u0131k \u00e7\u0131\u011fl\u0131\u011f\u0131.\u201d<\/p>\n<p>1914 Londra\u2019s\u0131nda ba\u015flayan bu karanl\u0131k yolculuk, sava\u015f\u0131n g\u00f6lgesinde vicdan\u0131yla kavga eden bir askerin\u2014Frank\u2019in\u2014hik\u00e2yesi\u2026 \u0130\u015fkenceciden kurtar\u0131c\u0131ya, a\u015f\u0131k bir adamdan katile, pi\u015fmandan yazara evrilen bir ruhun, Carol\u2019a duydu\u011fu tutkulu ve tek tarafl\u0131 a\u015fk u\u011fruna kendi \u0131\u015f\u0131\u011f\u0131n\u0131 nas\u0131l yitirdi\u011fini anlat\u0131yor.<\/p>\n<p>Frank; Ey\u00fcp, Canan, Cenk ve Eszter\u2019i esir kamp\u0131ndan ka\u00e7\u0131rmak i\u00e7in planlar kurarken, Carol\u2019un ihanetiyle bir d\u00f6n\u00fc\u015f\u00fcm ba\u015flat\u0131r. \u0130svi\u00e7re\u2019ye ka\u00e7\u0131\u015f, a\u015fk\u0131n bozguna u\u011frad\u0131\u011f\u0131 yer olur. Ve sonra cinayetler ba\u015flar. Fakat as\u0131l k\u0131r\u0131lma, bir g\u00fcn kaybolan k\u00fc\u00e7\u00fck mavi ku\u015f April\u2019la gelir. \u00c7\u00fcnk\u00fc bazen insan\u0131 karanl\u0131\u011fa \u00e7eken, bir insan de\u011fil; bir umut k\u0131r\u0131nt\u0131s\u0131n\u0131n kayb\u0131d\u0131r.<\/p>\n","protected":false},"excerpt":{"rendered":"<p>\u201cHer \u015fey sustu\u011funda, insan\u0131n kendi sesi ba\u015flar konu\u015fmaya. Bu, benim sesim&#8230; Karanl\u0131kta yank\u0131lanan son insanl\u0131k \u00e7\u0131\u011fl\u0131\u011f\u0131.\u201d 1914 Londra\u2019s\u0131nda ba\u015flayan bu karanl\u0131k yolculuk, sava\u015f\u0131n g\u00f6lgesinde vicdan\u0131yla kavga eden bir askerin\u2014Frank\u2019in\u2014hik\u00e2yesi\u2026 \u0130\u015fkenceciden kurtar\u0131c\u0131ya, a\u015f\u0131k bir adamdan katile, pi\u015fmandan yazara evrilen bir ruhun, Carol\u2019a duydu\u011fu tutkulu ve tek tarafl\u0131 a\u015fk u\u011fruna kendi \u0131\u015f\u0131\u011f\u0131n\u0131 nas\u0131l yitirdi\u011fini anlat\u0131yor. Frank; Ey\u00fcp, [&hellip;]<\/p>\n","protected":false},"featured_media":23774,"comment_status":"closed","ping_status":"closed","template":"","meta":[],"product_brand":[],"product_cat":[24],"product_tag":[],"class_list":{"0":"post-23773","1":"product","2":"type-product","3":"status-publish","4":"has-post-thumbnail","6":"product_cat-roman","8":"first","9":"instock","10":"sale","11":"shipping-taxable","12":"purchasable","13":"product-type-simple"},"_links":{"self":[{"href":"https:\/\/kutluyayinevi.com\/magaza\/wp-json\/wp\/v2\/product\/23773","targetHints":{"allow":["GET"]}}],"collection":[{"href":"https:\/\/kutluyayinevi.com\/magaza\/wp-json\/wp\/v2\/product"}],"about":[{"href":"https:\/\/kutluyayinevi.com\/magaza\/wp-json\/wp\/v2\/types\/product"}],"replies":[{"embeddable":true,"href":"https:\/\/kutluyayinevi.com\/magaza\/wp-json\/wp\/v2\/comments?post=23773"}],"wp:featuredmedia":[{"embeddable":true,"href":"https:\/\/kutluyayinevi.com\/magaza\/wp-json\/wp\/v2\/media\/23774"}],"wp:attachment":[{"href":"https:\/\/kutluyayinevi.com\/magaza\/wp-json\/wp\/v2\/media?parent=23773"}],"wp:term":[{"taxonomy":"product_brand","embeddable":true,"href":"https:\/\/kutluyayinevi.com\/magaza\/wp-json\/wp\/v2\/product_brand?post=23773"},{"taxonomy":"product_cat","embeddable":true,"href":"https:\/\/kutluyayinevi.com\/magaza\/wp-json\/wp\/v2\/product_cat?post=23773"},{"taxonomy":"product_tag","embeddable":true,"href":"https:\/\/kutluyayinevi.com\/magaza\/wp-json\/wp\/v2\/product_tag?post=23773"}],"curies":[{"name":"wp","href":"https:\/\/api.w.org\/{rel}","templated":true}]}}