{"id":23777,"date":"2025-06-04T10:08:20","date_gmt":"2025-06-04T07:08:20","guid":{"rendered":"https:\/\/kutluyayinevi.com\/magaza\/?post_type=product&#038;p=23777"},"modified":"2026-02-23T10:01:50","modified_gmt":"2026-02-23T07:01:50","slug":"suzidil-sensizlik-olmedi-metin-akar","status":"publish","type":"product","link":"https:\/\/kutluyayinevi.com\/magaza\/urun\/suzidil-sensizlik-olmedi-metin-akar\/","title":{"rendered":"S\u00fbzidil &#8211; Sensizlik \u00d6lmedi &#8211; Metin Akar"},"content":{"rendered":"<div class=\"css-15spm5f\">\n<div class=\"ak-renderer-document\">\n<p data-renderer-start-pos=\"1\">\u201cGeride b\u0131rakt\u0131\u011f\u0131m\u0131z duygular\u0131n iradesidir \u015fiir. Yahut bu duygular\u0131n arkas\u0131ndan seslenmek&#8230; Sevmenin, ayr\u0131lman\u0131n, ac\u0131 duyman\u0131n ve yaln\u0131zl\u0131\u011f\u0131n arkas\u0131ndan seslenmek&#8230; Belki bu duygulara sitem&#8230; \u0130nsan\u0131n \u00f6z\u00fc duygu, duygunun dili \u015fiirdir; insan kalman\u0131n yoludur \u015fiir. Umar\u0131m duygusal anlamda herkesin kendinden bir \u015feyler bulaca\u011f\u0131 bir eser olmu\u015ftur. Bu eseri yay\u0131nlamamda bana destek veren de\u011ferli e\u015fim Z\u00fcbeyde Akar\u2019a, yorumlar\u0131yla esere inanmam\u0131 sa\u011flayan \u015eair Selvi T\u00fcz\u00fcn AVCI Han\u0131mefendi\u2019ye ve hususen her konuda yard\u0131m\u0131n\u0131 esirgemeyen, kitab\u0131n edit\u00f6rl\u00fc\u011f\u00fcn\u00fc yapan \u015eair-Yazar Naz\u0131m K\u00d6YCE Bey\u2019e sonsuz \u015f\u00fckranlar\u0131m\u0131 sunar\u0131m.\u201d<\/p>\n<p data-renderer-start-pos=\"625\"><strong data-renderer-mark=\"true\">\u015eair Metin AKAR<\/strong><\/p>\n<p data-renderer-start-pos=\"642\">\u201cDuygular\u0131 tek kalem ile dile getirir iken b\u00fct\u00fcn duygular\u0131n terc\u00fcman\u0131 olacak bir eser ile kar\u015f\u0131 kar\u015f\u0131yay\u0131z. Okurken uzaktan hissedebildi\u011finiz her duyguyu bu kitapta ya\u015fayabilirsiniz. Yan\u0131 ba\u015f\u0131n\u0131zda dokundu\u011funuz m\u0131sralar ile g\u00f6nl\u00fcn\u00fcze dokunacakt\u0131r. Ba\u015far\u0131l\u0131 bir kitap, tebrik ediyorum. Bu de\u011ferli kalemin \u015fiir yolunun a\u00e7\u0131k olmas\u0131n\u0131 t\u00fcm kalbimle temenni ediyorum.\u201d<\/p>\n<p data-renderer-start-pos=\"1006\"><strong data-renderer-mark=\"true\">\u015eair Selvi T\u00fcz\u00fcn Avc\u0131<\/strong><\/p>\n<p data-renderer-start-pos=\"1029\">\u201cS\u00fbzidil, sevdan\u0131n, \u00f6zlemin, yar\u0131m bir hik\u00e2yenin, denizin ortas\u0131nda susuz kalm\u0131\u015fl\u0131\u011f\u0131n, sessiz bir feryad\u0131n, yorgunlu\u011fun, t\u00fcm sebeplerin \u00e7aresiz kald\u0131\u011f\u0131 bi\u00e7areli\u011fin m\u0131sralara yans\u0131yan serzeni\u015fleridir. S\u00fbzidil, okuduk\u00e7a kalbinizde peyda olacak merhametin, sitemin, yang\u0131n\u0131n, gitmekle kalmak aras\u0131ndaki zorlu\u011fun sesidir. S\u00fbzidil, sevenlerin kalbinin en sade lisan\u0131d\u0131r\u2026 \u015eairin kalemini kutluyor, kalplerin sesi olma yolculu\u011funda ba\u015far\u0131lar\u0131n\u0131n devam\u0131n\u0131 diliyorum\u2026 Bir \u015fair ve \u015fiir edit\u00f6r\u00fc olarak mutlaka okunmas\u0131 gereken \u015fiirler aras\u0131nda olmas\u0131 gerekti\u011fini d\u00fc\u015f\u00fcn\u00fcyorum.\u201d<\/p>\n<p data-renderer-start-pos=\"1597\"><strong data-renderer-mark=\"true\">\u015eair-Yazar Naz\u0131m K\u00d6YCE<\/strong><\/p>\n<\/div>\n<\/div>\n","protected":false},"excerpt":{"rendered":"<p>\u201cGeride b\u0131rakt\u0131\u011f\u0131m\u0131z duygular\u0131n iradesidir \u015fiir. Yahut bu duygular\u0131n arkas\u0131ndan seslenmek&#8230; Sevmenin, ayr\u0131lman\u0131n, ac\u0131 duyman\u0131n ve yaln\u0131zl\u0131\u011f\u0131n arkas\u0131ndan seslenmek&#8230; Belki bu duygulara sitem&#8230; \u0130nsan\u0131n \u00f6z\u00fc duygu, duygunun dili \u015fiirdir; insan kalman\u0131n yoludur \u015fiir. Umar\u0131m duygusal anlamda herkesin kendinden bir \u015feyler bulaca\u011f\u0131 bir eser olmu\u015ftur. Bu eseri yay\u0131nlamamda bana destek veren de\u011ferli e\u015fim Z\u00fcbeyde Akar\u2019a, yorumlar\u0131yla esere [&hellip;]<\/p>\n","protected":false},"featured_media":23778,"comment_status":"closed","ping_status":"closed","template":"","meta":[],"product_brand":[],"product_cat":[22],"product_tag":[],"class_list":{"0":"post-23777","1":"product","2":"type-product","3":"status-publish","4":"has-post-thumbnail","6":"product_cat-siir","8":"first","9":"instock","10":"sale","11":"shipping-taxable","12":"purchasable","13":"product-type-simple"},"_links":{"self":[{"href":"https:\/\/kutluyayinevi.com\/magaza\/wp-json\/wp\/v2\/product\/23777","targetHints":{"allow":["GET"]}}],"collection":[{"href":"https:\/\/kutluyayinevi.com\/magaza\/wp-json\/wp\/v2\/product"}],"about":[{"href":"https:\/\/kutluyayinevi.com\/magaza\/wp-json\/wp\/v2\/types\/product"}],"replies":[{"embeddable":true,"href":"https:\/\/kutluyayinevi.com\/magaza\/wp-json\/wp\/v2\/comments?post=23777"}],"wp:featuredmedia":[{"embeddable":true,"href":"https:\/\/kutluyayinevi.com\/magaza\/wp-json\/wp\/v2\/media\/23778"}],"wp:attachment":[{"href":"https:\/\/kutluyayinevi.com\/magaza\/wp-json\/wp\/v2\/media?parent=23777"}],"wp:term":[{"taxonomy":"product_brand","embeddable":true,"href":"https:\/\/kutluyayinevi.com\/magaza\/wp-json\/wp\/v2\/product_brand?post=23777"},{"taxonomy":"product_cat","embeddable":true,"href":"https:\/\/kutluyayinevi.com\/magaza\/wp-json\/wp\/v2\/product_cat?post=23777"},{"taxonomy":"product_tag","embeddable":true,"href":"https:\/\/kutluyayinevi.com\/magaza\/wp-json\/wp\/v2\/product_tag?post=23777"}],"curies":[{"name":"wp","href":"https:\/\/api.w.org\/{rel}","templated":true}]}}