{"id":23794,"date":"2025-06-16T17:55:28","date_gmt":"2025-06-16T14:55:28","guid":{"rendered":"https:\/\/kutluyayinevi.com\/magaza\/?post_type=product&#038;p=23794"},"modified":"2025-06-16T17:55:45","modified_gmt":"2025-06-16T14:55:45","slug":"nur-anne-ve-nazli-oglak-cansu-sole","status":"publish","type":"product","link":"https:\/\/kutluyayinevi.com\/magaza\/urun\/nur-anne-ve-nazli-oglak-cansu-sole\/","title":{"rendered":"Nur Anne ve Nazl\u0131 O\u011flak &#8211; Cansu Sole"},"content":{"rendered":"<p>Ormana girmek i\u00e7in neden izin al\u0131n\u0131rm\u0131\u015f?<br \/>\nA\u011fa\u00e7lar bizim selam\u0131m\u0131z\u0131 duyar m\u0131ym\u0131\u015f?<br \/>\nNur Annenin bu selamlamay\u0131 yapmas\u0131n\u0131n \u00e7ok \u00f6zel bir sebebi varm\u0131\u015f&#8230;<\/p>\n<p><strong>\u00dcr\u00fcn, 22 x 22 cm, renkli bask\u0131d\u0131r.<\/strong><\/p>\n","protected":false},"excerpt":{"rendered":"<p>Ormana girmek i\u00e7in neden izin al\u0131n\u0131rm\u0131\u015f? A\u011fa\u00e7lar bizim selam\u0131m\u0131z\u0131 duyar m\u0131ym\u0131\u015f? Nur Annenin bu selamlamay\u0131 yapmas\u0131n\u0131n \u00e7ok \u00f6zel bir sebebi varm\u0131\u015f&#8230; \u00dcr\u00fcn, 22 x 22 cm, renkli bask\u0131d\u0131r.<\/p>\n","protected":false},"featured_media":23795,"comment_status":"closed","ping_status":"closed","template":"","meta":[],"product_brand":[],"product_cat":[25],"product_tag":[],"class_list":{"0":"post-23794","1":"product","2":"type-product","3":"status-publish","4":"has-post-thumbnail","6":"product_cat-cocuk-kitaplari","8":"first","9":"instock","10":"sale","11":"shipping-taxable","12":"purchasable","13":"product-type-simple"},"_links":{"self":[{"href":"https:\/\/kutluyayinevi.com\/magaza\/wp-json\/wp\/v2\/product\/23794","targetHints":{"allow":["GET"]}}],"collection":[{"href":"https:\/\/kutluyayinevi.com\/magaza\/wp-json\/wp\/v2\/product"}],"about":[{"href":"https:\/\/kutluyayinevi.com\/magaza\/wp-json\/wp\/v2\/types\/product"}],"replies":[{"embeddable":true,"href":"https:\/\/kutluyayinevi.com\/magaza\/wp-json\/wp\/v2\/comments?post=23794"}],"wp:featuredmedia":[{"embeddable":true,"href":"https:\/\/kutluyayinevi.com\/magaza\/wp-json\/wp\/v2\/media\/23795"}],"wp:attachment":[{"href":"https:\/\/kutluyayinevi.com\/magaza\/wp-json\/wp\/v2\/media?parent=23794"}],"wp:term":[{"taxonomy":"product_brand","embeddable":true,"href":"https:\/\/kutluyayinevi.com\/magaza\/wp-json\/wp\/v2\/product_brand?post=23794"},{"taxonomy":"product_cat","embeddable":true,"href":"https:\/\/kutluyayinevi.com\/magaza\/wp-json\/wp\/v2\/product_cat?post=23794"},{"taxonomy":"product_tag","embeddable":true,"href":"https:\/\/kutluyayinevi.com\/magaza\/wp-json\/wp\/v2\/product_tag?post=23794"}],"curies":[{"name":"wp","href":"https:\/\/api.w.org\/{rel}","templated":true}]}}