{"id":23812,"date":"2025-06-20T13:28:19","date_gmt":"2025-06-20T10:28:19","guid":{"rendered":"https:\/\/kutluyayinevi.com\/magaza\/?post_type=product&#038;p=23812"},"modified":"2026-02-20T10:55:21","modified_gmt":"2026-02-20T07:55:21","slug":"her-seye-ragmen-yine-de-cok-mutluyduk-ayse-sultan-erol","status":"publish","type":"product","link":"https:\/\/kutluyayinevi.com\/magaza\/urun\/her-seye-ragmen-yine-de-cok-mutluyduk-ayse-sultan-erol\/","title":{"rendered":"Her \u015eeye Ra\u011fmen Yine de \u00c7ok Mutluyduk &#8211; Ay\u015fe Sultan Erol"},"content":{"rendered":"<p>De\u011ferli okuyucular\u0131m, bu kitab\u0131mda sizlere misafir olarak geldim. Hadi \u00e7aylar\u0131 demleyelim. Her \u015feye ra\u011fmen yine de \u00e7ok mutluyduk de\u011fil mi diye s\u00f6yleyip \u00f6zlemini duydu\u011fumuz g\u00fcnleri yad edelim. Umuyorum ki bug\u00fcnk\u00fc gen\u00e7lerimize de insanlar\u0131n k\u00fc\u00e7\u00fck \u015feylerle de mutlu olabilece\u011fini, payla\u015ft\u0131k\u00e7a mutluluklar\u0131n\u0131n \u00e7o\u011falaca\u011f\u0131n\u0131, kendini mutlu edebilmenin, hayata umutla bakman\u0131n \u00e7ok da zor olmad\u0131\u011f\u0131n\u0131 bir nebze de olsa kalplerine dokunarak \u0131\u015f\u0131k tutabilirsem ne mutlu bana.<\/p>\n<p>Sizlerle dertle\u015ferek, y\u00fcz\u00fcn\u00fczde i\u00e7ten bir tebess\u00fcm olmas\u0131na sebep oldursam ne mutlu bana. Son olarak kendimize bu duygular\u0131 sizlere temennimde ya\u015fat\u0131yor oldu\u011fum i\u00e7in te\u015fekk\u00fcr ediyorum.<\/p>\n<p>SIRA S\u0130ZDE!<\/p>\n<p>Sizlerin de an\u0131lar\u0131n\u0131, mutluluklar\u0131n\u0131, kederlerini kalemime misafir etmek istiyorum. \u0130kinci kitab\u0131m\u0131 sizlerden gelen mektuplar\u0131n\u0131zda an\u0131lar\u0131n\u0131z\u0131 yazarak bana misafirli\u011fe davet ediyorum. Hadi s\u0131ra sizde, payla\u015f\u0131n, hep birlikte payla\u015fal\u0131m.<\/p>\n<p>HER \u015eEYE RA\u011eMEN Y\u0130NE DE \u00c7OK MUTLUYDUK, DE\u011e\u0130L M\u0130?<\/p>\n","protected":false},"excerpt":{"rendered":"<p>De\u011ferli okuyucular\u0131m, bu kitab\u0131mda sizlere misafir olarak geldim. Hadi \u00e7aylar\u0131 demleyelim. Her \u015feye ra\u011fmen yine de \u00e7ok mutluyduk de\u011fil mi diye s\u00f6yleyip \u00f6zlemini duydu\u011fumuz g\u00fcnleri yad edelim. Umuyorum ki bug\u00fcnk\u00fc gen\u00e7lerimize de insanlar\u0131n k\u00fc\u00e7\u00fck \u015feylerle de mutlu olabilece\u011fini, payla\u015ft\u0131k\u00e7a mutluluklar\u0131n\u0131n \u00e7o\u011falaca\u011f\u0131n\u0131, kendini mutlu edebilmenin, hayata umutla bakman\u0131n \u00e7ok da zor olmad\u0131\u011f\u0131n\u0131 bir nebze de olsa [&hellip;]<\/p>\n","protected":false},"featured_media":23813,"comment_status":"closed","ping_status":"closed","template":"","meta":[],"product_brand":[],"product_cat":[52],"product_tag":[],"class_list":{"0":"post-23812","1":"product","2":"type-product","3":"status-publish","4":"has-post-thumbnail","6":"product_cat-ani","8":"first","9":"instock","10":"sale","11":"shipping-taxable","12":"purchasable","13":"product-type-simple"},"_links":{"self":[{"href":"https:\/\/kutluyayinevi.com\/magaza\/wp-json\/wp\/v2\/product\/23812","targetHints":{"allow":["GET"]}}],"collection":[{"href":"https:\/\/kutluyayinevi.com\/magaza\/wp-json\/wp\/v2\/product"}],"about":[{"href":"https:\/\/kutluyayinevi.com\/magaza\/wp-json\/wp\/v2\/types\/product"}],"replies":[{"embeddable":true,"href":"https:\/\/kutluyayinevi.com\/magaza\/wp-json\/wp\/v2\/comments?post=23812"}],"wp:featuredmedia":[{"embeddable":true,"href":"https:\/\/kutluyayinevi.com\/magaza\/wp-json\/wp\/v2\/media\/23813"}],"wp:attachment":[{"href":"https:\/\/kutluyayinevi.com\/magaza\/wp-json\/wp\/v2\/media?parent=23812"}],"wp:term":[{"taxonomy":"product_brand","embeddable":true,"href":"https:\/\/kutluyayinevi.com\/magaza\/wp-json\/wp\/v2\/product_brand?post=23812"},{"taxonomy":"product_cat","embeddable":true,"href":"https:\/\/kutluyayinevi.com\/magaza\/wp-json\/wp\/v2\/product_cat?post=23812"},{"taxonomy":"product_tag","embeddable":true,"href":"https:\/\/kutluyayinevi.com\/magaza\/wp-json\/wp\/v2\/product_tag?post=23812"}],"curies":[{"name":"wp","href":"https:\/\/api.w.org\/{rel}","templated":true}]}}