{"id":23817,"date":"2025-06-20T13:30:51","date_gmt":"2025-06-20T10:30:51","guid":{"rendered":"https:\/\/kutluyayinevi.com\/magaza\/?post_type=product&#038;p=23817"},"modified":"2026-02-23T10:38:07","modified_gmt":"2026-02-23T07:38:07","slug":"turk-milletinin-kurtulus-yolu-turkculuk-ve-bilim-taner-yurtbasi","status":"publish","type":"product","link":"https:\/\/kutluyayinevi.com\/magaza\/urun\/turk-milletinin-kurtulus-yolu-turkculuk-ve-bilim-taner-yurtbasi\/","title":{"rendered":"T\u00fcrk Milleti&#8217;nin Kurtulu\u015f Yolu: T\u00fcrk\u00e7\u00fcl\u00fck ve Bilim &#8211; Taner Yurtba\u015f\u0131"},"content":{"rendered":"<p>T\u00fcrk budur. Y\u0131ld\u0131r\u0131md\u0131r, kas\u0131rgad\u0131r, d\u00fcnyay\u0131 ayd\u0131nlatan g\u00fcne\u015ftir. D\u00fcnyada her \u015fey i\u00e7in, medeniyet i\u00e7in, hayat i\u00e7in, ba\u015far\u0131 i\u00e7in, en hakiki m\u00fcr\u015fit bilimdir, fendir. &#8211; Ba\u015fbu\u011f Mustafa Kemal Atat\u00fcrk<\/p>\n","protected":false},"excerpt":{"rendered":"<p>T\u00fcrk budur. Y\u0131ld\u0131r\u0131md\u0131r, kas\u0131rgad\u0131r, d\u00fcnyay\u0131 ayd\u0131nlatan g\u00fcne\u015ftir. D\u00fcnyada her \u015fey i\u00e7in, medeniyet i\u00e7in, hayat i\u00e7in, ba\u015far\u0131 i\u00e7in, en hakiki m\u00fcr\u015fit bilimdir, fendir. &#8211; Ba\u015fbu\u011f Mustafa Kemal Atat\u00fcrk<\/p>\n","protected":false},"featured_media":23818,"comment_status":"closed","ping_status":"closed","template":"","meta":[],"product_brand":[],"product_cat":[28],"product_tag":[],"class_list":{"0":"post-23817","1":"product","2":"type-product","3":"status-publish","4":"has-post-thumbnail","6":"product_cat-aratirma-inceleme","8":"first","9":"instock","10":"sale","11":"shipping-taxable","12":"purchasable","13":"product-type-simple"},"_links":{"self":[{"href":"https:\/\/kutluyayinevi.com\/magaza\/wp-json\/wp\/v2\/product\/23817","targetHints":{"allow":["GET"]}}],"collection":[{"href":"https:\/\/kutluyayinevi.com\/magaza\/wp-json\/wp\/v2\/product"}],"about":[{"href":"https:\/\/kutluyayinevi.com\/magaza\/wp-json\/wp\/v2\/types\/product"}],"replies":[{"embeddable":true,"href":"https:\/\/kutluyayinevi.com\/magaza\/wp-json\/wp\/v2\/comments?post=23817"}],"wp:featuredmedia":[{"embeddable":true,"href":"https:\/\/kutluyayinevi.com\/magaza\/wp-json\/wp\/v2\/media\/23818"}],"wp:attachment":[{"href":"https:\/\/kutluyayinevi.com\/magaza\/wp-json\/wp\/v2\/media?parent=23817"}],"wp:term":[{"taxonomy":"product_brand","embeddable":true,"href":"https:\/\/kutluyayinevi.com\/magaza\/wp-json\/wp\/v2\/product_brand?post=23817"},{"taxonomy":"product_cat","embeddable":true,"href":"https:\/\/kutluyayinevi.com\/magaza\/wp-json\/wp\/v2\/product_cat?post=23817"},{"taxonomy":"product_tag","embeddable":true,"href":"https:\/\/kutluyayinevi.com\/magaza\/wp-json\/wp\/v2\/product_tag?post=23817"}],"curies":[{"name":"wp","href":"https:\/\/api.w.org\/{rel}","templated":true}]}}