{"id":23864,"date":"2025-07-16T18:40:00","date_gmt":"2025-07-16T15:40:00","guid":{"rendered":"https:\/\/kutluyayinevi.com\/magaza\/?post_type=product&#038;p=23864"},"modified":"2026-02-20T09:46:10","modified_gmt":"2026-02-20T06:46:10","slug":"film-setinin-dili-ghazal-bora","status":"publish","type":"product","link":"https:\/\/kutluyayinevi.com\/magaza\/urun\/film-setinin-dili-ghazal-bora\/","title":{"rendered":"Film Setinin Dili &#8211; Ghazal Bora"},"content":{"rendered":"<div class=\"css-15spm5f\">\n<div class=\"ak-renderer-document\">\n<p data-renderer-start-pos=\"1\"><strong data-renderer-mark=\"true\">Film Setinin Dili<\/strong>, sinema sanat\u0131n\u0131 yaln\u0131zca bir anlat\u0131 de\u011fil, bir mek\u00e2n kurma prati\u011fi olarak ele al\u0131yor. Sahne tasar\u0131m\u0131n\u0131n, bir filmin atmosferini, ritmini ve ideolojik \u00e7er\u00e7evesini nas\u0131l \u015fekillendirdi\u011fini g\u00f6stererek izleyicinin ekranda g\u00f6rd\u00fc\u011f\u00fc her detay\u0131n bilin\u00e7li bir tercihe dayand\u0131\u011f\u0131n\u0131 ortaya koyuyor.<\/p>\n<p data-renderer-start-pos=\"307\">Bu kitap, bilimkurgu sinemas\u0131n\u0131n teknolojik tahayy\u00fcllerinden, T\u00fcrk sinemas\u0131nda yerel mimarinin temsil g\u00fcc\u00fcne; ba\u011f\u0131ms\u0131z sineman\u0131n \u00fcretim k\u0131s\u0131tlar\u0131ndan dijitalle\u015fmenin set anlay\u0131\u015f\u0131na kadar pek \u00e7ok konuyu disiplinleraras\u0131 bir bak\u0131\u015fla irdeliyor. G\u00f6rsel d\u00fcnyan\u0131n g\u00f6r\u00fcnmeyen akl\u0131n\u0131 ke\u015ffetmek isteyenler i\u00e7in hem kuramsal hem pratik bir rehber sunuyor.<\/p>\n<p data-renderer-start-pos=\"654\"><strong data-renderer-mark=\"true\">Yazardan Okuyucusuna\u2026<\/strong> <em data-renderer-mark=\"true\">\u201cSinema, yaln\u0131zca izlemek de\u011fil, okumak ve \u00e7\u00f6z\u00fcmlemektir. Bir film setine bakt\u0131\u011f\u0131n\u0131zda art\u0131k yaln\u0131zca bir sahne de\u011fil, bir fikirler b\u00fct\u00fcn\u00fc, bir anlam haritas\u0131 g\u00f6receksiniz.\u201d<\/em><\/p>\n<\/div>\n<\/div>\n","protected":false},"excerpt":{"rendered":"<p>Film Setinin Dili, sinema sanat\u0131n\u0131 yaln\u0131zca bir anlat\u0131 de\u011fil, bir mek\u00e2n kurma prati\u011fi olarak ele al\u0131yor. Sahne tasar\u0131m\u0131n\u0131n, bir filmin atmosferini, ritmini ve ideolojik \u00e7er\u00e7evesini nas\u0131l \u015fekillendirdi\u011fini g\u00f6stererek izleyicinin ekranda g\u00f6rd\u00fc\u011f\u00fc her detay\u0131n bilin\u00e7li bir tercihe dayand\u0131\u011f\u0131n\u0131 ortaya koyuyor. Bu kitap, bilimkurgu sinemas\u0131n\u0131n teknolojik tahayy\u00fcllerinden, T\u00fcrk sinemas\u0131nda yerel mimarinin temsil g\u00fcc\u00fcne; ba\u011f\u0131ms\u0131z sineman\u0131n \u00fcretim k\u0131s\u0131tlar\u0131ndan [&hellip;]<\/p>\n","protected":false},"featured_media":23865,"comment_status":"closed","ping_status":"closed","template":"","meta":[],"product_brand":[],"product_cat":[109],"product_tag":[],"class_list":{"0":"post-23864","1":"product","2":"type-product","3":"status-publish","4":"has-post-thumbnail","6":"product_cat-sanat","8":"first","9":"instock","10":"sale","11":"shipping-taxable","12":"purchasable","13":"product-type-simple"},"_links":{"self":[{"href":"https:\/\/kutluyayinevi.com\/magaza\/wp-json\/wp\/v2\/product\/23864","targetHints":{"allow":["GET"]}}],"collection":[{"href":"https:\/\/kutluyayinevi.com\/magaza\/wp-json\/wp\/v2\/product"}],"about":[{"href":"https:\/\/kutluyayinevi.com\/magaza\/wp-json\/wp\/v2\/types\/product"}],"replies":[{"embeddable":true,"href":"https:\/\/kutluyayinevi.com\/magaza\/wp-json\/wp\/v2\/comments?post=23864"}],"wp:featuredmedia":[{"embeddable":true,"href":"https:\/\/kutluyayinevi.com\/magaza\/wp-json\/wp\/v2\/media\/23865"}],"wp:attachment":[{"href":"https:\/\/kutluyayinevi.com\/magaza\/wp-json\/wp\/v2\/media?parent=23864"}],"wp:term":[{"taxonomy":"product_brand","embeddable":true,"href":"https:\/\/kutluyayinevi.com\/magaza\/wp-json\/wp\/v2\/product_brand?post=23864"},{"taxonomy":"product_cat","embeddable":true,"href":"https:\/\/kutluyayinevi.com\/magaza\/wp-json\/wp\/v2\/product_cat?post=23864"},{"taxonomy":"product_tag","embeddable":true,"href":"https:\/\/kutluyayinevi.com\/magaza\/wp-json\/wp\/v2\/product_tag?post=23864"}],"curies":[{"name":"wp","href":"https:\/\/api.w.org\/{rel}","templated":true}]}}