{"id":23880,"date":"2025-07-22T16:21:24","date_gmt":"2025-07-22T13:21:24","guid":{"rendered":"https:\/\/kutluyayinevi.com\/magaza\/?post_type=product&#038;p=23880"},"modified":"2025-07-22T17:42:08","modified_gmt":"2025-07-22T14:42:08","slug":"orman-kampinda-kayip-harita","status":"publish","type":"product","link":"https:\/\/kutluyayinevi.com\/magaza\/urun\/orman-kampinda-kayip-harita\/","title":{"rendered":"Orman Kamp\u0131nda Kay\u0131p Harita &#8211; Mehmetali Eyido\u011fan"},"content":{"rendered":"<p>Bu kitap, do\u011fay\u0131 koruman\u0131n, birlikte hareket etmenin ve karde\u015fli\u011fin ne kadar de\u011ferli oldu\u011funu anlatan, umut dolu d\u00f6rt masal sunuyor.<\/p>\n","protected":false},"excerpt":{"rendered":"<p>Bu kitap, do\u011fay\u0131 koruman\u0131n, birlikte hareket etmenin ve karde\u015fli\u011fin ne kadar de\u011ferli oldu\u011funu anlatan, umut dolu d\u00f6rt masal sunuyor.<\/p>\n","protected":false},"featured_media":23882,"comment_status":"closed","ping_status":"closed","template":"","meta":[],"product_brand":[],"product_cat":[25],"product_tag":[117],"class_list":{"0":"post-23880","1":"product","2":"type-product","3":"status-publish","4":"has-post-thumbnail","6":"product_cat-cocuk-kitaplari","7":"product_tag-kitap","9":"first","10":"instock","11":"sale","12":"shipping-taxable","13":"purchasable","14":"product-type-simple"},"_links":{"self":[{"href":"https:\/\/kutluyayinevi.com\/magaza\/wp-json\/wp\/v2\/product\/23880","targetHints":{"allow":["GET"]}}],"collection":[{"href":"https:\/\/kutluyayinevi.com\/magaza\/wp-json\/wp\/v2\/product"}],"about":[{"href":"https:\/\/kutluyayinevi.com\/magaza\/wp-json\/wp\/v2\/types\/product"}],"replies":[{"embeddable":true,"href":"https:\/\/kutluyayinevi.com\/magaza\/wp-json\/wp\/v2\/comments?post=23880"}],"wp:featuredmedia":[{"embeddable":true,"href":"https:\/\/kutluyayinevi.com\/magaza\/wp-json\/wp\/v2\/media\/23882"}],"wp:attachment":[{"href":"https:\/\/kutluyayinevi.com\/magaza\/wp-json\/wp\/v2\/media?parent=23880"}],"wp:term":[{"taxonomy":"product_brand","embeddable":true,"href":"https:\/\/kutluyayinevi.com\/magaza\/wp-json\/wp\/v2\/product_brand?post=23880"},{"taxonomy":"product_cat","embeddable":true,"href":"https:\/\/kutluyayinevi.com\/magaza\/wp-json\/wp\/v2\/product_cat?post=23880"},{"taxonomy":"product_tag","embeddable":true,"href":"https:\/\/kutluyayinevi.com\/magaza\/wp-json\/wp\/v2\/product_tag?post=23880"}],"curies":[{"name":"wp","href":"https:\/\/api.w.org\/{rel}","templated":true}]}}