{"id":23889,"date":"2025-07-30T17:20:24","date_gmt":"2025-07-30T14:20:24","guid":{"rendered":"https:\/\/kutluyayinevi.com\/magaza\/?post_type=product&#038;p=23889"},"modified":"2026-02-19T14:49:01","modified_gmt":"2026-02-19T11:49:01","slug":"bilimkurgu-sinemasi-eldar-bora","status":"publish","type":"product","link":"https:\/\/kutluyayinevi.com\/magaza\/urun\/bilimkurgu-sinemasi-eldar-bora\/","title":{"rendered":"Bilimkurgu Sinemas\u0131 &#8211; Eldar Bora"},"content":{"rendered":"<p>T\u00fcrkiye\u2019nin tan\u0131nm\u0131\u015f <strong data-renderer-mark=\"true\">bilimkurgu Y\u00f6netmeni ve Yazar\u0131 Eldar Bora<\/strong>\u2019n\u0131n kaleminden \u00e7\u0131kan bu eser, bilimkurgunun sinema sanat\u0131yla kesi\u015fti\u011fi noktalar\u0131 derinlemesine ele al\u0131yor. \u0130nsanl\u0131\u011f\u0131n d\u00fc\u015f g\u00fcc\u00fcnden do\u011fan teknolojik tahayy\u00fcllerin perdeye yans\u0131mas\u0131n\u0131 tarihsel, felsefi ve estetik boyutlar\u0131yla inceleyen kitap, t\u00fcr\u00fcn entelekt\u00fcel temellerine dair kapsaml\u0131 bir bak\u0131\u015f sunuyor. G\u00f6rsel anlat\u0131n\u0131n evrimi, gelece\u011fe dair \u00fctopya ve distopyalar\u0131n sinemasal temsiliyle bulu\u015fuyor. <strong data-renderer-mark=\"true\">Bilimin, sanatla<\/strong> i\u00e7 i\u00e7e ge\u00e7ti\u011fi bu \u00f6zg\u00fcn yolculukta Bora, hem izleyiciye hem de sinema profesyonellerine rehberlik ediyor. <strong data-renderer-mark=\"true\">&#8216;Bilimkurgu Sinemas\u0131&#8217;<\/strong>, yaln\u0131zca bir t\u00fcr\u00fcn de\u011fil, insanl\u0131\u011f\u0131n evrensel merak\u0131n\u0131n ve vizyonunun da hik\u00e2yesini anlat\u0131yor. Bu eser, sineman\u0131n yaln\u0131zca e\u011flence de\u011fil; ayn\u0131 zamanda bir d\u00fc\u015f\u00fcnme, sorgulama ve gelece\u011fi tasavvur etme arac\u0131 oldu\u011funu ortaya koyuyor. <strong data-renderer-mark=\"true\">Akademik titizlikle haz\u0131rlanm\u0131\u015f i\u00e7erik<\/strong>, sinema tarihinden \u00e7arp\u0131c\u0131 \u00f6rneklerle desteklenerek okuyucuyu zihinsel bir ke\u015ffe davet ediyor. Film dilinin d\u00f6n\u00fc\u015f\u00fcm\u00fcnden <strong data-renderer-mark=\"true\">Yapay Zek\u00e2<\/strong> temsillerine, <strong data-renderer-mark=\"true\">Uzay<\/strong> anlat\u0131lar\u0131ndan zaman yolculu\u011fu kuramlar\u0131na kadar geni\u015f bir yelpazede derinlemesine analizler sunuluyor. <strong data-renderer-mark=\"true\">Eldar Bora\u2019n\u0131n y\u00f6netmenlik deneyimi, teorik bilgiyle birle\u015ferek bu kitab\u0131 t\u00fcr\u00fcn\u00fcn nadir \u00f6rneklerinden biri h\u00e2line getiriyor. &#8216;Bilimkurgu Sinemas\u0131&#8217;, hem akademik d\u00fcnyaya hem de sinema tutkunlar\u0131na ilham verecek nitelikte \u00f6zg\u00fcn bir ba\u015fvuru kayna\u011f\u0131d\u0131r.<\/strong><\/p>\n","protected":false},"excerpt":{"rendered":"<p>T\u00fcrkiye\u2019nin tan\u0131nm\u0131\u015f bilimkurgu Y\u00f6netmeni ve Yazar\u0131 Eldar Bora\u2019n\u0131n kaleminden \u00e7\u0131kan bu eser, bilimkurgunun sinema sanat\u0131yla kesi\u015fti\u011fi noktalar\u0131 derinlemesine ele al\u0131yor. \u0130nsanl\u0131\u011f\u0131n d\u00fc\u015f g\u00fcc\u00fcnden do\u011fan teknolojik tahayy\u00fcllerin perdeye yans\u0131mas\u0131n\u0131 tarihsel, felsefi ve estetik boyutlar\u0131yla inceleyen kitap, t\u00fcr\u00fcn entelekt\u00fcel temellerine dair kapsaml\u0131 bir bak\u0131\u015f sunuyor. G\u00f6rsel anlat\u0131n\u0131n evrimi, gelece\u011fe dair \u00fctopya ve distopyalar\u0131n sinemasal temsiliyle bulu\u015fuyor. Bilimin, [&hellip;]<\/p>\n","protected":false},"featured_media":23890,"comment_status":"closed","ping_status":"closed","template":"","meta":[],"product_brand":[],"product_cat":[109],"product_tag":[],"class_list":{"0":"post-23889","1":"product","2":"type-product","3":"status-publish","4":"has-post-thumbnail","6":"product_cat-sanat","8":"first","9":"instock","10":"sale","11":"shipping-taxable","12":"purchasable","13":"product-type-simple"},"_links":{"self":[{"href":"https:\/\/kutluyayinevi.com\/magaza\/wp-json\/wp\/v2\/product\/23889","targetHints":{"allow":["GET"]}}],"collection":[{"href":"https:\/\/kutluyayinevi.com\/magaza\/wp-json\/wp\/v2\/product"}],"about":[{"href":"https:\/\/kutluyayinevi.com\/magaza\/wp-json\/wp\/v2\/types\/product"}],"replies":[{"embeddable":true,"href":"https:\/\/kutluyayinevi.com\/magaza\/wp-json\/wp\/v2\/comments?post=23889"}],"wp:featuredmedia":[{"embeddable":true,"href":"https:\/\/kutluyayinevi.com\/magaza\/wp-json\/wp\/v2\/media\/23890"}],"wp:attachment":[{"href":"https:\/\/kutluyayinevi.com\/magaza\/wp-json\/wp\/v2\/media?parent=23889"}],"wp:term":[{"taxonomy":"product_brand","embeddable":true,"href":"https:\/\/kutluyayinevi.com\/magaza\/wp-json\/wp\/v2\/product_brand?post=23889"},{"taxonomy":"product_cat","embeddable":true,"href":"https:\/\/kutluyayinevi.com\/magaza\/wp-json\/wp\/v2\/product_cat?post=23889"},{"taxonomy":"product_tag","embeddable":true,"href":"https:\/\/kutluyayinevi.com\/magaza\/wp-json\/wp\/v2\/product_tag?post=23889"}],"curies":[{"name":"wp","href":"https:\/\/api.w.org\/{rel}","templated":true}]}}