{"id":23891,"date":"2025-07-30T16:21:02","date_gmt":"2025-07-30T13:21:02","guid":{"rendered":"https:\/\/kutluyayinevi.com\/magaza\/?post_type=product&#038;p=23891"},"modified":"2026-02-20T09:22:57","modified_gmt":"2026-02-20T06:22:57","slug":"erkek-menopozu-andropoz-gulnaz-calikoglu","status":"publish","type":"product","link":"https:\/\/kutluyayinevi.com\/magaza\/urun\/erkek-menopozu-andropoz-gulnaz-calikoglu\/","title":{"rendered":"Erkek Menopozu Andropoz &#8211; G\u00fclnaz \u00c7al\u0131ko\u011flu"},"content":{"rendered":"<p><strong data-renderer-mark=\"true\">&#8220;Erkek Menopozu Andropoz&#8221;<\/strong> adl\u0131 bu kitap, erkeklerde ya\u015flanmayla birlikte meydana gelen hormonal, fiziksel ve duygusal de\u011fi\u015fimleri ele al\u0131yor. Andropozun, testosteron seviyesindeki d\u00fc\u015f\u00fc\u015fle ili\u015fkili oldu\u011fu vurgulan\u0131rken bu d\u00f6nemin genellikle g\u00f6rmezden gelindi\u011fi anlat\u0131l\u0131yor. Kitap, erkeklerde halsizlik, depresyon gibi belirtileri tan\u0131mlar ve \u00e7\u00f6z\u00fcm yollar\u0131 sunar. Bu eser, andropozun do\u011fal ve y\u00f6netilebilir bir s\u00fcre\u00e7 oldu\u011funu, bilin\u00e7li bir yakla\u015f\u0131mla ya\u015fam kalitesinin art\u0131r\u0131labilece\u011fini anlat\u0131r.<\/p>\n","protected":false},"excerpt":{"rendered":"<p>&#8220;Erkek Menopozu Andropoz&#8221; adl\u0131 bu kitap, erkeklerde ya\u015flanmayla birlikte meydana gelen hormonal, fiziksel ve duygusal de\u011fi\u015fimleri ele al\u0131yor. Andropozun, testosteron seviyesindeki d\u00fc\u015f\u00fc\u015fle ili\u015fkili oldu\u011fu vurgulan\u0131rken bu d\u00f6nemin genellikle g\u00f6rmezden gelindi\u011fi anlat\u0131l\u0131yor. Kitap, erkeklerde halsizlik, depresyon gibi belirtileri tan\u0131mlar ve \u00e7\u00f6z\u00fcm yollar\u0131 sunar. Bu eser, andropozun do\u011fal ve y\u00f6netilebilir bir s\u00fcre\u00e7 oldu\u011funu, bilin\u00e7li bir yakla\u015f\u0131mla ya\u015fam [&hellip;]<\/p>\n","protected":false},"featured_media":23892,"comment_status":"closed","ping_status":"closed","template":"","meta":[],"product_brand":[],"product_cat":[32],"product_tag":[],"class_list":{"0":"post-23891","1":"product","2":"type-product","3":"status-publish","4":"has-post-thumbnail","6":"product_cat-kisisel-gelisim","8":"first","9":"instock","10":"sale","11":"shipping-taxable","12":"purchasable","13":"product-type-simple"},"_links":{"self":[{"href":"https:\/\/kutluyayinevi.com\/magaza\/wp-json\/wp\/v2\/product\/23891","targetHints":{"allow":["GET"]}}],"collection":[{"href":"https:\/\/kutluyayinevi.com\/magaza\/wp-json\/wp\/v2\/product"}],"about":[{"href":"https:\/\/kutluyayinevi.com\/magaza\/wp-json\/wp\/v2\/types\/product"}],"replies":[{"embeddable":true,"href":"https:\/\/kutluyayinevi.com\/magaza\/wp-json\/wp\/v2\/comments?post=23891"}],"wp:featuredmedia":[{"embeddable":true,"href":"https:\/\/kutluyayinevi.com\/magaza\/wp-json\/wp\/v2\/media\/23892"}],"wp:attachment":[{"href":"https:\/\/kutluyayinevi.com\/magaza\/wp-json\/wp\/v2\/media?parent=23891"}],"wp:term":[{"taxonomy":"product_brand","embeddable":true,"href":"https:\/\/kutluyayinevi.com\/magaza\/wp-json\/wp\/v2\/product_brand?post=23891"},{"taxonomy":"product_cat","embeddable":true,"href":"https:\/\/kutluyayinevi.com\/magaza\/wp-json\/wp\/v2\/product_cat?post=23891"},{"taxonomy":"product_tag","embeddable":true,"href":"https:\/\/kutluyayinevi.com\/magaza\/wp-json\/wp\/v2\/product_tag?post=23891"}],"curies":[{"name":"wp","href":"https:\/\/api.w.org\/{rel}","templated":true}]}}