{"id":23915,"date":"2025-08-12T11:53:46","date_gmt":"2025-08-12T08:53:46","guid":{"rendered":"https:\/\/kutluyayinevi.com\/magaza\/?post_type=product&#038;p=23915"},"modified":"2026-02-20T12:43:14","modified_gmt":"2026-02-20T09:43:14","slug":"kul-banu-ozbekistani-anlatiyor-banu-koca","status":"publish","type":"product","link":"https:\/\/kutluyayinevi.com\/magaza\/urun\/kul-banu-ozbekistani-anlatiyor-banu-koca\/","title":{"rendered":"Kul Banu \u00d6zbekistan&#8217;\u0131 Anlat\u0131yor &#8211; Banu Koca"},"content":{"rendered":"<p>2024 Temmuzunda Akide&#8217;ye yolculu\u011fumuz, \u00d6zbekistan Hive&#8217;de ba\u015flad\u0131&#8230; Onu izleyen Buhara, ak\u0131llar\u0131 kalbe ba\u011flad\u0131. Semerkand, mimaride sanat\u0131 ta\u00e7land\u0131rd\u0131. Ta\u015fkent, Hz. Osman&#8217;\u0131n Mushaf&#8217;\u0131na ev sahipli\u011fi yapt\u0131. Ahmed Yesevi&#8217;yi ziyaretimiz zirve oldu, d\u00f6n\u00fc\u015f yoluna ge\u00e7ince g\u00f6zlerim doldu&#8230; Banu Koca, nam\u0131di\u011fer Kul Banu&#8217;nun dilinden ve kaleminden, 2024 yaz\u0131nda Hive&#8217;den ba\u015flay\u0131p Ahmed Yesevi&#8217;nin manevi huzurunda son bulan bir yolculuk&#8230; Hive&#8217;nin b\u00fcy\u00fcleyici atmosferi, Buhara&#8217;n\u0131n manevi iklimi, Semerkand&#8217;\u0131n mimarideki zarafeti ve daha fazlas\u0131&#8230; Bu alelade bir seyahat rotas\u0131 de\u011fil; medeniyetin ruhuna dokunu\u015f, ge\u00e7mi\u015fle bug\u00fcn\u00fc birbirine ba\u011flayan bir k\u00f6pr\u00fc. Her sat\u0131r\u0131nda tarihin derinliklerine, engin bir maneviyata ve mimari estetikte doruk noktas\u0131na \u015fahitlik edece\u011finiz bu kitap, unutulan hikayeleri yeniden dillendiren ve ge\u00e7mi\u015fin izini s\u00fcren bir k\u0131lavuz g\u00f6revi g\u00f6r\u00fcyor. Kitab\u0131 elinize ald\u0131\u011f\u0131n\u0131zda sadece okumayacak; ayn\u0131 zamanda d\u00fc\u015f\u00fcnecek, hissedecek ve zaman t\u00fcnelinden ge\u00e7erek bir seyahate \u00e7\u0131kacaks\u0131n\u0131z. Maneviyat\u0131n ve esteti\u011fin izinde bir tarih yolculu\u011funa \u00e7\u0131kmak i\u00e7in sayfalar\u0131 \u00e7evirmeye ba\u015flayabilirsiniz&#8230;<\/p>\n","protected":false},"excerpt":{"rendered":"<p>2024 Temmuzunda Akide&#8217;ye yolculu\u011fumuz, \u00d6zbekistan Hive&#8217;de ba\u015flad\u0131&#8230; Onu izleyen Buhara, ak\u0131llar\u0131 kalbe ba\u011flad\u0131. Semerkand, mimaride sanat\u0131 ta\u00e7land\u0131rd\u0131. Ta\u015fkent, Hz. Osman&#8217;\u0131n Mushaf&#8217;\u0131na ev sahipli\u011fi yapt\u0131. Ahmed Yesevi&#8217;yi ziyaretimiz zirve oldu, d\u00f6n\u00fc\u015f yoluna ge\u00e7ince g\u00f6zlerim doldu&#8230; Banu Koca, nam\u0131di\u011fer Kul Banu&#8217;nun dilinden ve kaleminden, 2024 yaz\u0131nda Hive&#8217;den ba\u015flay\u0131p Ahmed Yesevi&#8217;nin manevi huzurunda son bulan bir yolculuk&#8230; Hive&#8217;nin [&hellip;]<\/p>\n","protected":false},"featured_media":23916,"comment_status":"closed","ping_status":"closed","template":"","meta":[],"product_brand":[],"product_cat":[52],"product_tag":[],"class_list":{"0":"post-23915","1":"product","2":"type-product","3":"status-publish","4":"has-post-thumbnail","6":"product_cat-ani","8":"first","9":"instock","10":"sale","11":"shipping-taxable","12":"purchasable","13":"product-type-simple"},"_links":{"self":[{"href":"https:\/\/kutluyayinevi.com\/magaza\/wp-json\/wp\/v2\/product\/23915","targetHints":{"allow":["GET"]}}],"collection":[{"href":"https:\/\/kutluyayinevi.com\/magaza\/wp-json\/wp\/v2\/product"}],"about":[{"href":"https:\/\/kutluyayinevi.com\/magaza\/wp-json\/wp\/v2\/types\/product"}],"replies":[{"embeddable":true,"href":"https:\/\/kutluyayinevi.com\/magaza\/wp-json\/wp\/v2\/comments?post=23915"}],"wp:featuredmedia":[{"embeddable":true,"href":"https:\/\/kutluyayinevi.com\/magaza\/wp-json\/wp\/v2\/media\/23916"}],"wp:attachment":[{"href":"https:\/\/kutluyayinevi.com\/magaza\/wp-json\/wp\/v2\/media?parent=23915"}],"wp:term":[{"taxonomy":"product_brand","embeddable":true,"href":"https:\/\/kutluyayinevi.com\/magaza\/wp-json\/wp\/v2\/product_brand?post=23915"},{"taxonomy":"product_cat","embeddable":true,"href":"https:\/\/kutluyayinevi.com\/magaza\/wp-json\/wp\/v2\/product_cat?post=23915"},{"taxonomy":"product_tag","embeddable":true,"href":"https:\/\/kutluyayinevi.com\/magaza\/wp-json\/wp\/v2\/product_tag?post=23915"}],"curies":[{"name":"wp","href":"https:\/\/api.w.org\/{rel}","templated":true}]}}