{"id":23917,"date":"2025-08-12T11:56:14","date_gmt":"2025-08-12T08:56:14","guid":{"rendered":"https:\/\/kutluyayinevi.com\/magaza\/?post_type=product&#038;p=23917"},"modified":"2026-02-20T09:33:46","modified_gmt":"2026-02-20T06:33:46","slug":"esek-ile-arisi-mehmet-oner","status":"publish","type":"product","link":"https:\/\/kutluyayinevi.com\/magaza\/urun\/esek-ile-arisi-mehmet-oner\/","title":{"rendered":"E\u015fek ile Ar\u0131s\u0131 &#8211; Mehmet \u00d6ner"},"content":{"rendered":"<p>Bu kitap, e\u015fek ile e\u015fek ar\u0131s\u0131n\u0131n keskin ve derin diyaloglar\u0131ndan m\u00fcte\u015fekkildir. E\u015fe\u011fin, horlay\u0131p k\u0131nad\u0131\u011f\u0131 e\u015fek ar\u0131s\u0131 ile dost olma s\u00fcrecini benlik, kibir, gurur, cehalet, ilim, hikmet ve feraset gibi temel kavramlarla anlatmaktad\u0131r. T\u00fcm konular\u0131 g\u00fc\u00e7l\u00fc bir \u00fcslupla i\u015flemektedir. \u0130nsan\u0131n hakikat aray\u0131\u015f\u0131na da rehberlik edecektir.<\/p>\n","protected":false},"excerpt":{"rendered":"<p>Bu kitap, e\u015fek ile e\u015fek ar\u0131s\u0131n\u0131n keskin ve derin diyaloglar\u0131ndan m\u00fcte\u015fekkildir. E\u015fe\u011fin, horlay\u0131p k\u0131nad\u0131\u011f\u0131 e\u015fek ar\u0131s\u0131 ile dost olma s\u00fcrecini benlik, kibir, gurur, cehalet, ilim, hikmet ve feraset gibi temel kavramlarla anlatmaktad\u0131r. T\u00fcm konular\u0131 g\u00fc\u00e7l\u00fc bir \u00fcslupla i\u015flemektedir. \u0130nsan\u0131n hakikat aray\u0131\u015f\u0131na da rehberlik edecektir.<\/p>\n","protected":false},"featured_media":23918,"comment_status":"closed","ping_status":"closed","template":"","meta":[],"product_brand":[],"product_cat":[107],"product_tag":[],"class_list":{"0":"post-23917","1":"product","2":"type-product","3":"status-publish","4":"has-post-thumbnail","6":"product_cat-oyku","8":"first","9":"instock","10":"sale","11":"shipping-taxable","12":"purchasable","13":"product-type-simple"},"_links":{"self":[{"href":"https:\/\/kutluyayinevi.com\/magaza\/wp-json\/wp\/v2\/product\/23917","targetHints":{"allow":["GET"]}}],"collection":[{"href":"https:\/\/kutluyayinevi.com\/magaza\/wp-json\/wp\/v2\/product"}],"about":[{"href":"https:\/\/kutluyayinevi.com\/magaza\/wp-json\/wp\/v2\/types\/product"}],"replies":[{"embeddable":true,"href":"https:\/\/kutluyayinevi.com\/magaza\/wp-json\/wp\/v2\/comments?post=23917"}],"wp:featuredmedia":[{"embeddable":true,"href":"https:\/\/kutluyayinevi.com\/magaza\/wp-json\/wp\/v2\/media\/23918"}],"wp:attachment":[{"href":"https:\/\/kutluyayinevi.com\/magaza\/wp-json\/wp\/v2\/media?parent=23917"}],"wp:term":[{"taxonomy":"product_brand","embeddable":true,"href":"https:\/\/kutluyayinevi.com\/magaza\/wp-json\/wp\/v2\/product_brand?post=23917"},{"taxonomy":"product_cat","embeddable":true,"href":"https:\/\/kutluyayinevi.com\/magaza\/wp-json\/wp\/v2\/product_cat?post=23917"},{"taxonomy":"product_tag","embeddable":true,"href":"https:\/\/kutluyayinevi.com\/magaza\/wp-json\/wp\/v2\/product_tag?post=23917"}],"curies":[{"name":"wp","href":"https:\/\/api.w.org\/{rel}","templated":true}]}}