{"id":23921,"date":"2025-08-12T12:11:02","date_gmt":"2025-08-12T09:11:02","guid":{"rendered":"https:\/\/kutluyayinevi.com\/magaza\/?post_type=product&#038;p=23921"},"modified":"2026-02-20T09:34:13","modified_gmt":"2026-02-20T06:34:13","slug":"esik-mustafa-eroglu","status":"publish","type":"product","link":"https:\/\/kutluyayinevi.com\/magaza\/urun\/esik-mustafa-eroglu\/","title":{"rendered":"E\u015fik &#8211; Mustafa Ero\u011flu"},"content":{"rendered":"<p data-renderer-start-pos=\"21\">Alper\u2019in ge\u00e7mi\u015fine dayanan bir hesapla\u015fmas\u0131 vard\u0131. Ge\u00e7mi\u015fi olduk\u00e7a s\u0131ra d\u0131\u015f\u0131yd\u0131. Fakat art\u0131k \u00f6ylesine yorulmu\u015ftu ki her \u015feyden vazge\u00e7mi\u015f s\u0131radan bir hayat s\u00fcrmekteyken o tekrar ummad\u0131\u011f\u0131 bir \u015fekilde kar\u015f\u0131s\u0131na \u00e7\u0131km\u0131\u015ft\u0131. Bu sefer daha h\u0131rsl\u0131, daha kurnaz ve daha kana susam\u0131\u015ft\u0131. Olu\u015fturmu\u015f oldu\u011fu ate\u015f \u00e7emberine en son ve en b\u00fcy\u00fck av\u0131n\u0131 yani Alper\u2019i \u00e7ekmek istiyordu.<\/p>\n<p data-renderer-start-pos=\"387\">Kim miydi o?<\/p>\n<p data-renderer-start-pos=\"401\">Kimsenin kar\u015f\u0131la\u015fmak istemeyece\u011fi t\u00fcrden bir varl\u0131kt\u0131. Ve bu sefer farkl\u0131 bir surette Alper\u2019in kar\u015f\u0131s\u0131na \u00e7\u0131km\u0131\u015ft\u0131.<\/p>\n","protected":false},"excerpt":{"rendered":"<p>Alper\u2019in ge\u00e7mi\u015fine dayanan bir hesapla\u015fmas\u0131 vard\u0131. Ge\u00e7mi\u015fi olduk\u00e7a s\u0131ra d\u0131\u015f\u0131yd\u0131. Fakat art\u0131k \u00f6ylesine yorulmu\u015ftu ki her \u015feyden vazge\u00e7mi\u015f s\u0131radan bir hayat s\u00fcrmekteyken o tekrar ummad\u0131\u011f\u0131 bir \u015fekilde kar\u015f\u0131s\u0131na \u00e7\u0131km\u0131\u015ft\u0131. Bu sefer daha h\u0131rsl\u0131, daha kurnaz ve daha kana susam\u0131\u015ft\u0131. Olu\u015fturmu\u015f oldu\u011fu ate\u015f \u00e7emberine en son ve en b\u00fcy\u00fck av\u0131n\u0131 yani Alper\u2019i \u00e7ekmek istiyordu. Kim miydi [&hellip;]<\/p>\n","protected":false},"featured_media":23922,"comment_status":"closed","ping_status":"closed","template":"","meta":[],"product_brand":[],"product_cat":[24],"product_tag":[],"class_list":{"0":"post-23921","1":"product","2":"type-product","3":"status-publish","4":"has-post-thumbnail","6":"product_cat-roman","8":"first","9":"instock","10":"sale","11":"shipping-taxable","12":"purchasable","13":"product-type-simple"},"_links":{"self":[{"href":"https:\/\/kutluyayinevi.com\/magaza\/wp-json\/wp\/v2\/product\/23921","targetHints":{"allow":["GET"]}}],"collection":[{"href":"https:\/\/kutluyayinevi.com\/magaza\/wp-json\/wp\/v2\/product"}],"about":[{"href":"https:\/\/kutluyayinevi.com\/magaza\/wp-json\/wp\/v2\/types\/product"}],"replies":[{"embeddable":true,"href":"https:\/\/kutluyayinevi.com\/magaza\/wp-json\/wp\/v2\/comments?post=23921"}],"wp:featuredmedia":[{"embeddable":true,"href":"https:\/\/kutluyayinevi.com\/magaza\/wp-json\/wp\/v2\/media\/23922"}],"wp:attachment":[{"href":"https:\/\/kutluyayinevi.com\/magaza\/wp-json\/wp\/v2\/media?parent=23921"}],"wp:term":[{"taxonomy":"product_brand","embeddable":true,"href":"https:\/\/kutluyayinevi.com\/magaza\/wp-json\/wp\/v2\/product_brand?post=23921"},{"taxonomy":"product_cat","embeddable":true,"href":"https:\/\/kutluyayinevi.com\/magaza\/wp-json\/wp\/v2\/product_cat?post=23921"},{"taxonomy":"product_tag","embeddable":true,"href":"https:\/\/kutluyayinevi.com\/magaza\/wp-json\/wp\/v2\/product_tag?post=23921"}],"curies":[{"name":"wp","href":"https:\/\/api.w.org\/{rel}","templated":true}]}}