{"id":23923,"date":"2025-08-12T12:12:32","date_gmt":"2025-08-12T09:12:32","guid":{"rendered":"https:\/\/kutluyayinevi.com\/magaza\/?post_type=product&#038;p=23923"},"modified":"2026-02-20T09:53:01","modified_gmt":"2026-02-20T06:53:01","slug":"geri-donduler-islam-demirel","status":"publish","type":"product","link":"https:\/\/kutluyayinevi.com\/magaza\/urun\/geri-donduler-islam-demirel\/","title":{"rendered":"Geri D\u00f6nd\u00fcler &#8211; \u0130slam Demirel"},"content":{"rendered":"<p>Bu topraklar sadece sava\u015fla de\u011fil, dualarla savunuldu. 1915&#8217;te, bir millet yokluk i\u00e7inde aya\u011fa kalkt\u0131. D\u00fcnyan\u0131n en b\u00fcy\u00fck donanmas\u0131na kar\u015f\u0131 imanla, sab\u0131rla, inan\u00e7la direndi. Mehmet\u00e7ik, yaln\u0131zca d\u00fc\u015fmana de\u011fil, \u00f6l\u00fcm korkusuna da meydan okudu. Bu kitapta yaln\u0131zca sava\u015f yok&#8230; S\u00fcng\u00fcyle de\u011fil, kalple yaz\u0131lm\u0131\u015f destanlar var. &#8220;Kolumu kesiver komutan\u0131m.&#8221; diyen bir yi\u011fit var. \u00c7anakkale sadece bir cephe de\u011fil, bir milletin yeniden do\u011fu\u015fudur. Ve bu kitap, o do\u011fu\u015fun sesidir.<br \/>\nBir annenin duas\u0131 var.<br \/>\nBir askerin vasiyeti&#8230;<\/p>\n","protected":false},"excerpt":{"rendered":"<p>Bu topraklar sadece sava\u015fla de\u011fil, dualarla savunuldu. 1915&#8217;te, bir millet yokluk i\u00e7inde aya\u011fa kalkt\u0131. D\u00fcnyan\u0131n en b\u00fcy\u00fck donanmas\u0131na kar\u015f\u0131 imanla, sab\u0131rla, inan\u00e7la direndi. Mehmet\u00e7ik, yaln\u0131zca d\u00fc\u015fmana de\u011fil, \u00f6l\u00fcm korkusuna da meydan okudu. Bu kitapta yaln\u0131zca sava\u015f yok&#8230; S\u00fcng\u00fcyle de\u011fil, kalple yaz\u0131lm\u0131\u015f destanlar var. &#8220;Kolumu kesiver komutan\u0131m.&#8221; diyen bir yi\u011fit var. \u00c7anakkale sadece bir cephe de\u011fil, [&hellip;]<\/p>\n","protected":false},"featured_media":23924,"comment_status":"closed","ping_status":"closed","template":"","meta":[],"product_brand":[],"product_cat":[24],"product_tag":[],"class_list":{"0":"post-23923","1":"product","2":"type-product","3":"status-publish","4":"has-post-thumbnail","6":"product_cat-roman","8":"first","9":"instock","10":"sale","11":"shipping-taxable","12":"purchasable","13":"product-type-simple"},"_links":{"self":[{"href":"https:\/\/kutluyayinevi.com\/magaza\/wp-json\/wp\/v2\/product\/23923","targetHints":{"allow":["GET"]}}],"collection":[{"href":"https:\/\/kutluyayinevi.com\/magaza\/wp-json\/wp\/v2\/product"}],"about":[{"href":"https:\/\/kutluyayinevi.com\/magaza\/wp-json\/wp\/v2\/types\/product"}],"replies":[{"embeddable":true,"href":"https:\/\/kutluyayinevi.com\/magaza\/wp-json\/wp\/v2\/comments?post=23923"}],"wp:featuredmedia":[{"embeddable":true,"href":"https:\/\/kutluyayinevi.com\/magaza\/wp-json\/wp\/v2\/media\/23924"}],"wp:attachment":[{"href":"https:\/\/kutluyayinevi.com\/magaza\/wp-json\/wp\/v2\/media?parent=23923"}],"wp:term":[{"taxonomy":"product_brand","embeddable":true,"href":"https:\/\/kutluyayinevi.com\/magaza\/wp-json\/wp\/v2\/product_brand?post=23923"},{"taxonomy":"product_cat","embeddable":true,"href":"https:\/\/kutluyayinevi.com\/magaza\/wp-json\/wp\/v2\/product_cat?post=23923"},{"taxonomy":"product_tag","embeddable":true,"href":"https:\/\/kutluyayinevi.com\/magaza\/wp-json\/wp\/v2\/product_tag?post=23923"}],"curies":[{"name":"wp","href":"https:\/\/api.w.org\/{rel}","templated":true}]}}