{"id":23925,"date":"2025-08-12T12:37:32","date_gmt":"2025-08-12T09:37:32","guid":{"rendered":"https:\/\/kutluyayinevi.com\/magaza\/?post_type=product&#038;p=23925"},"modified":"2025-09-16T15:51:30","modified_gmt":"2025-09-16T12:51:30","slug":"gokturks-2142-senorizm","status":"publish","type":"product","link":"https:\/\/kutluyayinevi.com\/magaza\/urun\/gokturks-2142-senorizm\/","title":{"rendered":"G\u00f6kt\u00fcrks 2142 &#8211; Senorizm"},"content":{"rendered":"<p>Ankar ve Ayra gizli bir vazifeyle Antarktika\u2019daki T\u00fcrk \u00fcss\u00fcne giderken denizalt\u0131 kazas\u0131 ge\u00e7irir ve g\u00f6zlerini a\u00e7\u0131nca kendilerini T\u00fcrkland adl\u0131 su alt\u0131 \u015fehrinde bulurlar. Yery\u00fcz\u00fc tamamen sularla kapl\u0131d\u0131r ve katastrofiden sa\u011f kurtulan insanlar, T\u00fcrk Devlet Akl\u0131 himayesinde Anadolu\u2019da in\u015fa edilen ileri teknoloji \u00fcr\u00fcn\u00fc bir habitat i\u00e7inde ve bar\u0131\u015f\u00e7\u0131l ortamda ya\u015famlar\u0131na devam etmektedir. Huzurlu ya\u015fam\u0131 ret eden paral\u0131 asker eskisi bir avu\u00e7 korsan ise dolu\u015ftuklar\u0131 k\u00f6hne bir denizalt\u0131 gemisinde g\u00f6\u00e7ebe hayat\u0131n\u0131 tercih etmi\u015ftir. Enakhun ad\u0131ndaki bir \u00fcstad\u0131n rehberli\u011finde iki misafir, yeni ya\u015famlar\u0131na uyum sa\u011flarken ayn\u0131 zamanda orada bulunma sebeplerini ke\u015ffedecektir.Eski D\u00fcnya\u2019dan gelen misafirler, -her toplumda oldu\u011fu gibi- kurtar\u0131c\u0131 bekleyen habitat halk\u0131n\u0131n y\u0131llard\u0131r dillendirdikleri kehanetin canlanarak baz\u0131 ezoterik hadiselerin g\u00fcn \u0131\u015f\u0131\u011f\u0131na \u00e7\u0131kmas\u0131na vesile olurlar. B\u00f6ylece zincirleme olaylar silsilesinin fitili ate\u015flenir ve kadim \u00e7a\u011flardan g\u00fcn\u00fcm\u00fcze dek efsanevi \u2018G\u00fc\u00e7 Halkas\u0131\u2019n\u0131 koruyan t\u0131ls\u0131m muhaf\u0131zlar\u0131n\u0131 harekete ge\u00e7irir. Anahtar T\u0131ls\u0131m\u2019\u0131 (Tengrum) ta\u015f\u0131yan ba\u015fmuhaf\u0131z \u00f6nderli\u011finde vazifelerini ifa edecek muhaf\u0131zlar, t\u0131ls\u0131mlar\u0131 ele ge\u00e7irmek isteyen d\u00fc\u015fmanla \u00e7etin bir m\u00fccadele i\u00e7ine girmek zorunda kalacakt\u0131r. \u00c7ok ge\u00e7meden olaylar\u0131n geli\u015fimi h\u0131zlanacak ve yery\u00fcz\u00fcnde y\u00fczy\u0131llard\u0131r s\u00fcre giden O\u011fuz O\u011fullar\u0131 ile Baal O\u011fullar\u0131 aras\u0131ndaki ezeli m\u00fccadele su alt\u0131 d\u00fcnyas\u0131nda katlanarak devam edecektir.<\/p>\n<p>Okur olarak, Ankar ile Ayra\u2019n\u0131n Hak ve Bat\u0131l aras\u0131nda kendilerini bulduklar\u0131 m\u00fccadelede \u00f6yk\u00fc ak\u0131\u015f\u0131n\u0131 heyecanla takip ederken, Yazar\u2019\u0131n yine kendi kaleminden derledi\u011fi ill\u00fcstrasyonlar vas\u0131tas\u0131yla da betimlenen sahneleri okuduklar\u0131n\u0131zla zihninizde harmanlayacak ve sinematik bir g\u00f6rsellik hissiyat\u0131yla keyifli bir okuma s\u00fcreci ya\u015fayacaks\u0131n\u0131z.<\/p>\n<table>\n<tbody>\n<tr>\n<td>Yay\u0131n Tarihi:<\/td>\n<td>13.08.2025<\/td>\n<\/tr>\n<tr>\n<td>ISBN:<\/td>\n<td>9786255960948<\/td>\n<\/tr>\n<tr>\n<td>Dil:<\/td>\n<td>T\u00dcRK\u00c7E<\/td>\n<\/tr>\n<tr>\n<td>Sayfa Say\u0131s\u0131:<\/td>\n<td>256<\/td>\n<\/tr>\n<tr>\n<td>Cilt Tipi:<\/td>\n<td>Karton Kapak<\/td>\n<\/tr>\n<tr>\n<td>Ka\u011f\u0131t Cinsi:<\/td>\n<td>Kitap Ka\u011f\u0131d\u0131<\/td>\n<\/tr>\n<tr>\n<td>Boyut:<\/td>\n<td>16 x 24 cm<\/td>\n<\/tr>\n<\/tbody>\n<\/table>\n<p><img loading=\"lazy\" decoding=\"async\" class=\"aligncenter  wp-image-23989\" src=\"https:\/\/kutluyayinevi.com\/magaza\/wp-content\/uploads\/2025\/08\/gokturks-cizimler.jpg\" alt=\"\" width=\"620\" height=\"877\" srcset=\"https:\/\/kutluyayinevi.com\/magaza\/wp-content\/uploads\/2025\/08\/gokturks-cizimler.jpg 1240w, https:\/\/kutluyayinevi.com\/magaza\/wp-content\/uploads\/2025\/08\/gokturks-cizimler-212x300.jpg 212w, https:\/\/kutluyayinevi.com\/magaza\/wp-content\/uploads\/2025\/08\/gokturks-cizimler-724x1024.jpg 724w, https:\/\/kutluyayinevi.com\/magaza\/wp-content\/uploads\/2025\/08\/gokturks-cizimler-768x1086.jpg 768w, https:\/\/kutluyayinevi.com\/magaza\/wp-content\/uploads\/2025\/08\/gokturks-cizimler-1086x1536.jpg 1086w, https:\/\/kutluyayinevi.com\/magaza\/wp-content\/uploads\/2025\/08\/gokturks-cizimler-416x588.jpg 416w\" sizes=\"auto, (max-width: 620px) 100vw, 620px\" \/><\/p>\n<p>&nbsp;<\/p>\n","protected":false},"excerpt":{"rendered":"<p>Ankar ve Ayra gizli bir vazifeyle Antarktika\u2019daki T\u00fcrk \u00fcss\u00fcne giderken denizalt\u0131 kazas\u0131 ge\u00e7irir ve g\u00f6zlerini a\u00e7\u0131nca kendilerini T\u00fcrkland adl\u0131 su alt\u0131 \u015fehrinde bulurlar. Yery\u00fcz\u00fc tamamen sularla kapl\u0131d\u0131r ve katastrofiden sa\u011f kurtulan insanlar, T\u00fcrk Devlet Akl\u0131 himayesinde Anadolu\u2019da in\u015fa edilen ileri teknoloji \u00fcr\u00fcn\u00fc bir habitat i\u00e7inde ve bar\u0131\u015f\u00e7\u0131l ortamda ya\u015famlar\u0131na devam etmektedir. Huzurlu ya\u015fam\u0131 ret eden [&hellip;]<\/p>\n","protected":false},"featured_media":23926,"comment_status":"closed","ping_status":"closed","template":"","meta":[],"product_brand":[],"product_cat":[24],"product_tag":[],"class_list":{"0":"post-23925","1":"product","2":"type-product","3":"status-publish","4":"has-post-thumbnail","6":"product_cat-roman","8":"first","9":"instock","10":"sale","11":"shipping-taxable","12":"purchasable","13":"product-type-simple"},"_links":{"self":[{"href":"https:\/\/kutluyayinevi.com\/magaza\/wp-json\/wp\/v2\/product\/23925","targetHints":{"allow":["GET"]}}],"collection":[{"href":"https:\/\/kutluyayinevi.com\/magaza\/wp-json\/wp\/v2\/product"}],"about":[{"href":"https:\/\/kutluyayinevi.com\/magaza\/wp-json\/wp\/v2\/types\/product"}],"replies":[{"embeddable":true,"href":"https:\/\/kutluyayinevi.com\/magaza\/wp-json\/wp\/v2\/comments?post=23925"}],"wp:featuredmedia":[{"embeddable":true,"href":"https:\/\/kutluyayinevi.com\/magaza\/wp-json\/wp\/v2\/media\/23926"}],"wp:attachment":[{"href":"https:\/\/kutluyayinevi.com\/magaza\/wp-json\/wp\/v2\/media?parent=23925"}],"wp:term":[{"taxonomy":"product_brand","embeddable":true,"href":"https:\/\/kutluyayinevi.com\/magaza\/wp-json\/wp\/v2\/product_brand?post=23925"},{"taxonomy":"product_cat","embeddable":true,"href":"https:\/\/kutluyayinevi.com\/magaza\/wp-json\/wp\/v2\/product_cat?post=23925"},{"taxonomy":"product_tag","embeddable":true,"href":"https:\/\/kutluyayinevi.com\/magaza\/wp-json\/wp\/v2\/product_tag?post=23925"}],"curies":[{"name":"wp","href":"https:\/\/api.w.org\/{rel}","templated":true}]}}