{"id":23936,"date":"2025-08-21T10:10:38","date_gmt":"2025-08-21T07:10:38","guid":{"rendered":"https:\/\/kutluyayinevi.com\/magaza\/?post_type=product&#038;p=23936"},"modified":"2026-02-20T12:48:07","modified_gmt":"2026-02-20T09:48:07","slug":"kurbaganin-ahi-mehmet-oner","status":"publish","type":"product","link":"https:\/\/kutluyayinevi.com\/magaza\/urun\/kurbaganin-ahi-mehmet-oner\/","title":{"rendered":"Kurba\u011fan\u0131n Ah\u0131 &#8211; Mehmet  \u00d6ner"},"content":{"rendered":"<p>Bu kitap, horlan\u0131p bir kenara itilen kurba\u011fa ve ahalisinin sars\u0131c\u0131 \u00f6yk\u00fcs\u00fcd\u00fcr. Zulme ve cehalete kar\u015f\u0131 nas\u0131l tav\u0131r al\u0131naca\u011f\u0131n\u0131n \u00f6\u011fretisidir. Ayn\u0131 zamanda, hakikatten uzakla\u015fan bir toplumu bekleyen tehlikelere kar\u015f\u0131 uyar\u0131c\u0131 niteli\u011fe sahiptir. Okuyucuya da sahip oldu\u011fu didaktik \u00f6gelerle rehberlik edecektir.<\/p>\n","protected":false},"excerpt":{"rendered":"<p>Bu kitap, horlan\u0131p bir kenara itilen kurba\u011fa ve ahalisinin sars\u0131c\u0131 \u00f6yk\u00fcs\u00fcd\u00fcr. Zulme ve cehalete kar\u015f\u0131 nas\u0131l tav\u0131r al\u0131naca\u011f\u0131n\u0131n \u00f6\u011fretisidir. Ayn\u0131 zamanda, hakikatten uzakla\u015fan bir toplumu bekleyen tehlikelere kar\u015f\u0131 uyar\u0131c\u0131 niteli\u011fe sahiptir. Okuyucuya da sahip oldu\u011fu didaktik \u00f6gelerle rehberlik edecektir.<\/p>\n","protected":false},"featured_media":23937,"comment_status":"closed","ping_status":"closed","template":"","meta":[],"product_brand":[],"product_cat":[25],"product_tag":[],"class_list":{"0":"post-23936","1":"product","2":"type-product","3":"status-publish","4":"has-post-thumbnail","6":"product_cat-cocuk-kitaplari","8":"first","9":"instock","10":"sale","11":"shipping-taxable","12":"purchasable","13":"product-type-simple"},"_links":{"self":[{"href":"https:\/\/kutluyayinevi.com\/magaza\/wp-json\/wp\/v2\/product\/23936","targetHints":{"allow":["GET"]}}],"collection":[{"href":"https:\/\/kutluyayinevi.com\/magaza\/wp-json\/wp\/v2\/product"}],"about":[{"href":"https:\/\/kutluyayinevi.com\/magaza\/wp-json\/wp\/v2\/types\/product"}],"replies":[{"embeddable":true,"href":"https:\/\/kutluyayinevi.com\/magaza\/wp-json\/wp\/v2\/comments?post=23936"}],"wp:featuredmedia":[{"embeddable":true,"href":"https:\/\/kutluyayinevi.com\/magaza\/wp-json\/wp\/v2\/media\/23937"}],"wp:attachment":[{"href":"https:\/\/kutluyayinevi.com\/magaza\/wp-json\/wp\/v2\/media?parent=23936"}],"wp:term":[{"taxonomy":"product_brand","embeddable":true,"href":"https:\/\/kutluyayinevi.com\/magaza\/wp-json\/wp\/v2\/product_brand?post=23936"},{"taxonomy":"product_cat","embeddable":true,"href":"https:\/\/kutluyayinevi.com\/magaza\/wp-json\/wp\/v2\/product_cat?post=23936"},{"taxonomy":"product_tag","embeddable":true,"href":"https:\/\/kutluyayinevi.com\/magaza\/wp-json\/wp\/v2\/product_tag?post=23936"}],"curies":[{"name":"wp","href":"https:\/\/api.w.org\/{rel}","templated":true}]}}