{"id":23938,"date":"2025-08-21T10:12:08","date_gmt":"2025-08-21T07:12:08","guid":{"rendered":"https:\/\/kutluyayinevi.com\/magaza\/?post_type=product&#038;p=23938"},"modified":"2026-02-19T12:34:20","modified_gmt":"2026-02-19T09:34:20","slug":"aci-tecrube-yusuf-deli","status":"publish","type":"product","link":"https:\/\/kutluyayinevi.com\/magaza\/urun\/aci-tecrube-yusuf-deli\/","title":{"rendered":"Ac\u0131 Tecr\u00fcbe &#8211; Yusuf Deli"},"content":{"rendered":"<div class=\"css-6r4eac\">\n<div class=\"ak-renderer-document\">\n<p data-renderer-start-pos=\"1\">Ac\u0131 \u00f6ld\u00fcrmez, s\u00fcr\u00fcnd\u00fcr\u00fcr.<\/p>\n<p data-renderer-start-pos=\"28\">\u00d6l\u00fcrse kal\u0131r insan, s\u00fcr\u00fcnse bile var\u0131r insan.<\/p>\n<\/div>\n<\/div>\n","protected":false},"excerpt":{"rendered":"<p>Ac\u0131 \u00f6ld\u00fcrmez, s\u00fcr\u00fcnd\u00fcr\u00fcr. \u00d6l\u00fcrse kal\u0131r insan, s\u00fcr\u00fcnse bile var\u0131r insan.<\/p>\n","protected":false},"featured_media":23939,"comment_status":"closed","ping_status":"closed","template":"","meta":[],"product_brand":[],"product_cat":[26],"product_tag":[],"class_list":{"0":"post-23938","1":"product","2":"type-product","3":"status-publish","4":"has-post-thumbnail","6":"product_cat-deneme","8":"first","9":"instock","10":"sale","11":"shipping-taxable","12":"purchasable","13":"product-type-simple"},"_links":{"self":[{"href":"https:\/\/kutluyayinevi.com\/magaza\/wp-json\/wp\/v2\/product\/23938","targetHints":{"allow":["GET"]}}],"collection":[{"href":"https:\/\/kutluyayinevi.com\/magaza\/wp-json\/wp\/v2\/product"}],"about":[{"href":"https:\/\/kutluyayinevi.com\/magaza\/wp-json\/wp\/v2\/types\/product"}],"replies":[{"embeddable":true,"href":"https:\/\/kutluyayinevi.com\/magaza\/wp-json\/wp\/v2\/comments?post=23938"}],"wp:featuredmedia":[{"embeddable":true,"href":"https:\/\/kutluyayinevi.com\/magaza\/wp-json\/wp\/v2\/media\/23939"}],"wp:attachment":[{"href":"https:\/\/kutluyayinevi.com\/magaza\/wp-json\/wp\/v2\/media?parent=23938"}],"wp:term":[{"taxonomy":"product_brand","embeddable":true,"href":"https:\/\/kutluyayinevi.com\/magaza\/wp-json\/wp\/v2\/product_brand?post=23938"},{"taxonomy":"product_cat","embeddable":true,"href":"https:\/\/kutluyayinevi.com\/magaza\/wp-json\/wp\/v2\/product_cat?post=23938"},{"taxonomy":"product_tag","embeddable":true,"href":"https:\/\/kutluyayinevi.com\/magaza\/wp-json\/wp\/v2\/product_tag?post=23938"}],"curies":[{"name":"wp","href":"https:\/\/api.w.org\/{rel}","templated":true}]}}