{"id":23941,"date":"2025-08-21T10:13:03","date_gmt":"2025-08-21T07:13:03","guid":{"rendered":"https:\/\/kutluyayinevi.com\/magaza\/?post_type=product&#038;p=23941"},"modified":"2026-02-19T12:25:32","modified_gmt":"2026-02-19T09:25:32","slug":"6-subat-yusuf-deli","status":"publish","type":"product","link":"https:\/\/kutluyayinevi.com\/magaza\/urun\/6-subat-yusuf-deli\/","title":{"rendered":"6 \u015eubat &#8211; Yusuf Deli"},"content":{"rendered":"<p>\u201cToprak titredi, \u015fehirler sustu, kalpler yaraland\u0131\u2026 Bu \u015fiirler, o karanl\u0131k gecenin ard\u0131ndan do\u011fan sessizli\u011fe ve insan ruhunun k\u0131r\u0131lganl\u0131\u011f\u0131na bir a\u011f\u0131t niteli\u011findedir. Her kelime, hem ac\u0131n\u0131n hem de yeniden aya\u011fa kalkman\u0131n izlerini ta\u015f\u0131r.\u201d<\/p>\n","protected":false},"excerpt":{"rendered":"<p>\u201cToprak titredi, \u015fehirler sustu, kalpler yaraland\u0131\u2026 Bu \u015fiirler, o karanl\u0131k gecenin ard\u0131ndan do\u011fan sessizli\u011fe ve insan ruhunun k\u0131r\u0131lganl\u0131\u011f\u0131na bir a\u011f\u0131t niteli\u011findedir. Her kelime, hem ac\u0131n\u0131n hem de yeniden aya\u011fa kalkman\u0131n izlerini ta\u015f\u0131r.\u201d<\/p>\n","protected":false},"featured_media":23942,"comment_status":"closed","ping_status":"closed","template":"","meta":[],"product_brand":[],"product_cat":[22],"product_tag":[],"class_list":{"0":"post-23941","1":"product","2":"type-product","3":"status-publish","4":"has-post-thumbnail","6":"product_cat-siir","8":"first","9":"instock","10":"sale","11":"shipping-taxable","12":"purchasable","13":"product-type-simple"},"_links":{"self":[{"href":"https:\/\/kutluyayinevi.com\/magaza\/wp-json\/wp\/v2\/product\/23941","targetHints":{"allow":["GET"]}}],"collection":[{"href":"https:\/\/kutluyayinevi.com\/magaza\/wp-json\/wp\/v2\/product"}],"about":[{"href":"https:\/\/kutluyayinevi.com\/magaza\/wp-json\/wp\/v2\/types\/product"}],"replies":[{"embeddable":true,"href":"https:\/\/kutluyayinevi.com\/magaza\/wp-json\/wp\/v2\/comments?post=23941"}],"wp:featuredmedia":[{"embeddable":true,"href":"https:\/\/kutluyayinevi.com\/magaza\/wp-json\/wp\/v2\/media\/23942"}],"wp:attachment":[{"href":"https:\/\/kutluyayinevi.com\/magaza\/wp-json\/wp\/v2\/media?parent=23941"}],"wp:term":[{"taxonomy":"product_brand","embeddable":true,"href":"https:\/\/kutluyayinevi.com\/magaza\/wp-json\/wp\/v2\/product_brand?post=23941"},{"taxonomy":"product_cat","embeddable":true,"href":"https:\/\/kutluyayinevi.com\/magaza\/wp-json\/wp\/v2\/product_cat?post=23941"},{"taxonomy":"product_tag","embeddable":true,"href":"https:\/\/kutluyayinevi.com\/magaza\/wp-json\/wp\/v2\/product_tag?post=23941"}],"curies":[{"name":"wp","href":"https:\/\/api.w.org\/{rel}","templated":true}]}}