{"id":23954,"date":"2025-08-30T14:46:32","date_gmt":"2025-08-30T11:46:32","guid":{"rendered":"https:\/\/kutluyayinevi.com\/magaza\/?post_type=product&#038;p=23954"},"modified":"2026-02-20T10:35:27","modified_gmt":"2026-02-20T07:35:27","slug":"gul-bahcesinde-ask-aradim-siir-kitabimi-gelin-dostlar-birlikte-okuyalim-recep-comba","status":"publish","type":"product","link":"https:\/\/kutluyayinevi.com\/magaza\/urun\/gul-bahcesinde-ask-aradim-siir-kitabimi-gelin-dostlar-birlikte-okuyalim-recep-comba\/","title":{"rendered":"G\u00fcl Bah\u00e7esinde A\u015fk Arad\u0131m \u015eiir Kitab\u0131m\u0131 Gelin Dostlar Birlikte Okuyal\u0131m &#8211; Recep Comba"},"content":{"rendered":"<div class=\"css-6r4eac\">\n<div class=\"ak-renderer-document\">\n<p data-renderer-start-pos=\"1\">Sensizli\u011fi yazmaktan sayfalar yetmedi.<br \/>\nGidi\u015finle g\u00f6zya\u015f\u0131m dinmedi.<br \/>\nUnutma ki ey vefas\u0131z sana olan sevgim,<br \/>\n\u00d6l\u00fcm olsa sonunda asla bitmedi.<\/p>\n<p data-renderer-start-pos=\"140\">G\u00fcne\u015fin do\u011fu\u015fuydu oysaki karanl\u0131k geceleri bana ayd\u0131nl\u0131k k\u0131lan.<br \/>\nSana olan hasretim benim en b\u00fcy\u00fck nefretimdi.<br \/>\nSevda y\u00fckl\u00fc garip g\u00f6nl\u00fcm,<br \/>\nSana olan b\u00fcy\u00fck hediyemdi bilesin sevdi\u011fim.<\/p>\n<\/div>\n<\/div>\n","protected":false},"excerpt":{"rendered":"<p>Sensizli\u011fi yazmaktan sayfalar yetmedi. Gidi\u015finle g\u00f6zya\u015f\u0131m dinmedi. Unutma ki ey vefas\u0131z sana olan sevgim, \u00d6l\u00fcm olsa sonunda asla bitmedi. G\u00fcne\u015fin do\u011fu\u015fuydu oysaki karanl\u0131k geceleri bana ayd\u0131nl\u0131k k\u0131lan. Sana olan hasretim benim en b\u00fcy\u00fck nefretimdi. Sevda y\u00fckl\u00fc garip g\u00f6nl\u00fcm, Sana olan b\u00fcy\u00fck hediyemdi bilesin sevdi\u011fim.<\/p>\n","protected":false},"featured_media":23955,"comment_status":"closed","ping_status":"closed","template":"","meta":[],"product_brand":[],"product_cat":[22],"product_tag":[],"class_list":{"0":"post-23954","1":"product","2":"type-product","3":"status-publish","4":"has-post-thumbnail","6":"product_cat-siir","8":"first","9":"instock","10":"sale","11":"shipping-taxable","12":"purchasable","13":"product-type-simple"},"_links":{"self":[{"href":"https:\/\/kutluyayinevi.com\/magaza\/wp-json\/wp\/v2\/product\/23954","targetHints":{"allow":["GET"]}}],"collection":[{"href":"https:\/\/kutluyayinevi.com\/magaza\/wp-json\/wp\/v2\/product"}],"about":[{"href":"https:\/\/kutluyayinevi.com\/magaza\/wp-json\/wp\/v2\/types\/product"}],"replies":[{"embeddable":true,"href":"https:\/\/kutluyayinevi.com\/magaza\/wp-json\/wp\/v2\/comments?post=23954"}],"wp:featuredmedia":[{"embeddable":true,"href":"https:\/\/kutluyayinevi.com\/magaza\/wp-json\/wp\/v2\/media\/23955"}],"wp:attachment":[{"href":"https:\/\/kutluyayinevi.com\/magaza\/wp-json\/wp\/v2\/media?parent=23954"}],"wp:term":[{"taxonomy":"product_brand","embeddable":true,"href":"https:\/\/kutluyayinevi.com\/magaza\/wp-json\/wp\/v2\/product_brand?post=23954"},{"taxonomy":"product_cat","embeddable":true,"href":"https:\/\/kutluyayinevi.com\/magaza\/wp-json\/wp\/v2\/product_cat?post=23954"},{"taxonomy":"product_tag","embeddable":true,"href":"https:\/\/kutluyayinevi.com\/magaza\/wp-json\/wp\/v2\/product_tag?post=23954"}],"curies":[{"name":"wp","href":"https:\/\/api.w.org\/{rel}","templated":true}]}}