{"id":23957,"date":"2025-08-30T14:48:01","date_gmt":"2025-08-30T11:48:01","guid":{"rendered":"https:\/\/kutluyayinevi.com\/magaza\/?post_type=product&#038;p=23957"},"modified":"2026-02-19T15:01:15","modified_gmt":"2026-02-19T12:01:15","slug":"bir-baska-sevdim-abdulkerim-erkek","status":"publish","type":"product","link":"https:\/\/kutluyayinevi.com\/magaza\/urun\/bir-baska-sevdim-abdulkerim-erkek\/","title":{"rendered":"Bir Ba\u015fka Sevdim &#8211; Abdulkerim Erkek"},"content":{"rendered":"<p>Bir kere sevilmi\u015f,<br \/>\nBadem \u00e7i\u00e7ekli g\u00fcl\u00fc\u015f\u00fcn.<br \/>\nBu baharda bir ba\u015fka sevdim seni,<br \/>\nNe yalanc\u0131 ne de ikinci.<\/p>\n","protected":false},"excerpt":{"rendered":"<p>Bir kere sevilmi\u015f, Badem \u00e7i\u00e7ekli g\u00fcl\u00fc\u015f\u00fcn. Bu baharda bir ba\u015fka sevdim seni, Ne yalanc\u0131 ne de ikinci.<\/p>\n","protected":false},"featured_media":23958,"comment_status":"closed","ping_status":"closed","template":"","meta":[],"product_brand":[],"product_cat":[22],"product_tag":[],"class_list":{"0":"post-23957","1":"product","2":"type-product","3":"status-publish","4":"has-post-thumbnail","6":"product_cat-siir","8":"first","9":"instock","10":"sale","11":"shipping-taxable","12":"purchasable","13":"product-type-simple"},"_links":{"self":[{"href":"https:\/\/kutluyayinevi.com\/magaza\/wp-json\/wp\/v2\/product\/23957","targetHints":{"allow":["GET"]}}],"collection":[{"href":"https:\/\/kutluyayinevi.com\/magaza\/wp-json\/wp\/v2\/product"}],"about":[{"href":"https:\/\/kutluyayinevi.com\/magaza\/wp-json\/wp\/v2\/types\/product"}],"replies":[{"embeddable":true,"href":"https:\/\/kutluyayinevi.com\/magaza\/wp-json\/wp\/v2\/comments?post=23957"}],"wp:featuredmedia":[{"embeddable":true,"href":"https:\/\/kutluyayinevi.com\/magaza\/wp-json\/wp\/v2\/media\/23958"}],"wp:attachment":[{"href":"https:\/\/kutluyayinevi.com\/magaza\/wp-json\/wp\/v2\/media?parent=23957"}],"wp:term":[{"taxonomy":"product_brand","embeddable":true,"href":"https:\/\/kutluyayinevi.com\/magaza\/wp-json\/wp\/v2\/product_brand?post=23957"},{"taxonomy":"product_cat","embeddable":true,"href":"https:\/\/kutluyayinevi.com\/magaza\/wp-json\/wp\/v2\/product_cat?post=23957"},{"taxonomy":"product_tag","embeddable":true,"href":"https:\/\/kutluyayinevi.com\/magaza\/wp-json\/wp\/v2\/product_tag?post=23957"}],"curies":[{"name":"wp","href":"https:\/\/api.w.org\/{rel}","templated":true}]}}