{"id":23959,"date":"2025-08-30T14:53:13","date_gmt":"2025-08-30T11:53:13","guid":{"rendered":"https:\/\/kutluyayinevi.com\/magaza\/?post_type=product&#038;p=23959"},"modified":"2026-02-20T17:21:24","modified_gmt":"2026-02-20T14:21:24","slug":"sebul-mehasin-nursi-ekici","status":"publish","type":"product","link":"https:\/\/kutluyayinevi.com\/magaza\/urun\/sebul-mehasin-nursi-ekici\/","title":{"rendered":"Seb&#8217;\u00fb&#8217;l-Meh\u00e2sin &#8211; Nursi Ekici"},"content":{"rendered":"<div class=\"css-6r4eac\">\n<div class=\"ak-renderer-document\">\n<p>As\u0131l ismi &#8220;ES-SEB&#8217;\u00db&#8217;L-MEH\u00c2S\u0130N F\u0130 \u015eERH\u0130 RABITA-\u0130 NAK\u015e\u0130 HAYAL\u0130&#8221; olan bu eser, Salih Baba Divan\u0131&#8217;n\u0131n ilk yedi \u015fiirinin \u015ferhinden olu\u015fmaktad\u0131r. Bu eserin yaz\u0131l\u0131\u015f amac\u0131, ellerde olup ta k\u0131ymeti pek bilinmeyen, okunupta anla\u015f\u0131lmayan, g\u00f6zlerden ve g\u00f6n\u00fcllerden uzak d\u00fc\u015fm\u00fc\u015f, tasavvufi ve edebi bir sanatla ve ilhamatla yaz\u0131lm\u0131\u015f S\u00e2lih Baba Divan\u0131&#8217;n\u0131 g\u00fcn\u00fcm\u00fcz m\u00fcrid\u00e2n\u0131na sevdirmek, i\u00e7indeki inceliklerin ve g\u00fczelliklerin k\u00fc\u00e7\u00fck bir k\u0131sm\u0131n\u0131 g\u00fcn y\u00fcz\u00fcne \u00e7\u0131kararak, verilen mesajlar\u0131 a\u015fikar k\u0131lmak ve tasavvuf yolunun \u00e2dab ve erk\u00e2n\u0131ndan ve bu tasavvuf yolunun g\u00fczelliklerinden bir miktar okuyucular\u0131 haberdar k\u0131lmakt\u0131r.\u0130\u015fledi\u011fi teman\u0131n temelde tevhid olmas\u0131 ve tevhid kelimesinin de yedi harften olu\u015fmas\u0131 dikkate al\u0131narak ve herbiri birer h\u00fcsn (g\u00fczellik) olan \u015fiirlerin ilk yedisinden te\u015fekk\u00fcl etmesinden dolay\u0131 ve bu \u015fiirler divan\u0131n ilk yedi harfi ve ayeti mesabesinde olmas\u0131 hasebiyle Fatiha s\u00fbresi (seb&#8217;\u00fb&#8217;l-mes\u00e2ni)&#8217;nden esinlenerek esere &#8220;seb&#8217;\u00fb&#8217;l-meh\u00e2sin&#8221; ismi uygun g\u00f6r\u00fcld\u00fc. B\u00f6ylelikle eserin ismi &#8220;seb&#8217;\u00fb&#8217;l-meh\u00e2sin&#8221; yani &#8220;\u0130yi hal ve hareketlerle ho\u015fa giden, ula\u015f\u0131lmak istenen yedi nimet&#8221; oldu. Bu vesileyle belki bundan sonraki yazarlara da ilham olur mefk\u00fbresince &#8220;seb&#8217;a risalesi&#8221; \u00e7al\u0131\u015fmalar\u0131na da \u00f6nc\u00fcl\u00fck etmesini umut etmekteyim. Bu eser bir nevi yedi harf \u00fczerine bina edilmesi a\u00e7\u0131s\u0131ndan ve i\u015fledi\u011fi tema ve ele ald\u0131\u011f\u0131 eser olan S\u00e2lih Baba Divan\u0131 g\u00f6z \u00f6n\u00fcnde bulundurulacak olursa alan\u0131nda bir ilk ve tek olmas\u0131 hasebiyle pek \u00f6nem arz etmektedir. Ayr\u0131ca bu eser S\u00e2lih Baba Divan\u0131 \u00fczerine yaz\u0131lm\u0131\u015f ilk \u015ferh \u00e7al\u0131\u015fmas\u0131 olarak da \u015ferh literat\u00fcr\u00fcnde yerini alarak bu zamana de\u011fin bu bo\u015flu\u011fu bir nebze doldurmas\u0131 \u00fcmit edilmektedir.Tasavvufun en temelinde tevhid vard\u0131r. M\u00fcrid\u00e2n\u0131n en temel gayesi de tevhide varmakt\u0131r. Bu elinizdeki eser tevhidin yolunu ve bu yola nas\u0131l var\u0131laca\u011f\u0131 konusunda \u00e7ok \u00f6nemli \u015fifreleri bir arada sunmaktad\u0131r.<\/p>\n<\/div>\n<\/div>\n","protected":false},"excerpt":{"rendered":"<p>As\u0131l ismi &#8220;ES-SEB&#8217;\u00db&#8217;L-MEH\u00c2S\u0130N F\u0130 \u015eERH\u0130 RABITA-\u0130 NAK\u015e\u0130 HAYAL\u0130&#8221; olan bu eser, Salih Baba Divan\u0131&#8217;n\u0131n ilk yedi \u015fiirinin \u015ferhinden olu\u015fmaktad\u0131r. Bu eserin yaz\u0131l\u0131\u015f amac\u0131, ellerde olup ta k\u0131ymeti pek bilinmeyen, okunupta anla\u015f\u0131lmayan, g\u00f6zlerden ve g\u00f6n\u00fcllerden uzak d\u00fc\u015fm\u00fc\u015f, tasavvufi ve edebi bir sanatla ve ilhamatla yaz\u0131lm\u0131\u015f S\u00e2lih Baba Divan\u0131&#8217;n\u0131 g\u00fcn\u00fcm\u00fcz m\u00fcrid\u00e2n\u0131na sevdirmek, i\u00e7indeki inceliklerin ve g\u00fczelliklerin k\u00fc\u00e7\u00fck [&hellip;]<\/p>\n","protected":false},"featured_media":23960,"comment_status":"closed","ping_status":"closed","template":"","meta":[],"product_brand":[],"product_cat":[19],"product_tag":[],"class_list":{"0":"post-23959","1":"product","2":"type-product","3":"status-publish","4":"has-post-thumbnail","6":"product_cat-din-tasavvuf","8":"first","9":"instock","10":"sale","11":"shipping-taxable","12":"purchasable","13":"product-type-simple"},"_links":{"self":[{"href":"https:\/\/kutluyayinevi.com\/magaza\/wp-json\/wp\/v2\/product\/23959","targetHints":{"allow":["GET"]}}],"collection":[{"href":"https:\/\/kutluyayinevi.com\/magaza\/wp-json\/wp\/v2\/product"}],"about":[{"href":"https:\/\/kutluyayinevi.com\/magaza\/wp-json\/wp\/v2\/types\/product"}],"replies":[{"embeddable":true,"href":"https:\/\/kutluyayinevi.com\/magaza\/wp-json\/wp\/v2\/comments?post=23959"}],"wp:featuredmedia":[{"embeddable":true,"href":"https:\/\/kutluyayinevi.com\/magaza\/wp-json\/wp\/v2\/media\/23960"}],"wp:attachment":[{"href":"https:\/\/kutluyayinevi.com\/magaza\/wp-json\/wp\/v2\/media?parent=23959"}],"wp:term":[{"taxonomy":"product_brand","embeddable":true,"href":"https:\/\/kutluyayinevi.com\/magaza\/wp-json\/wp\/v2\/product_brand?post=23959"},{"taxonomy":"product_cat","embeddable":true,"href":"https:\/\/kutluyayinevi.com\/magaza\/wp-json\/wp\/v2\/product_cat?post=23959"},{"taxonomy":"product_tag","embeddable":true,"href":"https:\/\/kutluyayinevi.com\/magaza\/wp-json\/wp\/v2\/product_tag?post=23959"}],"curies":[{"name":"wp","href":"https:\/\/api.w.org\/{rel}","templated":true}]}}