{"id":23972,"date":"2025-09-10T13:52:24","date_gmt":"2025-09-10T10:52:24","guid":{"rendered":"https:\/\/kutluyayinevi.com\/magaza\/?post_type=product&#038;p=23972"},"modified":"2026-02-20T15:05:01","modified_gmt":"2026-02-20T12:05:01","slug":"mihriban-hasan-atacak","status":"publish","type":"product","link":"https:\/\/kutluyayinevi.com\/magaza\/urun\/mihriban-hasan-atacak\/","title":{"rendered":"Mihriban &#8211; Hasan Atacak"},"content":{"rendered":"<div class=\"css-6r4eac\">\n<div class=\"ak-renderer-document\">\n<p data-renderer-start-pos=\"1\"><em data-renderer-mark=\"true\"><strong data-renderer-mark=\"true\">&#8220;Herkes i\u00e7inde biriktirdi\u011fi kuru kalabal\u0131\u011f\u0131, ba\u015fkas\u0131na anlatacak kadar yaln\u0131zd\u0131\u2026\u201d<\/strong><\/em><\/p>\n<p data-renderer-start-pos=\"84\">Kalabal\u0131\u011f\u0131n i\u00e7inde yaln\u0131z kalanlar, yar\u0131m kalan hik\u00e2yeler ve edebiyatla hemh\u00e2l olmu\u015f karakterler\u2026 Hasan Atacak, <em data-renderer-mark=\"true\">Mihriban<\/em>\u2019da birbirinden farkl\u0131 \u00f6yk\u00fclerle, okuru i\u00e7ine \u00e7eken bir yolculu\u011fa davet ediyor. Bu yolculukta kimi zaman h\u00fcz\u00fcnlenecek, kimi zaman g\u00fcl\u00fcmseyecek, kimi zaman ise kendinizden izlere rastlayacaks\u0131n\u0131z. Ve belki siz de i\u00e7inizdeki yaln\u0131zl\u0131\u011f\u0131 bu \u00f6yk\u00fclerle payla\u015facaks\u0131n\u0131z&#8230;<\/p>\n<\/div>\n<\/div>\n","protected":false},"excerpt":{"rendered":"<p>&#8220;Herkes i\u00e7inde biriktirdi\u011fi kuru kalabal\u0131\u011f\u0131, ba\u015fkas\u0131na anlatacak kadar yaln\u0131zd\u0131\u2026\u201d Kalabal\u0131\u011f\u0131n i\u00e7inde yaln\u0131z kalanlar, yar\u0131m kalan hik\u00e2yeler ve edebiyatla hemh\u00e2l olmu\u015f karakterler\u2026 Hasan Atacak, Mihriban\u2019da birbirinden farkl\u0131 \u00f6yk\u00fclerle, okuru i\u00e7ine \u00e7eken bir yolculu\u011fa davet ediyor. Bu yolculukta kimi zaman h\u00fcz\u00fcnlenecek, kimi zaman g\u00fcl\u00fcmseyecek, kimi zaman ise kendinizden izlere rastlayacaks\u0131n\u0131z. Ve belki siz de i\u00e7inizdeki yaln\u0131zl\u0131\u011f\u0131 bu [&hellip;]<\/p>\n","protected":false},"featured_media":23973,"comment_status":"closed","ping_status":"closed","template":"","meta":[],"product_brand":[],"product_cat":[107],"product_tag":[],"class_list":{"0":"post-23972","1":"product","2":"type-product","3":"status-publish","4":"has-post-thumbnail","6":"product_cat-oyku","8":"first","9":"instock","10":"sale","11":"shipping-taxable","12":"purchasable","13":"product-type-simple"},"_links":{"self":[{"href":"https:\/\/kutluyayinevi.com\/magaza\/wp-json\/wp\/v2\/product\/23972","targetHints":{"allow":["GET"]}}],"collection":[{"href":"https:\/\/kutluyayinevi.com\/magaza\/wp-json\/wp\/v2\/product"}],"about":[{"href":"https:\/\/kutluyayinevi.com\/magaza\/wp-json\/wp\/v2\/types\/product"}],"replies":[{"embeddable":true,"href":"https:\/\/kutluyayinevi.com\/magaza\/wp-json\/wp\/v2\/comments?post=23972"}],"wp:featuredmedia":[{"embeddable":true,"href":"https:\/\/kutluyayinevi.com\/magaza\/wp-json\/wp\/v2\/media\/23973"}],"wp:attachment":[{"href":"https:\/\/kutluyayinevi.com\/magaza\/wp-json\/wp\/v2\/media?parent=23972"}],"wp:term":[{"taxonomy":"product_brand","embeddable":true,"href":"https:\/\/kutluyayinevi.com\/magaza\/wp-json\/wp\/v2\/product_brand?post=23972"},{"taxonomy":"product_cat","embeddable":true,"href":"https:\/\/kutluyayinevi.com\/magaza\/wp-json\/wp\/v2\/product_cat?post=23972"},{"taxonomy":"product_tag","embeddable":true,"href":"https:\/\/kutluyayinevi.com\/magaza\/wp-json\/wp\/v2\/product_tag?post=23972"}],"curies":[{"name":"wp","href":"https:\/\/api.w.org\/{rel}","templated":true}]}}