{"id":23979,"date":"2025-09-10T14:07:32","date_gmt":"2025-09-10T11:07:32","guid":{"rendered":"https:\/\/kutluyayinevi.com\/magaza\/?post_type=product&#038;p=23979"},"modified":"2026-02-23T10:19:28","modified_gmt":"2026-02-23T07:19:28","slug":"tamsayilar-teorisi-ve-uygulamalari-naim-cagman","status":"publish","type":"product","link":"https:\/\/kutluyayinevi.com\/magaza\/urun\/tamsayilar-teorisi-ve-uygulamalari-naim-cagman\/","title":{"rendered":"Tamsay\u0131lar Teorisi ve Uygulamalar\u0131 &#8211; Naim \u00c7a\u011fman"},"content":{"rendered":"<div class=\"css-6r4eac\">\n<div class=\"ak-renderer-document\">\n<p data-renderer-start-pos=\"1\">Matemati\u011fin en temel alanlar\u0131ndan biri olan tamsay\u0131lar teorisi ve uygulamalar\u0131 \u00fczerine yaz\u0131lan bu kitapta; do\u011fal say\u0131lar\u0131n aksiyomatik in\u015fas\u0131yla ba\u015flayan teorik yolculuk, say\u0131lar\u0131n tarihsel geli\u015fimi, asal say\u0131lar, tamsay\u0131lar\u0131n in\u015fas\u0131, b\u00f6l\u00fcnebilme kurallar\u0131, Diofant denklemleri, mod\u00fcler aritmetik, kalan sistemleri, ilkel k\u00f6kler ve indeksler konular\u0131yla devam etmekte; bunlar\u0131n uygulamas\u0131 olarak dijital kodlama ve \u015fifreleme y\u00f6ntemleriyle bitmektedir.<\/p>\n<p data-renderer-start-pos=\"454\">Teorik bilgiyle ger\u00e7ek d\u00fcnya problemleri aras\u0131nda k\u00f6pr\u00fc kuran bu kitap, yaln\u0131zca Say\u0131lar Teorisi dersi i\u00e7in bir kaynak olmakla kalmaz; ayn\u0131 zamanda bir mesaj\u0131n, foto\u011fraf\u0131n veya sesin dijital cihazlar taraf\u0131ndan nas\u0131l alg\u0131land\u0131\u011f\u0131n\u0131, depoland\u0131\u011f\u0131n\u0131, iletildi\u011fini, \u015fifrelenerek korundu\u011funu ve b\u00fct\u00fcn bunlar\u0131n matematiksel i\u015flemlerle nas\u0131l yap\u0131ld\u0131\u011f\u0131n\u0131 merak edenler i\u00e7in de bir ba\u015fvuru niteli\u011fi ta\u015f\u0131r. K\u0131sacas\u0131, &#8220;G\u00fcn\u00fcm\u00fcz dijital d\u00fcnyas\u0131nda tamsay\u0131lar teorisi ne i\u015fe yarar?&#8221; sorusuna cevap arayanlar i\u00e7in haz\u0131rlanm\u0131\u015f bir kaynakt\u0131r.<\/p>\n<\/div>\n<\/div>\n","protected":false},"excerpt":{"rendered":"<p>Matemati\u011fin en temel alanlar\u0131ndan biri olan tamsay\u0131lar teorisi ve uygulamalar\u0131 \u00fczerine yaz\u0131lan bu kitapta; do\u011fal say\u0131lar\u0131n aksiyomatik in\u015fas\u0131yla ba\u015flayan teorik yolculuk, say\u0131lar\u0131n tarihsel geli\u015fimi, asal say\u0131lar, tamsay\u0131lar\u0131n in\u015fas\u0131, b\u00f6l\u00fcnebilme kurallar\u0131, Diofant denklemleri, mod\u00fcler aritmetik, kalan sistemleri, ilkel k\u00f6kler ve indeksler konular\u0131yla devam etmekte; bunlar\u0131n uygulamas\u0131 olarak dijital kodlama ve \u015fifreleme y\u00f6ntemleriyle bitmektedir. Teorik bilgiyle ger\u00e7ek [&hellip;]<\/p>\n","protected":false},"featured_media":23980,"comment_status":"closed","ping_status":"closed","template":"","meta":[],"product_brand":[],"product_cat":[28],"product_tag":[],"class_list":{"0":"post-23979","1":"product","2":"type-product","3":"status-publish","4":"has-post-thumbnail","6":"product_cat-aratirma-inceleme","8":"first","9":"instock","10":"sale","11":"shipping-taxable","12":"purchasable","13":"product-type-simple"},"_links":{"self":[{"href":"https:\/\/kutluyayinevi.com\/magaza\/wp-json\/wp\/v2\/product\/23979","targetHints":{"allow":["GET"]}}],"collection":[{"href":"https:\/\/kutluyayinevi.com\/magaza\/wp-json\/wp\/v2\/product"}],"about":[{"href":"https:\/\/kutluyayinevi.com\/magaza\/wp-json\/wp\/v2\/types\/product"}],"replies":[{"embeddable":true,"href":"https:\/\/kutluyayinevi.com\/magaza\/wp-json\/wp\/v2\/comments?post=23979"}],"wp:featuredmedia":[{"embeddable":true,"href":"https:\/\/kutluyayinevi.com\/magaza\/wp-json\/wp\/v2\/media\/23980"}],"wp:attachment":[{"href":"https:\/\/kutluyayinevi.com\/magaza\/wp-json\/wp\/v2\/media?parent=23979"}],"wp:term":[{"taxonomy":"product_brand","embeddable":true,"href":"https:\/\/kutluyayinevi.com\/magaza\/wp-json\/wp\/v2\/product_brand?post=23979"},{"taxonomy":"product_cat","embeddable":true,"href":"https:\/\/kutluyayinevi.com\/magaza\/wp-json\/wp\/v2\/product_cat?post=23979"},{"taxonomy":"product_tag","embeddable":true,"href":"https:\/\/kutluyayinevi.com\/magaza\/wp-json\/wp\/v2\/product_tag?post=23979"}],"curies":[{"name":"wp","href":"https:\/\/api.w.org\/{rel}","templated":true}]}}