{"id":23985,"date":"2025-09-15T19:22:06","date_gmt":"2025-09-15T16:22:06","guid":{"rendered":"https:\/\/kutluyayinevi.com\/magaza\/?post_type=product&#038;p=23985"},"modified":"2026-02-20T16:39:03","modified_gmt":"2026-02-20T13:39:03","slug":"oliver-kol-dugmeleri-mehmet-duzkar","status":"publish","type":"product","link":"https:\/\/kutluyayinevi.com\/magaza\/urun\/oliver-kol-dugmeleri-mehmet-duzkar\/","title":{"rendered":"Oliver &#8211; Kol D\u00fc\u011fmeleri &#8211; Mehmet D\u00fczkar"},"content":{"rendered":"<p>Denizin r\u0131ht\u0131m\u0131nda ba\u015flayan s\u0131radan bir gece, bir \u015fi\u015fe bira, naftalin kokusu ve gizemli bir kad\u0131n\u2026<br \/>\nOliver\u2019\u0131n hayat\u0131 bir anda zaman\u0131n, mek\u00e2n\u0131n ve zihnin s\u0131n\u0131rlar\u0131n\u0131 a\u015fan bir yolculu\u011fa d\u00f6n\u00fc\u015f\u00fcr.<br \/>\nOnu bekleyen; spiral t\u00fcnellerde dola\u015fan holografik filler, y\u0131ld\u0131zlar\u0131n i\u00e7inde parlayan \u015fi\u015feler ve ikiye ayr\u0131lm\u0131\u015f bir denizdir. Ama ger\u00e7ek yolculuk, Melisa\u2019n\u0131n a\u015fk\u0131nda yanarak dualitenin \u00f6tesine ge\u00e7mektir.<br \/>\nHz. Musa\u2019n\u0131n denizi ay\u0131r\u0131\u015f\u0131, s\u0131rat k\u00f6pr\u00fcs\u00fcnde at\u0131lan ad\u0131mlar, Ferhat ile \u015eirin\u2019in kavu\u015famayan ama yanarak teslim olan a\u015fk\u0131\u2026 Hepsi tek bir hakikati f\u0131s\u0131ldar:<br \/>\n\u201cBirlik, kavu\u015fmakla de\u011fil, yanmakla gelir.\u201d<br \/>\nOliver, tasavvufun s\u0131rr\u0131na dokunarak \u00f6\u011frenir ki:<br \/>\nMelisa\u2019ya kavu\u015fmak de\u011fil, onun aynas\u0131nda yok olmak gerekir. \u00c7\u00fcnk\u00fc ayr\u0131l\u0131k da, kavu\u015fma da sadece oyundur. Ger\u00e7ek olan\u00a0yaln\u0131zca\u00a0O\u2019dur.<\/p>\n","protected":false},"excerpt":{"rendered":"<p>Denizin r\u0131ht\u0131m\u0131nda ba\u015flayan s\u0131radan bir gece, bir \u015fi\u015fe bira, naftalin kokusu ve gizemli bir kad\u0131n\u2026 Oliver\u2019\u0131n hayat\u0131 bir anda zaman\u0131n, mek\u00e2n\u0131n ve zihnin s\u0131n\u0131rlar\u0131n\u0131 a\u015fan bir yolculu\u011fa d\u00f6n\u00fc\u015f\u00fcr. Onu bekleyen; spiral t\u00fcnellerde dola\u015fan holografik filler, y\u0131ld\u0131zlar\u0131n i\u00e7inde parlayan \u015fi\u015feler ve ikiye ayr\u0131lm\u0131\u015f bir denizdir. Ama ger\u00e7ek yolculuk, Melisa\u2019n\u0131n a\u015fk\u0131nda yanarak dualitenin \u00f6tesine ge\u00e7mektir. Hz. Musa\u2019n\u0131n [&hellip;]<\/p>\n","protected":false},"featured_media":23986,"comment_status":"closed","ping_status":"closed","template":"","meta":[],"product_brand":[],"product_cat":[24],"product_tag":[],"class_list":{"0":"post-23985","1":"product","2":"type-product","3":"status-publish","4":"has-post-thumbnail","6":"product_cat-roman","8":"first","9":"instock","10":"sale","11":"shipping-taxable","12":"purchasable","13":"product-type-simple"},"_links":{"self":[{"href":"https:\/\/kutluyayinevi.com\/magaza\/wp-json\/wp\/v2\/product\/23985","targetHints":{"allow":["GET"]}}],"collection":[{"href":"https:\/\/kutluyayinevi.com\/magaza\/wp-json\/wp\/v2\/product"}],"about":[{"href":"https:\/\/kutluyayinevi.com\/magaza\/wp-json\/wp\/v2\/types\/product"}],"replies":[{"embeddable":true,"href":"https:\/\/kutluyayinevi.com\/magaza\/wp-json\/wp\/v2\/comments?post=23985"}],"wp:featuredmedia":[{"embeddable":true,"href":"https:\/\/kutluyayinevi.com\/magaza\/wp-json\/wp\/v2\/media\/23986"}],"wp:attachment":[{"href":"https:\/\/kutluyayinevi.com\/magaza\/wp-json\/wp\/v2\/media?parent=23985"}],"wp:term":[{"taxonomy":"product_brand","embeddable":true,"href":"https:\/\/kutluyayinevi.com\/magaza\/wp-json\/wp\/v2\/product_brand?post=23985"},{"taxonomy":"product_cat","embeddable":true,"href":"https:\/\/kutluyayinevi.com\/magaza\/wp-json\/wp\/v2\/product_cat?post=23985"},{"taxonomy":"product_tag","embeddable":true,"href":"https:\/\/kutluyayinevi.com\/magaza\/wp-json\/wp\/v2\/product_tag?post=23985"}],"curies":[{"name":"wp","href":"https:\/\/api.w.org\/{rel}","templated":true}]}}