{"id":23993,"date":"2025-09-25T19:27:08","date_gmt":"2025-09-25T16:27:08","guid":{"rendered":"https:\/\/kutluyayinevi.com\/magaza\/?post_type=product&#038;p=23993"},"modified":"2026-02-20T11:01:41","modified_gmt":"2026-02-20T08:01:41","slug":"ibn-haldun-dusuncesinde-insanin-degeri-ve-yeri-fatih-sahin","status":"publish","type":"product","link":"https:\/\/kutluyayinevi.com\/magaza\/urun\/ibn-haldun-dusuncesinde-insanin-degeri-ve-yeri-fatih-sahin\/","title":{"rendered":"\u0130bn Haldun D\u00fc\u015f\u00fcncesinde \u0130nsan\u0131n De\u011feri ve Yeri &#8211; Fatih \u015eahin"},"content":{"rendered":"<p>\u0130nsan\u0131n d\u00fczensizlik ve belirsiz ortam\u0131n\u0131 \u00f6ng\u00f6r\u00fclebilir bir noktaya ta\u015f\u0131mas\u0131, kendisi ve insanl\u0131k i\u00e7in daha olumlu hale getirebilmesi onun kabiliyetlerinin g\u00fcc\u00fcn\u00fc g\u00f6stermektedir. \u0130nsan ya\u015fam\u0131n\u0131 bir\u00e7ok belirsizlik ve d\u00fczensizlikle dolu bir s\u00fcre\u00e7 olarak tan\u0131mlayabiliriz. \u0130\u015fte bu belirsizlik durumunu kendi ba\u015far\u0131s\u0131yla d\u00fczenli hale getirebilecek bir varl\u0131ktan, \u201c\u0130nsan\u201d dan bahsediyoruz. \u201c\u0130nsan\u201d dedi\u011fimiz bu varl\u0131\u011f\u0131n kendini ger\u00e7ekle\u015ftirme yolunda ilerlemesini \u0130bni Haldun penceresinden inceleyerek ya\u015fam\u0131n\u0131 kontrol edebilme ve d\u00fczenleme yetene\u011fine vurgu yapmaktay\u0131z.<\/p>\n","protected":false},"excerpt":{"rendered":"<p>\u0130nsan\u0131n d\u00fczensizlik ve belirsiz ortam\u0131n\u0131 \u00f6ng\u00f6r\u00fclebilir bir noktaya ta\u015f\u0131mas\u0131, kendisi ve insanl\u0131k i\u00e7in daha olumlu hale getirebilmesi onun kabiliyetlerinin g\u00fcc\u00fcn\u00fc g\u00f6stermektedir. \u0130nsan ya\u015fam\u0131n\u0131 bir\u00e7ok belirsizlik ve d\u00fczensizlikle dolu bir s\u00fcre\u00e7 olarak tan\u0131mlayabiliriz. \u0130\u015fte bu belirsizlik durumunu kendi ba\u015far\u0131s\u0131yla d\u00fczenli hale getirebilecek bir varl\u0131ktan, \u201c\u0130nsan\u201d dan bahsediyoruz. \u201c\u0130nsan\u201d dedi\u011fimiz bu varl\u0131\u011f\u0131n kendini ger\u00e7ekle\u015ftirme yolunda ilerlemesini \u0130bni [&hellip;]<\/p>\n","protected":false},"featured_media":23994,"comment_status":"closed","ping_status":"closed","template":"","meta":[],"product_brand":[],"product_cat":[19],"product_tag":[],"class_list":{"0":"post-23993","1":"product","2":"type-product","3":"status-publish","4":"has-post-thumbnail","6":"product_cat-din-tasavvuf","8":"first","9":"instock","10":"sale","11":"shipping-taxable","12":"purchasable","13":"product-type-simple"},"_links":{"self":[{"href":"https:\/\/kutluyayinevi.com\/magaza\/wp-json\/wp\/v2\/product\/23993","targetHints":{"allow":["GET"]}}],"collection":[{"href":"https:\/\/kutluyayinevi.com\/magaza\/wp-json\/wp\/v2\/product"}],"about":[{"href":"https:\/\/kutluyayinevi.com\/magaza\/wp-json\/wp\/v2\/types\/product"}],"replies":[{"embeddable":true,"href":"https:\/\/kutluyayinevi.com\/magaza\/wp-json\/wp\/v2\/comments?post=23993"}],"wp:featuredmedia":[{"embeddable":true,"href":"https:\/\/kutluyayinevi.com\/magaza\/wp-json\/wp\/v2\/media\/23994"}],"wp:attachment":[{"href":"https:\/\/kutluyayinevi.com\/magaza\/wp-json\/wp\/v2\/media?parent=23993"}],"wp:term":[{"taxonomy":"product_brand","embeddable":true,"href":"https:\/\/kutluyayinevi.com\/magaza\/wp-json\/wp\/v2\/product_brand?post=23993"},{"taxonomy":"product_cat","embeddable":true,"href":"https:\/\/kutluyayinevi.com\/magaza\/wp-json\/wp\/v2\/product_cat?post=23993"},{"taxonomy":"product_tag","embeddable":true,"href":"https:\/\/kutluyayinevi.com\/magaza\/wp-json\/wp\/v2\/product_tag?post=23993"}],"curies":[{"name":"wp","href":"https:\/\/api.w.org\/{rel}","templated":true}]}}