{"id":23995,"date":"2025-09-25T19:29:07","date_gmt":"2025-09-25T16:29:07","guid":{"rendered":"https:\/\/kutluyayinevi.com\/magaza\/?post_type=product&#038;p=23995"},"modified":"2026-02-23T11:13:19","modified_gmt":"2026-02-23T08:13:19","slug":"yarim-bahar-gulay-akdamar","status":"publish","type":"product","link":"https:\/\/kutluyayinevi.com\/magaza\/urun\/yarim-bahar-gulay-akdamar\/","title":{"rendered":"Yar\u0131m Bahar &#8211; G\u00fclay Akdamar"},"content":{"rendered":"<div class=\"css-6r4eac\">\n<div class=\"ak-renderer-document\">\n<p data-renderer-start-pos=\"1\">Yar\u0131m Bahar kitab\u0131nda, kavu\u015fmak yok lakin umut daima var.\u2019\u2019 Uzaktan sevmeye seve seve var\u0131m\u2019\u2019 diyenler mutlaka bu kitab\u0131 okumal\u0131.<\/p>\n<p data-renderer-start-pos=\"132\">Anne, babas\u0131 hayatta olmayanlar bu kitapta kendilerinden bir \u015feyler bulacaklard\u0131r. \u00d6zlemlerin dile geli\u015fine tan\u0131k olacaklard\u0131r.<\/p>\n<p data-renderer-start-pos=\"261\">Dostluklara, arkada\u015fl\u0131klara \u00f6nem verenler kendilerini yaln\u0131z hissetmeyeceklerdir.<\/p>\n<\/div>\n<\/div>\n","protected":false},"excerpt":{"rendered":"<p>Yar\u0131m Bahar kitab\u0131nda, kavu\u015fmak yok lakin umut daima var.\u2019\u2019 Uzaktan sevmeye seve seve var\u0131m\u2019\u2019 diyenler mutlaka bu kitab\u0131 okumal\u0131. Anne, babas\u0131 hayatta olmayanlar bu kitapta kendilerinden bir \u015feyler bulacaklard\u0131r. \u00d6zlemlerin dile geli\u015fine tan\u0131k olacaklard\u0131r. Dostluklara, arkada\u015fl\u0131klara \u00f6nem verenler kendilerini yaln\u0131z hissetmeyeceklerdir.<\/p>\n","protected":false},"featured_media":23996,"comment_status":"closed","ping_status":"closed","template":"","meta":[],"product_brand":[],"product_cat":[22],"product_tag":[],"class_list":{"0":"post-23995","1":"product","2":"type-product","3":"status-publish","4":"has-post-thumbnail","6":"product_cat-siir","8":"first","9":"instock","10":"sale","11":"shipping-taxable","12":"purchasable","13":"product-type-simple"},"_links":{"self":[{"href":"https:\/\/kutluyayinevi.com\/magaza\/wp-json\/wp\/v2\/product\/23995","targetHints":{"allow":["GET"]}}],"collection":[{"href":"https:\/\/kutluyayinevi.com\/magaza\/wp-json\/wp\/v2\/product"}],"about":[{"href":"https:\/\/kutluyayinevi.com\/magaza\/wp-json\/wp\/v2\/types\/product"}],"replies":[{"embeddable":true,"href":"https:\/\/kutluyayinevi.com\/magaza\/wp-json\/wp\/v2\/comments?post=23995"}],"wp:featuredmedia":[{"embeddable":true,"href":"https:\/\/kutluyayinevi.com\/magaza\/wp-json\/wp\/v2\/media\/23996"}],"wp:attachment":[{"href":"https:\/\/kutluyayinevi.com\/magaza\/wp-json\/wp\/v2\/media?parent=23995"}],"wp:term":[{"taxonomy":"product_brand","embeddable":true,"href":"https:\/\/kutluyayinevi.com\/magaza\/wp-json\/wp\/v2\/product_brand?post=23995"},{"taxonomy":"product_cat","embeddable":true,"href":"https:\/\/kutluyayinevi.com\/magaza\/wp-json\/wp\/v2\/product_cat?post=23995"},{"taxonomy":"product_tag","embeddable":true,"href":"https:\/\/kutluyayinevi.com\/magaza\/wp-json\/wp\/v2\/product_tag?post=23995"}],"curies":[{"name":"wp","href":"https:\/\/api.w.org\/{rel}","templated":true}]}}