{"id":23997,"date":"2025-09-25T19:30:38","date_gmt":"2025-09-25T16:30:38","guid":{"rendered":"https:\/\/kutluyayinevi.com\/magaza\/?post_type=product&#038;p=23997"},"modified":"2026-02-20T09:56:12","modified_gmt":"2026-02-20T06:56:12","slug":"goge-yazilan-destan-ayala-ile-timur-caglar-erbek","status":"publish","type":"product","link":"https:\/\/kutluyayinevi.com\/magaza\/urun\/goge-yazilan-destan-ayala-ile-timur-caglar-erbek\/","title":{"rendered":"G\u00f6\u011fe Yaz\u0131lan Destan &#8211; Ayala ile Timur &#8211; \u00c7a\u011flar Erbek"},"content":{"rendered":"<div class=\"css-6r4eac\">\n<div class=\"ak-renderer-document\">\n<p data-renderer-start-pos=\"1\">\u201cG\u00f6\u011fe Yaz\u0131lan Destan\u201d, Ayala ile Timur\u2019un a\u015fk\u0131n\u0131 yaln\u0131zca bireysel bir hik\u00e2ye olarak de\u011fil, ayn\u0131 zamanda insan ruhunun g\u00f6kle kurdu\u011fu kadim ba\u011f\u0131n sembol\u00fc olarak anlat\u0131yor. Sevginin g\u00fcc\u00fc, cesaretin s\u0131nav\u0131 ve fedak\u00e2rl\u0131\u011f\u0131n b\u00fcy\u00fcs\u00fc; bozk\u0131r\u0131n sonsuz mavili\u011fi alt\u0131nda destans\u0131 bir b\u00fct\u00fcnl\u00fck i\u00e7inde birle\u015fiyor. Okuyucu, sat\u0131rlarda hem a\u015fk\u0131 hem de insanl\u0131\u011f\u0131n ortak aray\u0131\u015f\u0131n\u0131 buluyor.<\/p>\n<p data-renderer-start-pos=\"375\">Masals\u0131 atmosferiyle kalplere dokunan bu eser, kimi zaman g\u00f6zya\u015f\u0131, kimi zaman umut, kimi zaman da \u00f6zg\u00fcrl\u00fc\u011f\u00fcn nefesiyle okuyucuyu sar\u0131yor. Her sayfada mitlerin g\u00f6lgesi, eski \u00e7a\u011flar\u0131n kokusu ve kadim bir halk\u0131n kalp at\u0131\u015flar\u0131 hissediliyor.<\/p>\n<\/div>\n<\/div>\n","protected":false},"excerpt":{"rendered":"<p>\u201cG\u00f6\u011fe Yaz\u0131lan Destan\u201d, Ayala ile Timur\u2019un a\u015fk\u0131n\u0131 yaln\u0131zca bireysel bir hik\u00e2ye olarak de\u011fil, ayn\u0131 zamanda insan ruhunun g\u00f6kle kurdu\u011fu kadim ba\u011f\u0131n sembol\u00fc olarak anlat\u0131yor. Sevginin g\u00fcc\u00fc, cesaretin s\u0131nav\u0131 ve fedak\u00e2rl\u0131\u011f\u0131n b\u00fcy\u00fcs\u00fc; bozk\u0131r\u0131n sonsuz mavili\u011fi alt\u0131nda destans\u0131 bir b\u00fct\u00fcnl\u00fck i\u00e7inde birle\u015fiyor. Okuyucu, sat\u0131rlarda hem a\u015fk\u0131 hem de insanl\u0131\u011f\u0131n ortak aray\u0131\u015f\u0131n\u0131 buluyor. Masals\u0131 atmosferiyle kalplere dokunan bu [&hellip;]<\/p>\n","protected":false},"featured_media":23998,"comment_status":"closed","ping_status":"closed","template":"","meta":[],"product_brand":[],"product_cat":[24],"product_tag":[],"class_list":{"0":"post-23997","1":"product","2":"type-product","3":"status-publish","4":"has-post-thumbnail","6":"product_cat-roman","8":"first","9":"instock","10":"sale","11":"shipping-taxable","12":"purchasable","13":"product-type-simple"},"_links":{"self":[{"href":"https:\/\/kutluyayinevi.com\/magaza\/wp-json\/wp\/v2\/product\/23997","targetHints":{"allow":["GET"]}}],"collection":[{"href":"https:\/\/kutluyayinevi.com\/magaza\/wp-json\/wp\/v2\/product"}],"about":[{"href":"https:\/\/kutluyayinevi.com\/magaza\/wp-json\/wp\/v2\/types\/product"}],"replies":[{"embeddable":true,"href":"https:\/\/kutluyayinevi.com\/magaza\/wp-json\/wp\/v2\/comments?post=23997"}],"wp:featuredmedia":[{"embeddable":true,"href":"https:\/\/kutluyayinevi.com\/magaza\/wp-json\/wp\/v2\/media\/23998"}],"wp:attachment":[{"href":"https:\/\/kutluyayinevi.com\/magaza\/wp-json\/wp\/v2\/media?parent=23997"}],"wp:term":[{"taxonomy":"product_brand","embeddable":true,"href":"https:\/\/kutluyayinevi.com\/magaza\/wp-json\/wp\/v2\/product_brand?post=23997"},{"taxonomy":"product_cat","embeddable":true,"href":"https:\/\/kutluyayinevi.com\/magaza\/wp-json\/wp\/v2\/product_cat?post=23997"},{"taxonomy":"product_tag","embeddable":true,"href":"https:\/\/kutluyayinevi.com\/magaza\/wp-json\/wp\/v2\/product_tag?post=23997"}],"curies":[{"name":"wp","href":"https:\/\/api.w.org\/{rel}","templated":true}]}}