{"id":23999,"date":"2025-09-25T19:31:58","date_gmt":"2025-09-25T16:31:58","guid":{"rendered":"https:\/\/kutluyayinevi.com\/magaza\/?post_type=product&#038;p=23999"},"modified":"2026-02-23T10:44:11","modified_gmt":"2026-02-23T07:44:11","slug":"ulu-bozkirin-yasam-felsefesi-tengriyanizm-caglar-erbek","status":"publish","type":"product","link":"https:\/\/kutluyayinevi.com\/magaza\/urun\/ulu-bozkirin-yasam-felsefesi-tengriyanizm-caglar-erbek\/","title":{"rendered":"Ulu Bozk\u0131r\u0131n Ya\u015fam Felsefesi Tengriyanizm &#8211; \u00c7a\u011flar Erbek"},"content":{"rendered":"<div class=\"css-6r4eac\">\n<div class=\"ak-renderer-document\">\n<p data-renderer-start-pos=\"1\">Bu eser, Orta Asya\u2019n\u0131n kadim bozk\u0131rlar\u0131nda do\u011fan Tengri inanc\u0131n\u0131 yaln\u0131zca bir din olarak de\u011fil, insan\u0131n do\u011fa, toplum ve evrenle kurdu\u011fu derin felsefi ba\u011f\u0131n kayna\u011f\u0131 olarak ele al\u0131yor. Arkeolojik bulgular, mitolojik anlat\u0131lar ve tarihsel belgeler \u0131\u015f\u0131\u011f\u0131nda Tengriyanizm\u2019in k\u00f6kenlerini titizlikle incelerken, bu inanc\u0131n g\u00f6\u00e7ebe ya\u015famla i\u00e7 i\u00e7e geli\u015fen toplumsal ve k\u00fclt\u00fcrel d\u00fczenini g\u00f6zler \u00f6n\u00fcne seriyor.<\/p>\n<p data-renderer-start-pos=\"401\">Modern d\u00fcnyada kimlik, \u00e7evre ve maneviyat tart\u0131\u015fmalar\u0131na yeni bir perspektif sunan bu kapsaml\u0131 \u00e7al\u0131\u015fma, akademik ara\u015ft\u0131rmac\u0131lardan k\u00fclt\u00fcr tarihine ilgi duyan merakl\u0131 okuyuculara kadar geni\u015f bir kitleye hitap ediyor. Tengriyanizm\u2019i, ge\u00e7mi\u015fin izlerini gelece\u011fin sorular\u0131yla bulu\u015fturan bu eser; d\u00fc\u015f\u00fcnsel, tarihsel ve k\u00fclt\u00fcrel bir yolculu\u011fa davet ediyor.<\/p>\n<\/div>\n<\/div>\n","protected":false},"excerpt":{"rendered":"<p>Bu eser, Orta Asya\u2019n\u0131n kadim bozk\u0131rlar\u0131nda do\u011fan Tengri inanc\u0131n\u0131 yaln\u0131zca bir din olarak de\u011fil, insan\u0131n do\u011fa, toplum ve evrenle kurdu\u011fu derin felsefi ba\u011f\u0131n kayna\u011f\u0131 olarak ele al\u0131yor. Arkeolojik bulgular, mitolojik anlat\u0131lar ve tarihsel belgeler \u0131\u015f\u0131\u011f\u0131nda Tengriyanizm\u2019in k\u00f6kenlerini titizlikle incelerken, bu inanc\u0131n g\u00f6\u00e7ebe ya\u015famla i\u00e7 i\u00e7e geli\u015fen toplumsal ve k\u00fclt\u00fcrel d\u00fczenini g\u00f6zler \u00f6n\u00fcne seriyor. Modern d\u00fcnyada [&hellip;]<\/p>\n","protected":false},"featured_media":24000,"comment_status":"closed","ping_status":"closed","template":"","meta":[],"product_brand":[],"product_cat":[28],"product_tag":[],"class_list":{"0":"post-23999","1":"product","2":"type-product","3":"status-publish","4":"has-post-thumbnail","6":"product_cat-aratirma-inceleme","8":"first","9":"instock","10":"sale","11":"shipping-taxable","12":"purchasable","13":"product-type-simple"},"_links":{"self":[{"href":"https:\/\/kutluyayinevi.com\/magaza\/wp-json\/wp\/v2\/product\/23999","targetHints":{"allow":["GET"]}}],"collection":[{"href":"https:\/\/kutluyayinevi.com\/magaza\/wp-json\/wp\/v2\/product"}],"about":[{"href":"https:\/\/kutluyayinevi.com\/magaza\/wp-json\/wp\/v2\/types\/product"}],"replies":[{"embeddable":true,"href":"https:\/\/kutluyayinevi.com\/magaza\/wp-json\/wp\/v2\/comments?post=23999"}],"wp:featuredmedia":[{"embeddable":true,"href":"https:\/\/kutluyayinevi.com\/magaza\/wp-json\/wp\/v2\/media\/24000"}],"wp:attachment":[{"href":"https:\/\/kutluyayinevi.com\/magaza\/wp-json\/wp\/v2\/media?parent=23999"}],"wp:term":[{"taxonomy":"product_brand","embeddable":true,"href":"https:\/\/kutluyayinevi.com\/magaza\/wp-json\/wp\/v2\/product_brand?post=23999"},{"taxonomy":"product_cat","embeddable":true,"href":"https:\/\/kutluyayinevi.com\/magaza\/wp-json\/wp\/v2\/product_cat?post=23999"},{"taxonomy":"product_tag","embeddable":true,"href":"https:\/\/kutluyayinevi.com\/magaza\/wp-json\/wp\/v2\/product_tag?post=23999"}],"curies":[{"name":"wp","href":"https:\/\/api.w.org\/{rel}","templated":true}]}}