{"id":24001,"date":"2025-09-25T19:33:56","date_gmt":"2025-09-25T16:33:56","guid":{"rendered":"https:\/\/kutluyayinevi.com\/magaza\/?post_type=product&#038;p=24001"},"modified":"2026-02-23T11:13:41","modified_gmt":"2026-02-23T08:13:41","slug":"yarim-kalan-sevda-caglar-erbek","status":"publish","type":"product","link":"https:\/\/kutluyayinevi.com\/magaza\/urun\/yarim-kalan-sevda-caglar-erbek\/","title":{"rendered":"Yar\u0131m Kalan Sevda &#8211; \u00c7a\u011flar Erbek"},"content":{"rendered":"<div class=\"css-6r4eac\">\n<div class=\"ak-renderer-document\">\n<p data-renderer-start-pos=\"1\">\u201cYar\u0131m Kalan Sevda\u201d, kalbin en k\u0131r\u0131lgan yerinde sakl\u0131 kalan umutlar\u0131, yar\u0131m kalm\u0131\u015f hayalleri ve yeniden do\u011fan duygular\u0131 i\u015fleyen bir roman. Hayat\u0131n beklenmedik d\u00f6neme\u00e7lerinde sevgi ile ayr\u0131l\u0131\u011f\u0131n, mutluluk ile h\u00fczn\u00fcn nas\u0131l i\u00e7 i\u00e7e ge\u00e7ti\u011fini, insan ruhunun en derin katmanlar\u0131na dokunarak aktar\u0131yor.<\/p>\n<p data-renderer-start-pos=\"298\">Samimi dili ve g\u00fc\u00e7l\u00fc anlat\u0131m\u0131yla her okuyucunun kendi hayat\u0131ndan izler bulaca\u011f\u0131 bu eser, kalbin hi\u00e7 unutamad\u0131\u011f\u0131 yar\u0131m kalm\u0131\u015f sevdalar\u0131n asl\u0131nda h\u00e2l\u00e2 ya\u015fad\u0131\u011f\u0131n\u0131 hat\u0131rlat\u0131yor. Bu roman, ge\u00e7mi\u015fin ac\u0131lar\u0131na ra\u011fmen gelece\u011fe dair yeni \u0131\u015f\u0131klar arayanlara yaz\u0131lm\u0131\u015f i\u00e7ten bir mektup gibidir.<\/p>\n<\/div>\n<\/div>\n","protected":false},"excerpt":{"rendered":"<p>\u201cYar\u0131m Kalan Sevda\u201d, kalbin en k\u0131r\u0131lgan yerinde sakl\u0131 kalan umutlar\u0131, yar\u0131m kalm\u0131\u015f hayalleri ve yeniden do\u011fan duygular\u0131 i\u015fleyen bir roman. Hayat\u0131n beklenmedik d\u00f6neme\u00e7lerinde sevgi ile ayr\u0131l\u0131\u011f\u0131n, mutluluk ile h\u00fczn\u00fcn nas\u0131l i\u00e7 i\u00e7e ge\u00e7ti\u011fini, insan ruhunun en derin katmanlar\u0131na dokunarak aktar\u0131yor. Samimi dili ve g\u00fc\u00e7l\u00fc anlat\u0131m\u0131yla her okuyucunun kendi hayat\u0131ndan izler bulaca\u011f\u0131 bu eser, kalbin hi\u00e7 [&hellip;]<\/p>\n","protected":false},"featured_media":24002,"comment_status":"closed","ping_status":"closed","template":"","meta":[],"product_brand":[],"product_cat":[23],"product_tag":[],"class_list":{"0":"post-24001","1":"product","2":"type-product","3":"status-publish","4":"has-post-thumbnail","6":"product_cat-hikaye","8":"first","9":"instock","10":"sale","11":"shipping-taxable","12":"purchasable","13":"product-type-simple"},"_links":{"self":[{"href":"https:\/\/kutluyayinevi.com\/magaza\/wp-json\/wp\/v2\/product\/24001","targetHints":{"allow":["GET"]}}],"collection":[{"href":"https:\/\/kutluyayinevi.com\/magaza\/wp-json\/wp\/v2\/product"}],"about":[{"href":"https:\/\/kutluyayinevi.com\/magaza\/wp-json\/wp\/v2\/types\/product"}],"replies":[{"embeddable":true,"href":"https:\/\/kutluyayinevi.com\/magaza\/wp-json\/wp\/v2\/comments?post=24001"}],"wp:featuredmedia":[{"embeddable":true,"href":"https:\/\/kutluyayinevi.com\/magaza\/wp-json\/wp\/v2\/media\/24002"}],"wp:attachment":[{"href":"https:\/\/kutluyayinevi.com\/magaza\/wp-json\/wp\/v2\/media?parent=24001"}],"wp:term":[{"taxonomy":"product_brand","embeddable":true,"href":"https:\/\/kutluyayinevi.com\/magaza\/wp-json\/wp\/v2\/product_brand?post=24001"},{"taxonomy":"product_cat","embeddable":true,"href":"https:\/\/kutluyayinevi.com\/magaza\/wp-json\/wp\/v2\/product_cat?post=24001"},{"taxonomy":"product_tag","embeddable":true,"href":"https:\/\/kutluyayinevi.com\/magaza\/wp-json\/wp\/v2\/product_tag?post=24001"}],"curies":[{"name":"wp","href":"https:\/\/api.w.org\/{rel}","templated":true}]}}