{"id":24007,"date":"2025-10-03T19:11:28","date_gmt":"2025-10-03T16:11:28","guid":{"rendered":"https:\/\/kutluyayinevi.com\/magaza\/?post_type=product&#038;p=24007"},"modified":"2025-10-03T19:13:23","modified_gmt":"2025-10-03T16:13:23","slug":"turkiye-genelinde-iller-itibari-ile-geleneksel-evler-akile-gurkan-taner","status":"publish","type":"product","link":"https:\/\/kutluyayinevi.com\/magaza\/urun\/turkiye-genelinde-iller-itibari-ile-geleneksel-evler-akile-gurkan-taner\/","title":{"rendered":"T\u00fcrkiye Genelinde \u0130ller \u0130tibari ile Geleneksel Evler &#8211; Akile G\u00fcrkan Taner"},"content":{"rendered":"<div class=\"css-6r4eac\">\n<div class=\"ak-renderer-document\">\n<p data-renderer-start-pos=\"1\">Geleneksel T\u00fcrk evleri, yaln\u0131zca birer bar\u0131nak de\u011fil; ge\u00e7mi\u015ften bug\u00fcne ta\u015f\u0131nan ya\u015fam bi\u00e7imlerinin, estetik anlay\u0131\u015f\u0131n ve k\u00fclt\u00fcrel zenginli\u011fin canl\u0131 tan\u0131klar\u0131d\u0131r. Bu kitap, Anadolu\u2019nun farkl\u0131 b\u00f6lgelerinde k\u00f6k salm\u0131\u015f evlerin mimari \u00f6zelliklerini, yap\u0131m tekniklerini ve onlar\u0131 benzersiz k\u0131lan k\u00fclt\u00fcrel dokuyu g\u00f6zler \u00f6n\u00fcne seriyor.<\/p>\n<p data-renderer-start-pos=\"329\">Bug\u00fcn\u00fcn h\u0131zl\u0131 de\u011fi\u015fen d\u00fcnyas\u0131nda, kaybolmaya y\u00fcz tutmu\u015f de\u011ferlerimizi yeniden ke\u015ffetmek isteyen okurlar i\u00e7in bir davet niteli\u011fi ta\u015f\u0131yan bu eser; ta\u015f\u0131n, ah\u015fab\u0131n ve topra\u011f\u0131n insanla kurdu\u011fu kadim ili\u015fkiyi anlamak isteyen herkese hitap ediyor. Gelenekten gelece\u011fe uzanan bir yolculu\u011fa \u00e7\u0131kmaya haz\u0131r m\u0131s\u0131n\u0131z?<\/p>\n<\/div>\n<\/div>\n","protected":false},"excerpt":{"rendered":"<p>Geleneksel T\u00fcrk evleri, yaln\u0131zca birer bar\u0131nak de\u011fil; ge\u00e7mi\u015ften bug\u00fcne ta\u015f\u0131nan ya\u015fam bi\u00e7imlerinin, estetik anlay\u0131\u015f\u0131n ve k\u00fclt\u00fcrel zenginli\u011fin canl\u0131 tan\u0131klar\u0131d\u0131r. Bu kitap, Anadolu\u2019nun farkl\u0131 b\u00f6lgelerinde k\u00f6k salm\u0131\u015f evlerin mimari \u00f6zelliklerini, yap\u0131m tekniklerini ve onlar\u0131 benzersiz k\u0131lan k\u00fclt\u00fcrel dokuyu g\u00f6zler \u00f6n\u00fcne seriyor. Bug\u00fcn\u00fcn h\u0131zl\u0131 de\u011fi\u015fen d\u00fcnyas\u0131nda, kaybolmaya y\u00fcz tutmu\u015f de\u011ferlerimizi yeniden ke\u015ffetmek isteyen okurlar i\u00e7in bir davet [&hellip;]<\/p>\n","protected":false},"featured_media":24009,"comment_status":"closed","ping_status":"closed","template":"","meta":[],"product_brand":[],"product_cat":[28],"product_tag":[],"class_list":{"0":"post-24007","1":"product","2":"type-product","3":"status-publish","4":"has-post-thumbnail","6":"product_cat-aratirma-inceleme","8":"first","9":"instock","10":"sale","11":"shipping-taxable","12":"purchasable","13":"product-type-simple"},"_links":{"self":[{"href":"https:\/\/kutluyayinevi.com\/magaza\/wp-json\/wp\/v2\/product\/24007","targetHints":{"allow":["GET"]}}],"collection":[{"href":"https:\/\/kutluyayinevi.com\/magaza\/wp-json\/wp\/v2\/product"}],"about":[{"href":"https:\/\/kutluyayinevi.com\/magaza\/wp-json\/wp\/v2\/types\/product"}],"replies":[{"embeddable":true,"href":"https:\/\/kutluyayinevi.com\/magaza\/wp-json\/wp\/v2\/comments?post=24007"}],"wp:featuredmedia":[{"embeddable":true,"href":"https:\/\/kutluyayinevi.com\/magaza\/wp-json\/wp\/v2\/media\/24009"}],"wp:attachment":[{"href":"https:\/\/kutluyayinevi.com\/magaza\/wp-json\/wp\/v2\/media?parent=24007"}],"wp:term":[{"taxonomy":"product_brand","embeddable":true,"href":"https:\/\/kutluyayinevi.com\/magaza\/wp-json\/wp\/v2\/product_brand?post=24007"},{"taxonomy":"product_cat","embeddable":true,"href":"https:\/\/kutluyayinevi.com\/magaza\/wp-json\/wp\/v2\/product_cat?post=24007"},{"taxonomy":"product_tag","embeddable":true,"href":"https:\/\/kutluyayinevi.com\/magaza\/wp-json\/wp\/v2\/product_tag?post=24007"}],"curies":[{"name":"wp","href":"https:\/\/api.w.org\/{rel}","templated":true}]}}