{"id":24017,"date":"2025-10-10T18:23:37","date_gmt":"2025-10-10T15:23:37","guid":{"rendered":"https:\/\/kutluyayinevi.com\/magaza\/?post_type=product&#038;p=24017"},"modified":"2026-02-23T10:08:26","modified_gmt":"2026-02-23T07:08:26","slug":"sair-argosu-fatih-kara","status":"publish","type":"product","link":"https:\/\/kutluyayinevi.com\/magaza\/urun\/sair-argosu-fatih-kara\/","title":{"rendered":"\u015eair Argosu &#8211; Fatih Kara"},"content":{"rendered":"<p>\u201cAlt\u0131nla kehribar,<br \/>\nYaln\u0131z benim bildiklerimle \u0131\u015f\u0131r bu as\u0131r<br \/>\n\u00c7ok eski masallar\u0131n, \u00e7ok eski asl\u0131 vard\u0131r.\u201d<\/p>\n<p>\u201c\u00dc\u00e7 g\u00fcnah dedim neden dedim bilmiyorum<br \/>\nHer \u0131sl\u0131\u011f\u0131mda k\u00fc\u00e7\u00fcld\u00fcm millet kar\u015f\u0131s\u0131nda<br \/>\nBu \u015fiir \u00e7\u0131k\u0131ndan \u00e7\u0131kmayacak biliyorum\u201d<\/p>\n<p>\u201cBizler ki sizlerin \u00d6tekisi<br \/>\nG\u00fcler y\u00fczl\u00fc a\u015fk\u0131n gerillas\u0131<br \/>\nDizginsiz h\u00fcrriyet s\u00fcvarisi<br \/>\nKibirli nergislerin hasm\u0131\u201d<\/p>\n<p>Bu kitap yaz\u0131lmas\u0131 gerekti\u011fi i\u00e7in yaz\u0131lm\u0131\u015f,<br \/>\nbu \u015fiirler s\u00f6ylenmesi gerekti\u011fi i\u00e7in s\u00f6ylenmi\u015ftir.<\/p>\n","protected":false},"excerpt":{"rendered":"<p>\u201cAlt\u0131nla kehribar, Yaln\u0131z benim bildiklerimle \u0131\u015f\u0131r bu as\u0131r \u00c7ok eski masallar\u0131n, \u00e7ok eski asl\u0131 vard\u0131r.\u201d \u201c\u00dc\u00e7 g\u00fcnah dedim neden dedim bilmiyorum Her \u0131sl\u0131\u011f\u0131mda k\u00fc\u00e7\u00fcld\u00fcm millet kar\u015f\u0131s\u0131nda Bu \u015fiir \u00e7\u0131k\u0131ndan \u00e7\u0131kmayacak biliyorum\u201d \u201cBizler ki sizlerin \u00d6tekisi G\u00fcler y\u00fczl\u00fc a\u015fk\u0131n gerillas\u0131 Dizginsiz h\u00fcrriyet s\u00fcvarisi Kibirli nergislerin hasm\u0131\u201d Bu kitap yaz\u0131lmas\u0131 gerekti\u011fi i\u00e7in yaz\u0131lm\u0131\u015f, bu \u015fiirler s\u00f6ylenmesi gerekti\u011fi [&hellip;]<\/p>\n","protected":false},"featured_media":24018,"comment_status":"closed","ping_status":"closed","template":"","meta":[],"product_brand":[],"product_cat":[22],"product_tag":[],"class_list":{"0":"post-24017","1":"product","2":"type-product","3":"status-publish","4":"has-post-thumbnail","6":"product_cat-siir","8":"first","9":"instock","10":"sale","11":"shipping-taxable","12":"purchasable","13":"product-type-simple"},"_links":{"self":[{"href":"https:\/\/kutluyayinevi.com\/magaza\/wp-json\/wp\/v2\/product\/24017","targetHints":{"allow":["GET"]}}],"collection":[{"href":"https:\/\/kutluyayinevi.com\/magaza\/wp-json\/wp\/v2\/product"}],"about":[{"href":"https:\/\/kutluyayinevi.com\/magaza\/wp-json\/wp\/v2\/types\/product"}],"replies":[{"embeddable":true,"href":"https:\/\/kutluyayinevi.com\/magaza\/wp-json\/wp\/v2\/comments?post=24017"}],"wp:featuredmedia":[{"embeddable":true,"href":"https:\/\/kutluyayinevi.com\/magaza\/wp-json\/wp\/v2\/media\/24018"}],"wp:attachment":[{"href":"https:\/\/kutluyayinevi.com\/magaza\/wp-json\/wp\/v2\/media?parent=24017"}],"wp:term":[{"taxonomy":"product_brand","embeddable":true,"href":"https:\/\/kutluyayinevi.com\/magaza\/wp-json\/wp\/v2\/product_brand?post=24017"},{"taxonomy":"product_cat","embeddable":true,"href":"https:\/\/kutluyayinevi.com\/magaza\/wp-json\/wp\/v2\/product_cat?post=24017"},{"taxonomy":"product_tag","embeddable":true,"href":"https:\/\/kutluyayinevi.com\/magaza\/wp-json\/wp\/v2\/product_tag?post=24017"}],"curies":[{"name":"wp","href":"https:\/\/api.w.org\/{rel}","templated":true}]}}